{"id":4539,"date":"2025-10-29T15:01:08","date_gmt":"2025-10-29T14:01:08","guid":{"rendered":"https:\/\/www.rcaaq.ca\/nos-services-communautaires\/"},"modified":"2025-11-07T16:47:38","modified_gmt":"2025-11-07T15:47:38","slug":"our-community-services","status":"publish","type":"page","link":"https:\/\/www.rcaaq.ca\/en\/our-community-services\/","title":{"rendered":"Our community services"},"content":{"rendered":"<div class=\"item wysiwyg component-heading\"  ><div class=\"container-small\">\n<h3 class=\"wp-block-heading\">Services adapted to Indigenous realities<\/h3>\n<\/div><\/div>\n\n<div class=\"item wysiwyg component-paragraph\"  ><div class=\"container-small\">\n<p>Offered in partnership with Native Friendship Centres, a&nbsp;<strong>range of services and activities <\/strong>meet residents\u2019 varied needs in ways that are sensitive and respectful of Indigenous cultural realities.<\/p>\n<\/div><\/div>\n\n<div class=\"item wysiwyg component-heading\"  ><div class=\"container-small\">\n<h5 class=\"wp-block-heading\">Action areas of the community living environments<\/h5>\n<\/div><\/div>\n\n<div class=\"item wysiwyg component-list\"  ><div class=\"container-small\">\n<ul class=\"wp-block-list\">\n<li>Community activities and resident involvement<\/li>\n\n\n\n<li>Health, wellness and life balance<\/li>\n\n\n\n<li>Academic success and educational support<\/li>\n\n\n\n<li>Support to families in their daily routines<\/li>\n\n\n\n<li>Justice and advocacy<\/li>\n\n\n\n<li>Mobilization of local partners<\/li>\n<\/ul>\n<\/div><\/div>\n\n\t<div \n\t\tclass=\"item item--medium component-block-reversible-image-text gradient-background\"\n\t\t\t\tstyle=\"--background-image: url(https:\/\/www.rcaaq.ca\/wp-content\/themes\/ixtheme\/assets\/images\/bg-conifer.webp); --background-image-observatory: url(https:\/\/www.rcaaq.ca\/wp-content\/themes\/ixtheme\/assets\/images\/observatory\/bg-conifer.webp);\"\n\t>\n\t\t<div class=\"container-small\">\n\t\t\t<div class=\"block-reversible-image-text \">\n\t\t\t\t<div class=\"block-reversible-image-text__image\">\n\t\t\t\t\t<img loading=\"lazy\" decoding=\"async\" width=\"1000\" height=\"1294\" src=\"https:\/\/www.rcaaq.ca\/wp-content\/uploads\/2025\/11\/Visuel_milieu_de_vie_raquette_gouvernance-1000x1294.png\" class=\"attachment-mw_1000 size-mw_1000\" alt=\"Illustration en forme de raquette repr\u00e9sentant le mod\u00e8le de gouvernance dans les milieux de vie, int\u00e9grant les besoins et la culture autochtone.\" srcset=\"https:\/\/www.rcaaq.ca\/wp-content\/uploads\/2025\/11\/Visuel_milieu_de_vie_raquette_gouvernance-1000x1294.png 1000w, https:\/\/www.rcaaq.ca\/wp-content\/uploads\/2025\/11\/Visuel_milieu_de_vie_raquette_gouvernance-232x300.png 232w, https:\/\/www.rcaaq.ca\/wp-content\/uploads\/2025\/11\/Visuel_milieu_de_vie_raquette_gouvernance-791x1024.png 791w, https:\/\/www.rcaaq.ca\/wp-content\/uploads\/2025\/11\/Visuel_milieu_de_vie_raquette_gouvernance-768x994.png 768w, https:\/\/www.rcaaq.ca\/wp-content\/uploads\/2025\/11\/Visuel_milieu_de_vie_raquette_gouvernance-1187x1536.png 1187w, https:\/\/www.rcaaq.ca\/wp-content\/uploads\/2025\/11\/Visuel_milieu_de_vie_raquette_gouvernance-800x1035.png 800w, https:\/\/www.rcaaq.ca\/wp-content\/uploads\/2025\/11\/Visuel_milieu_de_vie_raquette_gouvernance-173x224.png 173w, https:\/\/www.rcaaq.ca\/wp-content\/uploads\/2025\/11\/Visuel_milieu_de_vie_raquette_gouvernance-223x288.png 223w, https:\/\/www.rcaaq.ca\/wp-content\/uploads\/2025\/11\/Visuel_milieu_de_vie_raquette_gouvernance-532x688.png 532w, https:\/\/www.rcaaq.ca\/wp-content\/uploads\/2025\/11\/Visuel_milieu_de_vie_raquette_gouvernance-297x384.png 297w, https:\/\/www.rcaaq.ca\/wp-content\/uploads\/2025\/11\/Visuel_milieu_de_vie_raquette_gouvernance-608x787.png 608w, https:\/\/www.rcaaq.ca\/wp-content\/uploads\/2025\/11\/Visuel_milieu_de_vie_raquette_gouvernance-471x610.png 471w, https:\/\/www.rcaaq.ca\/wp-content\/uploads\/2025\/11\/Visuel_milieu_de_vie_raquette_gouvernance-242x313.png 242w, https:\/\/www.rcaaq.ca\/wp-content\/uploads\/2025\/11\/Visuel_milieu_de_vie_raquette_gouvernance-240x310.png 240w, https:\/\/www.rcaaq.ca\/wp-content\/uploads\/2025\/11\/Visuel_milieu_de_vie_raquette_gouvernance.png 1275w\" sizes=\"auto, (max-width: 1000px) 100vw, 1000px\" \/>\n\t\t\t\t<\/div>\n\t\t\t\t<div class=\"block-reversible-image-text__content\">\n\t\t\t\t\t<div class=\"wysiwyg\">\n\t\t\t\t\t\t<h3>An approach focused on wellness<\/h3>\n<p>The staff attending to our community living environments draw on both professional expertise and cultural knowledge. A strength, this complementarity is reflected in all our actions to support residents in maintaining their health, wellness and life balance.<\/p>\n<p>What makes these living environments vibrant and ensures their longevity is the collective governance that guides them. Everyone is called upon to contribute to decision-making and community life. <strong>This involvement is central to how we work<\/strong>, and it\u2019s this participation that builds a living environment where everyone feels recognized, useful and valued.<\/p>\n<p>When our steps fall in sync and we choose the destination together, our wellness becomes a shared journey.<\/p>\n\n\t\t\t\t\t<\/div>\n\t\t\t\t\t<div class=\"button-group\">\n\t\t\t\t\t\t\t\t\t\t\t<\/div>\n\t\t\t\t<\/div>\n\t\t\t<\/div>\n\t\t<\/div>\n\t<\/div>\n\n\n<div class=\"item wysiwyg component-heading\"  ><div class=\"container-small\">\n<h3 class=\"wp-block-heading\">Concerted action for a committed community<\/h3>\n<\/div><\/div>\n\n<div class=\"item wysiwyg component-paragraph\"  ><div class=\"container-small\">\n<p>The RCAAQ supports a renters\u2019 committee made up of residents who want to be actively involved in planning meaningful activities and projects for the living environment. The committee plays a key role in decision-making and mobilizing the community.<\/p>\n<\/div><\/div>\n\n<div class=\"item wysiwyg component-paragraph\"  ><div class=\"container-small\">\n<p>It strengthens residents\u2019<\/p>\n<\/div><\/div>\n\n<div class=\"item wysiwyg component-list\"  ><div class=\"container-small\">\n<ul class=\"wp-block-list\">\n<li>empowerment,<\/li>\n\n\n\n<li>sense of community belonging, and<\/li>\n\n\n\n<li>knowledge and skills, via meaningful projects.<\/li>\n<\/ul>\n<\/div><\/div>\n\n<div class=\"item wysiwyg component-paragraph\"  ><div class=\"container-small\">\n<p>The committee is an essential lever for bringing participatory governance to life and making Indigenous voices heard in daily routines.<\/p>\n<\/div><\/div>\n\n<div class=\"item wysiwyg component-paragraph\"  ><div class=\"container-small\">\n<p>The committee is an essential lever for bringing participatory governance to life and making Indigenous voices heard in daily routines.<\/p>\n<\/div><\/div>\n\n\t<div class=\"item item--small component-gallery\" >\n\t\t<div class=\"container\">\n\t\t\t<div class=\"block-gallery\">\n\t\t\t\t<img decoding=\"async\" class=\"block-gallery__first-image\" src=\"https:\/\/www.rcaaq.ca\/wp-content\/uploads\/2025\/10\/Mere-autochtone-enfant-milieu-de-vie-waska-scaled-e1761746632808.jpg\" alt=\"M\u00e8re autochtone interagissant avec son enfant assis dans une balan\u00e7oire pour tout-petits dans un parc avec modules de jeux.\">\n\t\t\t\t<img decoding=\"async\" class=\"block-gallery__second-image\" src=\"https:\/\/www.rcaaq.ca\/wp-content\/uploads\/2025\/10\/mere-enfant-autochtone-milieu-de-vie.jpg\" alt=\"Jeune m\u00e8re assise sur un tronc d\u2019arbre avec son enfant dans un environnement forestier, portant une jupe autochtone \u00e0 rubans.\">\n\t\t\t\t<img decoding=\"async\" class=\"block-gallery__third-image\" src=\"https:\/\/www.rcaaq.ca\/wp-content\/uploads\/2025\/10\/mere-bebe-jeu-milieu-de-vie.jpg\" alt=\"Personne marchant main dans la main avec un b\u00e9b\u00e9 sur une pelouse devant des b\u00e2timents r\u00e9sidentiels et une aire de jeux dans un milieu de vie de la SIRCAAQ.\">\n\t\t\t\t<img decoding=\"async\" class=\"block-gallery__fourth-image\" src=\"https:\/\/www.rcaaq.ca\/wp-content\/uploads\/2025\/10\/facade-exterieure-milieu-vie-nutshimit.jpg\" alt=\"Fa\u00e7ade ext\u00e9rieure d'un milieu de vie de la SIRCAAQ.\">\n\t\t\t<\/div>\n\t\t<\/div>\n\t<\/div>\n","protected":false},"excerpt":{"rendered":"Services adapted to Indigenous realities Offered in partnership with Native Friendship Centres, a&nbsp;range of services and activities meet residents\u2019 varied needs in ways that are sensitive and respectful of Indigenous cultural realities. Action areas of the community living environments Concerted action for a committed community The RCAAQ supports a renters\u2019 committee made up of residents [&hellip;]","protected":false},"author":3,"featured_media":0,"parent":0,"menu_order":0,"comment_status":"closed","ping_status":"closed","template":"","meta":{"_acf_changed":false,"footnotes":""},"class_list":["post-4539","page","type-page","status-publish","hentry"],"acf":[],"yoast_head":"<!-- This site is optimized with the Yoast SEO plugin v25.6 - https:\/\/yoast.com\/wordpress\/plugins\/seo\/ -->\n<title>Our community services - rcaaq<\/title>\n<meta name=\"robots\" content=\"index, follow, max-snippet:-1, max-image-preview:large, max-video-preview:-1\" \/>\n<link rel=\"canonical\" href=\"https:\/\/www.rcaaq.ca\/en\/our-community-services\/\" \/>\n<meta property=\"og:locale\" content=\"en_US\" \/>\n<meta property=\"og:type\" content=\"article\" \/>\n<meta property=\"og:title\" content=\"Our community services - rcaaq\" \/>\n<meta property=\"og:description\" content=\"Services adapted to Indigenous realities Offered in partnership with Native Friendship Centres, a&nbsp;range of services and activities meet residents\u2019 varied needs in ways that are sensitive and respectful of Indigenous cultural realities. Action areas of the community living environments Concerted action for a committed community The RCAAQ supports a renters\u2019 committee made up of residents [&hellip;]\" \/>\n<meta property=\"og:url\" content=\"https:\/\/www.rcaaq.ca\/en\/our-community-services\/\" \/>\n<meta property=\"og:site_name\" content=\"rcaaq\" \/>\n<meta property=\"article:modified_time\" content=\"2025-11-07T15:47:38+00:00\" \/>\n<meta property=\"og:image\" content=\"https:\/\/www.rcaaq.ca\/wp-content\/uploads\/2025\/09\/Image_OG_1200x675.png\" \/>\n\t<meta property=\"og:image:width\" content=\"1200\" \/>\n\t<meta property=\"og:image:height\" content=\"675\" \/>\n\t<meta property=\"og:image:type\" content=\"image\/png\" \/>\n<meta name=\"twitter:card\" content=\"summary_large_image\" \/>\n<meta name=\"twitter:label1\" content=\"Est. reading time\" \/>\n\t<meta name=\"twitter:data1\" content=\"1 minute\" \/>\n<script type=\"application\/ld+json\" class=\"yoast-schema-graph\">{\"@context\":\"https:\/\/schema.org\",\"@graph\":[{\"@type\":\"WebPage\",\"@id\":\"https:\/\/www.rcaaq.ca\/en\/our-community-services\/\",\"url\":\"https:\/\/www.rcaaq.ca\/en\/our-community-services\/\",\"name\":\"Our community services - rcaaq\",\"isPartOf\":{\"@id\":\"https:\/\/www.rcaaq.ca\/en\/#website\"},\"datePublished\":\"2025-10-29T14:01:08+00:00\",\"dateModified\":\"2025-11-07T15:47:38+00:00\",\"inLanguage\":\"en-US\",\"potentialAction\":[{\"@type\":\"ReadAction\",\"target\":[\"https:\/\/www.rcaaq.ca\/en\/our-community-services\/\"]}]},{\"@type\":\"WebSite\",\"@id\":\"https:\/\/www.rcaaq.ca\/en\/#website\",\"url\":\"https:\/\/www.rcaaq.ca\/en\/\",\"name\":\"Regroupement des centres d'amiti\u00e9 autochtones du Qu\u00e9bec\",\"description\":\"\",\"alternateName\":\"RCAAQ\",\"potentialAction\":[{\"@type\":\"SearchAction\",\"target\":{\"@type\":\"EntryPoint\",\"urlTemplate\":\"https:\/\/www.rcaaq.ca\/en\/?s={search_term_string}\"},\"query-input\":{\"@type\":\"PropertyValueSpecification\",\"valueRequired\":true,\"valueName\":\"search_term_string\"}}],\"inLanguage\":\"en-US\"}]}<\/script>\n<!-- \/ Yoast SEO plugin. -->","yoast_head_json":{"title":"Our community services - rcaaq","robots":{"index":"index","follow":"follow","max-snippet":"max-snippet:-1","max-image-preview":"max-image-preview:large","max-video-preview":"max-video-preview:-1"},"canonical":"https:\/\/www.rcaaq.ca\/en\/our-community-services\/","og_locale":"en_US","og_type":"article","og_title":"Our community services - rcaaq","og_description":"Services adapted to Indigenous realities Offered in partnership with Native Friendship Centres, a&nbsp;range of services and activities meet residents\u2019 varied needs in ways that are sensitive and respectful of Indigenous cultural realities. Action areas of the community living environments Concerted action for a committed community The RCAAQ supports a renters\u2019 committee made up of residents [&hellip;]","og_url":"https:\/\/www.rcaaq.ca\/en\/our-community-services\/","og_site_name":"rcaaq","article_modified_time":"2025-11-07T15:47:38+00:00","og_image":[{"width":1200,"height":675,"url":"https:\/\/www.rcaaq.ca\/wp-content\/uploads\/2025\/09\/Image_OG_1200x675.png","type":"image\/png"}],"twitter_card":"summary_large_image","twitter_misc":{"Est. reading time":"1 minute"},"schema":{"@context":"https:\/\/schema.org","@graph":[{"@type":"WebPage","@id":"https:\/\/www.rcaaq.ca\/en\/our-community-services\/","url":"https:\/\/www.rcaaq.ca\/en\/our-community-services\/","name":"Our community services - rcaaq","isPartOf":{"@id":"https:\/\/www.rcaaq.ca\/en\/#website"},"datePublished":"2025-10-29T14:01:08+00:00","dateModified":"2025-11-07T15:47:38+00:00","inLanguage":"en-US","potentialAction":[{"@type":"ReadAction","target":["https:\/\/www.rcaaq.ca\/en\/our-community-services\/"]}]},{"@type":"WebSite","@id":"https:\/\/www.rcaaq.ca\/en\/#website","url":"https:\/\/www.rcaaq.ca\/en\/","name":"Regroupement des centres d'amiti\u00e9 autochtones du Qu\u00e9bec","description":"","alternateName":"RCAAQ","potentialAction":[{"@type":"SearchAction","target":{"@type":"EntryPoint","urlTemplate":"https:\/\/www.rcaaq.ca\/en\/?s={search_term_string}"},"query-input":{"@type":"PropertyValueSpecification","valueRequired":true,"valueName":"search_term_string"}}],"inLanguage":"en-US"}]}},"_links":{"self":[{"href":"https:\/\/www.rcaaq.ca\/en\/wp-json\/wp\/v2\/pages\/4539","targetHints":{"allow":["GET"]}}],"collection":[{"href":"https:\/\/www.rcaaq.ca\/en\/wp-json\/wp\/v2\/pages"}],"about":[{"href":"https:\/\/www.rcaaq.ca\/en\/wp-json\/wp\/v2\/types\/page"}],"author":[{"embeddable":true,"href":"https:\/\/www.rcaaq.ca\/en\/wp-json\/wp\/v2\/users\/3"}],"replies":[{"embeddable":true,"href":"https:\/\/www.rcaaq.ca\/en\/wp-json\/wp\/v2\/comments?post=4539"}],"version-history":[{"count":38,"href":"https:\/\/www.rcaaq.ca\/en\/wp-json\/wp\/v2\/pages\/4539\/revisions"}],"predecessor-version":[{"id":4870,"href":"https:\/\/www.rcaaq.ca\/en\/wp-json\/wp\/v2\/pages\/4539\/revisions\/4870"}],"wp:attachment":[{"href":"https:\/\/www.rcaaq.ca\/en\/wp-json\/wp\/v2\/media?parent=4539"}],"curies":[{"name":"wp","href":"https:\/\/api.w.org\/{rel}","templated":true}]}}