{"id":4451,"date":"2025-10-29T01:32:00","date_gmt":"2025-10-29T00:32:00","guid":{"rendered":"https:\/\/www.rcaaq.ca\/?page_id=4451"},"modified":"2025-11-07T15:38:13","modified_gmt":"2025-11-07T14:38:13","slug":"our-approach","status":"publish","type":"page","link":"https:\/\/www.rcaaq.ca\/en\/our-approach\/","title":{"rendered":"Our approach"},"content":{"rendered":"\t<div class=\"item item--medium component-block-content-with-icons\" id=\"orientations\">\n\t\t<div class=\"container\">\n\t\t\t<div class=\"block-content-with-icons\">\n\t\t\t\t\t\t\t\t\t<div class=\"block-content-with-icons__heading\">\n\t\t\t\t\t\t\t\t\t\t\t\t\t<h2 class=\"h2\">Our focus areas<\/h2>\n\t\t\t\t\t\t\n\t\t\t\t\t\t\t\t\t\t\t\t\t<div class=\"wysiwyg\">\n\t\t\t\t\t\t\t\t<p>We focus on four major areas of action.<\/p>\n<p>&nbsp;<\/p>\n\n\t\t\t\t\t\t\t<\/div>\n\t\t\t\t\t\t\t\t\t\t\t<\/div>\n\t\t\t\t\n\t\t\t\t<div class=\"block-content-with-icons__content\">\n\t\t\t\t\t\t\t\t\t\t\t<div class=\"block-content-with-icons__card\">\n\t\t\t\t\t\t\t<img loading=\"lazy\" decoding=\"async\" width=\"112\" height=\"112\" src=\"https:\/\/www.rcaaq.ca\/wp-content\/uploads\/2025\/08\/media.png\" class=\"attachment-block_content_icon size-block_content_icon\" alt=\"Icone de deux mains qui se serrent\" \/>\n\t\t\t\t\t\t\t<div class=\"block-content-with-icons__card__content\">\n\t\t\t\t\t\t\t\t<p class=\"h4\">Supporting<\/p>\n\t\t\t\t\t\t\t\t\t\t\t\t\t\t\t\t\t<div class=\"wysiwyg\">\n\t\t\t\t\t\t\t\t\t\t<p>the development and roll-out of frontline programs and services tailored to urban Indigenous populations<\/p>\n\n\t\t\t\t\t\t\t\t\t<\/div>\n\t\t\t\t\t\t\t\t\t\t\t\t\t\t\t<\/div>\n\t\t\t\t\t\t<\/div>\n\t\t\t\t\t\t\t\t\t\t\t<div class=\"block-content-with-icons__card\">\n\t\t\t\t\t\t\t<img loading=\"lazy\" decoding=\"async\" width=\"112\" height=\"112\" src=\"https:\/\/www.rcaaq.ca\/wp-content\/uploads\/2025\/08\/icon.png\" class=\"attachment-block_content_icon size-block_content_icon\" alt=\"Ic\u00f4ne repr\u00e9sentant une maison avec un c\u0153ur et trois personnes \u00e0 l\u2019int\u00e9rieur, symbole de communaut\u00e9 et d\u2019accueil\" \/>\n\t\t\t\t\t\t\t<div class=\"block-content-with-icons__card__content\">\n\t\t\t\t\t\t\t\t<p class=\"h4\">Contributing<\/p>\n\t\t\t\t\t\t\t\t\t\t\t\t\t\t\t\t\t<div class=\"wysiwyg\">\n\t\t\t\t\t\t\t\t\t\t<p>to the drafting of relevant public policy that benefits urban Indigenous people<\/p>\n\n\t\t\t\t\t\t\t\t\t<\/div>\n\t\t\t\t\t\t\t\t\t\t\t\t\t\t\t<\/div>\n\t\t\t\t\t\t<\/div>\n\t\t\t\t\t\t\t\t\t\t\t<div class=\"block-content-with-icons__card\">\n\t\t\t\t\t\t\t<img loading=\"lazy\" decoding=\"async\" width=\"112\" height=\"112\" src=\"https:\/\/www.rcaaq.ca\/wp-content\/uploads\/2025\/08\/icon2.png\" class=\"attachment-block_content_icon size-block_content_icon\" alt=\"Ic\u00f4ne repr\u00e9sentant un c\u0153ur stylis\u00e9, symbole de bienveillance et de respect\" \/>\n\t\t\t\t\t\t\t<div class=\"block-content-with-icons__card__content\">\n\t\t\t\t\t\t\t\t<p class=\"h4\">Fostering<\/p>\n\t\t\t\t\t\t\t\t\t\t\t\t\t\t\t\t\t<div class=\"wysiwyg\">\n\t\t\t\t\t\t\t\t\t\t<p>harmony between communities by celebrating Indigenous cultures<\/p>\n\n\t\t\t\t\t\t\t\t\t<\/div>\n\t\t\t\t\t\t\t\t\t\t\t\t\t\t\t<\/div>\n\t\t\t\t\t\t<\/div>\n\t\t\t\t\t\t\t\t\t\t\t<div class=\"block-content-with-icons__card\">\n\t\t\t\t\t\t\t<img loading=\"lazy\" decoding=\"async\" width=\"112\" height=\"112\" src=\"https:\/\/www.rcaaq.ca\/wp-content\/uploads\/2025\/08\/icon3.png\" class=\"attachment-block_content_icon size-block_content_icon\" alt=\"Ic\u00f4ne repr\u00e9sentant deux mains ouvertes soutenant un groupe de personnes, symbole de soutien et d\u2019inclusion\" \/>\n\t\t\t\t\t\t\t<div class=\"block-content-with-icons__card__content\">\n\t\t\t\t\t\t\t\t<p class=\"h4\">Providing<\/p>\n\t\t\t\t\t\t\t\t\t\t\t\t\t\t\t\t\t<div class=\"wysiwyg\">\n\t\t\t\t\t\t\t\t\t\t<p>institutional and strategic support to Friendship Centres while respecting their autonomy and specific local contexts<\/p>\n\n\t\t\t\t\t\t\t\t\t<\/div>\n\t\t\t\t\t\t\t\t\t\t\t\t\t\t\t<\/div>\n\t\t\t\t\t\t<\/div>\n\t\t\t\t\t\t\t\t\t<\/div>\n\t\t\t<\/div>\n\t\t<\/div>\n\t<\/div>\n\n\n\t<div class=\"component-block-spacer\" >\n\t\t<div class=\"block-spacer is-reversed\"><\/div>\n\t<\/div>\n\n\n\t<div class=\"item item--medium component-block-cta-list\" style=\"\" id=\"initiatives\">\n\t\t<div class=\"container\">\n\t\t\t<div class=\"block-cta-list\">\n\t\t\t\t<div class=\"block-cta-list__header\">\n\t\t\t\t\t<h2 class=\"block-double-image__title h2\">Our initiatives<\/h2>\n\t\t\t\t\t\t\t\t\t\t\t<div class=\"block-cta-list__header__description\">\n\t\t\t\t\t\t\t\t\t\t\t\t\t\t\t<p>\n\t\t\t\t\t\t\t\t\t<br>\r\nRooted in urban Indigenous realities, our organization implements concrete initiatives to meet the needs of First Nations members and Inuit in cities. Our programs and services are the product of a collective effort, rooted in trust, collaboration and self-determination. Our work aims to break cycles of vulnerability and improve living conditions for urban Indigenous populations, while also building bridges between nations. .<br>\r\n<br>\r\nHere are a few of them.\r\n<br>\r\n\r\n\r\n\n\t\t\t\t\t\t\t\t<\/p>\n\t\t\t\t\t\t\t\t\t\t\t\t\t\t\t\t\t\t\t\t<\/div>\n\t\t\t\t\t\t\t\t\t<\/div>\n\t\t\t\t<div class=\"block-cta-list__content\">\n\t\t\t\t\t\t\t\t\t\t\t<div class=\"card-cta\">\n\t\t\t\t\t\t\t<div class=\"card-cta__image\">\n\t\t\t\t\t\t\t\t<img loading=\"lazy\" decoding=\"async\" width=\"1032\" height=\"688\" src=\"https:\/\/www.rcaaq.ca\/wp-content\/uploads\/2025\/10\/RCAAQ_SIRCAAQ_Nutshimit_milieu-de-vie-Sept-Iles-min-1032x688.jpeg\" class=\"attachment-block_cta_list size-block_cta_list\" alt=\"\" srcset=\"https:\/\/www.rcaaq.ca\/wp-content\/uploads\/2025\/10\/RCAAQ_SIRCAAQ_Nutshimit_milieu-de-vie-Sept-Iles-min-1032x688.jpeg 1032w, https:\/\/www.rcaaq.ca\/wp-content\/uploads\/2025\/10\/RCAAQ_SIRCAAQ_Nutshimit_milieu-de-vie-Sept-Iles-min-300x200.jpeg 300w, https:\/\/www.rcaaq.ca\/wp-content\/uploads\/2025\/10\/RCAAQ_SIRCAAQ_Nutshimit_milieu-de-vie-Sept-Iles-min-1024x683.jpeg 1024w, https:\/\/www.rcaaq.ca\/wp-content\/uploads\/2025\/10\/RCAAQ_SIRCAAQ_Nutshimit_milieu-de-vie-Sept-Iles-min-768x512.jpeg 768w, https:\/\/www.rcaaq.ca\/wp-content\/uploads\/2025\/10\/RCAAQ_SIRCAAQ_Nutshimit_milieu-de-vie-Sept-Iles-min-1536x1024.jpeg 1536w, https:\/\/www.rcaaq.ca\/wp-content\/uploads\/2025\/10\/RCAAQ_SIRCAAQ_Nutshimit_milieu-de-vie-Sept-Iles-min-2048x1365.jpeg 2048w, https:\/\/www.rcaaq.ca\/wp-content\/uploads\/2025\/10\/RCAAQ_SIRCAAQ_Nutshimit_milieu-de-vie-Sept-Iles-min-1400x933.jpeg 1400w, https:\/\/www.rcaaq.ca\/wp-content\/uploads\/2025\/10\/RCAAQ_SIRCAAQ_Nutshimit_milieu-de-vie-Sept-Iles-min-800x533.jpeg 800w, https:\/\/www.rcaaq.ca\/wp-content\/uploads\/2025\/10\/RCAAQ_SIRCAAQ_Nutshimit_milieu-de-vie-Sept-Iles-min-224x149.jpeg 224w, https:\/\/www.rcaaq.ca\/wp-content\/uploads\/2025\/10\/RCAAQ_SIRCAAQ_Nutshimit_milieu-de-vie-Sept-Iles-min-432x288.jpeg 432w, https:\/\/www.rcaaq.ca\/wp-content\/uploads\/2025\/10\/RCAAQ_SIRCAAQ_Nutshimit_milieu-de-vie-Sept-Iles-min-384x256.jpeg 384w, https:\/\/www.rcaaq.ca\/wp-content\/uploads\/2025\/10\/RCAAQ_SIRCAAQ_Nutshimit_milieu-de-vie-Sept-Iles-min-608x405.jpeg 608w, https:\/\/www.rcaaq.ca\/wp-content\/uploads\/2025\/10\/RCAAQ_SIRCAAQ_Nutshimit_milieu-de-vie-Sept-Iles-min-915x610.jpeg 915w, https:\/\/www.rcaaq.ca\/wp-content\/uploads\/2025\/10\/RCAAQ_SIRCAAQ_Nutshimit_milieu-de-vie-Sept-Iles-min-242x161.jpeg 242w, https:\/\/www.rcaaq.ca\/wp-content\/uploads\/2025\/10\/RCAAQ_SIRCAAQ_Nutshimit_milieu-de-vie-Sept-Iles-min-465x310.jpeg 465w, https:\/\/www.rcaaq.ca\/wp-content\/uploads\/2025\/10\/RCAAQ_SIRCAAQ_Nutshimit_milieu-de-vie-Sept-Iles-min-1000x667.jpeg 1000w\" sizes=\"auto, (max-width: 1032px) 100vw, 1032px\" \/>\n\t\t\t\t\t\t\t<\/div>\n\t\t\t\t\t\t\t<div class=\"card-cta__content\">\n\t\t\t\t\t\t\t\t<h2 class=\"card-cta__title\">Soci\u00e9t\u00e9 immobili\u00e8re du Regroupement des centres d\u2019amiti\u00e9 autochtones<\/h2>\n\t\t\t\t\t\t\t\t\t\t\t\t\t\t\t\t\t<p class=\"card-cta__description\">Our Soci\u00e9t\u00e9 immobili\u00e8re develops Indigenous living environments that blend safety, cultural belonging and outreach services.\u202fThey are true community spaces where residents receive basic and essential supports.\u202f<\/p>\n\t\t\t\t\t\t\t\t\t\t\t\t\t\t\t\t<div class=\"card-cta__bottom\">\n\t\t\t\t\t\t\t\t\t\t\t\t\t\t\t\t\t\t\t<a href=\"https:\/\/www.rcaaq.ca\/en\/notre-societe-immobiliere\/\" class=\"button button--secondary\">\n\t\t\t\t\t\t\t\t\t\t\tOur Soci\u00e9t\u00e9 Immobili\u00e8re\n\t\t\t\t\t\t\t\t\t\t\t<svg width=\"24\" height=\"24\">\n\t\t\t\t\t\t\t\t\t\t\t\t<use xlink:href=\"#ico-arrow-right\"\/>\n\t\t\t\t\t\t\t\t\t\t\t<\/svg>\n\t\t\t\t\t\t\t\t\t\t<\/a>\n\t\t\t\t\t\t\t\t\t\t\t\t\t\t\t\t\t<\/div>\n\t\t\t\t\t\t\t<\/div>\n\t\t\t\t\t\t<\/div>\n\t\t\t\t\t\t\t\t\t\t\t<div class=\"card-cta\">\n\t\t\t\t\t\t\t<div class=\"card-cta__image\">\n\t\t\t\t\t\t\t\t<img loading=\"lazy\" decoding=\"async\" width=\"1032\" height=\"688\" src=\"https:\/\/www.rcaaq.ca\/wp-content\/uploads\/2025\/09\/Jeunes_Autochtones-1032x688.jpg\" class=\"attachment-block_cta_list size-block_cta_list\" alt=\"Jeunes r\u00e9unis dans un Centre d\u2019amiti\u00e9, \u00e9changeant dans un cadre communautaire chaleureux.\" srcset=\"https:\/\/www.rcaaq.ca\/wp-content\/uploads\/2025\/09\/Jeunes_Autochtones-1032x688.jpg 1032w, https:\/\/www.rcaaq.ca\/wp-content\/uploads\/2025\/09\/Jeunes_Autochtones-300x200.jpg 300w, https:\/\/www.rcaaq.ca\/wp-content\/uploads\/2025\/09\/Jeunes_Autochtones-1024x683.jpg 1024w, https:\/\/www.rcaaq.ca\/wp-content\/uploads\/2025\/09\/Jeunes_Autochtones-768x512.jpg 768w, https:\/\/www.rcaaq.ca\/wp-content\/uploads\/2025\/09\/Jeunes_Autochtones-1536x1024.jpg 1536w, https:\/\/www.rcaaq.ca\/wp-content\/uploads\/2025\/09\/Jeunes_Autochtones-1400x933.jpg 1400w, https:\/\/www.rcaaq.ca\/wp-content\/uploads\/2025\/09\/Jeunes_Autochtones-800x533.jpg 800w, https:\/\/www.rcaaq.ca\/wp-content\/uploads\/2025\/09\/Jeunes_Autochtones-224x149.jpg 224w, https:\/\/www.rcaaq.ca\/wp-content\/uploads\/2025\/09\/Jeunes_Autochtones-432x288.jpg 432w, https:\/\/www.rcaaq.ca\/wp-content\/uploads\/2025\/09\/Jeunes_Autochtones-384x256.jpg 384w, https:\/\/www.rcaaq.ca\/wp-content\/uploads\/2025\/09\/Jeunes_Autochtones-608x405.jpg 608w, https:\/\/www.rcaaq.ca\/wp-content\/uploads\/2025\/09\/Jeunes_Autochtones-915x610.jpg 915w, https:\/\/www.rcaaq.ca\/wp-content\/uploads\/2025\/09\/Jeunes_Autochtones-242x161.jpg 242w, https:\/\/www.rcaaq.ca\/wp-content\/uploads\/2025\/09\/Jeunes_Autochtones-465x310.jpg 465w, https:\/\/www.rcaaq.ca\/wp-content\/uploads\/2025\/09\/Jeunes_Autochtones-1000x667.jpg 1000w, https:\/\/www.rcaaq.ca\/wp-content\/uploads\/2025\/09\/Jeunes_Autochtones.jpg 2048w\" sizes=\"auto, (max-width: 1032px) 100vw, 1032px\" \/>\n\t\t\t\t\t\t\t<\/div>\n\t\t\t\t\t\t\t<div class=\"card-cta__content\">\n\t\t\t\t\t\t\t\t<h2 class=\"card-cta__title\">Community services<\/h2>\n\t\t\t\t\t\t\t\t\t\t\t\t\t\t\t\t\t<p class=\"card-cta__description\">At the heart of the SIRCAAQ&#8217;s community living environments, the RCAAQ and the Native Friendship Centres offer adapted and safe services to support Indigenous families and students in their daily lives.\u202f<\/p>\n\t\t\t\t\t\t\t\t\t\t\t\t\t\t\t\t<div class=\"card-cta__bottom\">\n\t\t\t\t\t\t\t\t\t\t\t\t\t\t\t\t\t\t\t<a href=\"https:\/\/www.rcaaq.ca\/en\/our-community-services\/\" class=\"button button--secondary\">\n\t\t\t\t\t\t\t\t\t\t\tOur Friendship Centres\n\t\t\t\t\t\t\t\t\t\t\t<svg width=\"24\" height=\"24\">\n\t\t\t\t\t\t\t\t\t\t\t\t<use xlink:href=\"#ico-arrow-right\"\/>\n\t\t\t\t\t\t\t\t\t\t\t<\/svg>\n\t\t\t\t\t\t\t\t\t\t<\/a>\n\t\t\t\t\t\t\t\t\t\t\t\t\t\t\t\t\t<\/div>\n\t\t\t\t\t\t\t<\/div>\n\t\t\t\t\t\t<\/div>\n\t\t\t\t\t\t\t\t\t\t\t<div class=\"card-cta\">\n\t\t\t\t\t\t\t<div class=\"card-cta__image\">\n\t\t\t\t\t\t\t\t<img loading=\"lazy\" decoding=\"async\" width=\"1032\" height=\"688\" src=\"https:\/\/www.rcaaq.ca\/wp-content\/uploads\/2025\/09\/Infirmiere_consultation_clinique-en-sante-autochtone-1032x688.jpg\" class=\"attachment-block_cta_list size-block_cta_list\" alt=\"Infirmi\u00e8re prodiguant des soins \u00e0 une patiente dans une clinique en sant\u00e9 autochtone, illustrant l\u2019acc\u00e8s aux services de sant\u00e9 adapt\u00e9s culturellement.\" srcset=\"https:\/\/www.rcaaq.ca\/wp-content\/uploads\/2025\/09\/Infirmiere_consultation_clinique-en-sante-autochtone-1032x688.jpg 1032w, https:\/\/www.rcaaq.ca\/wp-content\/uploads\/2025\/09\/Infirmiere_consultation_clinique-en-sante-autochtone-300x200.jpg 300w, https:\/\/www.rcaaq.ca\/wp-content\/uploads\/2025\/09\/Infirmiere_consultation_clinique-en-sante-autochtone-1024x683.jpg 1024w, https:\/\/www.rcaaq.ca\/wp-content\/uploads\/2025\/09\/Infirmiere_consultation_clinique-en-sante-autochtone-768x512.jpg 768w, https:\/\/www.rcaaq.ca\/wp-content\/uploads\/2025\/09\/Infirmiere_consultation_clinique-en-sante-autochtone-1536x1024.jpg 1536w, https:\/\/www.rcaaq.ca\/wp-content\/uploads\/2025\/09\/Infirmiere_consultation_clinique-en-sante-autochtone-2048x1365.jpg 2048w, https:\/\/www.rcaaq.ca\/wp-content\/uploads\/2025\/09\/Infirmiere_consultation_clinique-en-sante-autochtone-1400x933.jpg 1400w, https:\/\/www.rcaaq.ca\/wp-content\/uploads\/2025\/09\/Infirmiere_consultation_clinique-en-sante-autochtone-800x533.jpg 800w, https:\/\/www.rcaaq.ca\/wp-content\/uploads\/2025\/09\/Infirmiere_consultation_clinique-en-sante-autochtone-224x149.jpg 224w, https:\/\/www.rcaaq.ca\/wp-content\/uploads\/2025\/09\/Infirmiere_consultation_clinique-en-sante-autochtone-432x288.jpg 432w, https:\/\/www.rcaaq.ca\/wp-content\/uploads\/2025\/09\/Infirmiere_consultation_clinique-en-sante-autochtone-384x256.jpg 384w, https:\/\/www.rcaaq.ca\/wp-content\/uploads\/2025\/09\/Infirmiere_consultation_clinique-en-sante-autochtone-608x405.jpg 608w, https:\/\/www.rcaaq.ca\/wp-content\/uploads\/2025\/09\/Infirmiere_consultation_clinique-en-sante-autochtone-915x610.jpg 915w, https:\/\/www.rcaaq.ca\/wp-content\/uploads\/2025\/09\/Infirmiere_consultation_clinique-en-sante-autochtone-242x161.jpg 242w, https:\/\/www.rcaaq.ca\/wp-content\/uploads\/2025\/09\/Infirmiere_consultation_clinique-en-sante-autochtone-465x310.jpg 465w, https:\/\/www.rcaaq.ca\/wp-content\/uploads\/2025\/09\/Infirmiere_consultation_clinique-en-sante-autochtone-1000x667.jpg 1000w\" sizes=\"auto, (max-width: 1032px) 100vw, 1032px\" \/>\n\t\t\t\t\t\t\t<\/div>\n\t\t\t\t\t\t\t<div class=\"card-cta__content\">\n\t\t\t\t\t\t\t\t<h2 class=\"card-cta__title\">Indigenous health clinics<\/h2>\n\t\t\t\t\t\t\t\t\t\t\t\t\t\t\t\t\t<p class=\"card-cta__description\">Several Native Friendship Centres have developed their own community clinics that host professional services in their facilities. These Indigenous health clinics are models of innovative partnership with the public health network, while drawing on a holistic approach that seeks balance between the physical, emotional, mental and spiritual dimensions.<\/p>\n\t\t\t\t\t\t\t\t\t\t\t\t\t\t\t\t<div class=\"card-cta__bottom\">\n\t\t\t\t\t\t\t\t\t\t\t\t\t\t\t\t\t\t\t<a href=\"https:\/\/www.rcaaq.ca\/en\/find-an-indigenous-health-clinic\/\" class=\"button button--secondary\">\n\t\t\t\t\t\t\t\t\t\t\tFind an Indigenous health clinic\n\t\t\t\t\t\t\t\t\t\t\t<svg width=\"24\" height=\"24\">\n\t\t\t\t\t\t\t\t\t\t\t\t<use xlink:href=\"#ico-arrow-right\"\/>\n\t\t\t\t\t\t\t\t\t\t\t<\/svg>\n\t\t\t\t\t\t\t\t\t\t<\/a>\n\t\t\t\t\t\t\t\t\t\t\t\t\t\t\t\t\t<\/div>\n\t\t\t\t\t\t\t<\/div>\n\t\t\t\t\t\t<\/div>\n\t\t\t\t\t\t\t\t\t\t\t<div class=\"card-cta\">\n\t\t\t\t\t\t\t<div class=\"card-cta__image\">\n\t\t\t\t\t\t\t\t<img loading=\"lazy\" decoding=\"async\" width=\"1031\" height=\"688\" src=\"https:\/\/www.rcaaq.ca\/wp-content\/uploads\/2025\/09\/Structure_Tipi_Autochtone_Raquette-1031x688.jpg\" class=\"attachment-block_cta_list size-block_cta_list\" alt=\"Installation en bois dans un cadre forestier, r\u00e9alis\u00e9e lors d\u2019un rassemblement jeunesse organis\u00e9 par le RCAAQ.\" srcset=\"https:\/\/www.rcaaq.ca\/wp-content\/uploads\/2025\/09\/Structure_Tipi_Autochtone_Raquette-1031x688.jpg 1031w, https:\/\/www.rcaaq.ca\/wp-content\/uploads\/2025\/09\/Structure_Tipi_Autochtone_Raquette-300x200.jpg 300w, https:\/\/www.rcaaq.ca\/wp-content\/uploads\/2025\/09\/Structure_Tipi_Autochtone_Raquette-1024x683.jpg 1024w, https:\/\/www.rcaaq.ca\/wp-content\/uploads\/2025\/09\/Structure_Tipi_Autochtone_Raquette-768x512.jpg 768w, https:\/\/www.rcaaq.ca\/wp-content\/uploads\/2025\/09\/Structure_Tipi_Autochtone_Raquette-1536x1025.jpg 1536w, https:\/\/www.rcaaq.ca\/wp-content\/uploads\/2025\/09\/Structure_Tipi_Autochtone_Raquette-1400x934.jpg 1400w, https:\/\/www.rcaaq.ca\/wp-content\/uploads\/2025\/09\/Structure_Tipi_Autochtone_Raquette-800x534.jpg 800w, https:\/\/www.rcaaq.ca\/wp-content\/uploads\/2025\/09\/Structure_Tipi_Autochtone_Raquette-224x149.jpg 224w, https:\/\/www.rcaaq.ca\/wp-content\/uploads\/2025\/09\/Structure_Tipi_Autochtone_Raquette-432x288.jpg 432w, https:\/\/www.rcaaq.ca\/wp-content\/uploads\/2025\/09\/Structure_Tipi_Autochtone_Raquette-384x256.jpg 384w, https:\/\/www.rcaaq.ca\/wp-content\/uploads\/2025\/09\/Structure_Tipi_Autochtone_Raquette-608x406.jpg 608w, https:\/\/www.rcaaq.ca\/wp-content\/uploads\/2025\/09\/Structure_Tipi_Autochtone_Raquette-915x610.jpg 915w, https:\/\/www.rcaaq.ca\/wp-content\/uploads\/2025\/09\/Structure_Tipi_Autochtone_Raquette-242x161.jpg 242w, https:\/\/www.rcaaq.ca\/wp-content\/uploads\/2025\/09\/Structure_Tipi_Autochtone_Raquette-465x310.jpg 465w, https:\/\/www.rcaaq.ca\/wp-content\/uploads\/2025\/09\/Structure_Tipi_Autochtone_Raquette-1000x667.jpg 1000w, https:\/\/www.rcaaq.ca\/wp-content\/uploads\/2025\/09\/Structure_Tipi_Autochtone_Raquette.jpg 2048w\" sizes=\"auto, (max-width: 1031px) 100vw, 1031px\" \/>\n\t\t\t\t\t\t\t<\/div>\n\t\t\t\t\t\t\t<div class=\"card-cta__content\">\n\t\t\t\t\t\t\t\t<h2 class=\"card-cta__title\">The Observatory of Urban Indigenous Realities\u202f<\/h2>\n\t\t\t\t\t\t\t\t\t\t\t\t\t\t\t\t\t<p class=\"card-cta__description\">Dedicated to monitoring, researching and analyzing, the Observatory seeks to better understand the living conditions of Indigenous people in urban areas. It documents the needs, issues and aspirations of First Nations members and Inuit in Quebec cities, while also upholding their knowledge and experience. <\/p>\n\t\t\t\t\t\t\t\t\t\t\t\t\t\t\t\t<div class=\"card-cta__bottom\">\n\t\t\t\t\t\t\t\t\t\t\t\t\t\t\t\t\t\t\t<a href=\"https:\/\/www.rcaaq.ca\/en\/observatory\/\" class=\"button button--secondary\">\n\t\t\t\t\t\t\t\t\t\t\tOur Observatory\n\t\t\t\t\t\t\t\t\t\t\t<svg width=\"24\" height=\"24\">\n\t\t\t\t\t\t\t\t\t\t\t\t<use xlink:href=\"#ico-arrow-right\"\/>\n\t\t\t\t\t\t\t\t\t\t\t<\/svg>\n\t\t\t\t\t\t\t\t\t\t<\/a>\n\t\t\t\t\t\t\t\t\t\t\t\t\t\t\t\t\t<\/div>\n\t\t\t\t\t\t\t<\/div>\n\t\t\t\t\t\t<\/div>\n\t\t\t\t\t\t\t\t\t<\/div>\n\t\t\t<\/div>\n\t\t<\/div>\n\t<\/div>\n\n\n\t<div class=\"component-block-spacer\" >\n\t\t<div class=\"block-spacer\"><\/div>\n\t<\/div>\n\n\n\t<div \n\t\tclass=\"item item--medium component-block-reversible-image-text gradient-background\"\n\t\t\t\tstyle=\"--background-image: url(https:\/\/www.rcaaq.ca\/wp-content\/themes\/ixtheme\/assets\/images\/bg-forest.webp); --background-image-observatory: url(https:\/\/www.rcaaq.ca\/wp-content\/themes\/ixtheme\/assets\/images\/observatory\/bg-forest.webp);\"\n\t>\n\t\t<div class=\"container-small\">\n\t\t\t<div class=\"block-reversible-image-text is-reversed\">\n\t\t\t\t<div class=\"block-reversible-image-text__image\">\n\t\t\t\t\t<img loading=\"lazy\" decoding=\"async\" width=\"1000\" height=\"466\" src=\"https:\/\/www.rcaaq.ca\/wp-content\/uploads\/2025\/10\/poignee-main-dessin-1000x466.png\" class=\"attachment-mw_1000 size-mw_1000\" alt=\"Illustration minimaliste en ligne continue repr\u00e9sentant deux mains se serrant.\" srcset=\"https:\/\/www.rcaaq.ca\/wp-content\/uploads\/2025\/10\/poignee-main-dessin-1000x466.png 1000w, https:\/\/www.rcaaq.ca\/wp-content\/uploads\/2025\/10\/poignee-main-dessin-300x140.png 300w, https:\/\/www.rcaaq.ca\/wp-content\/uploads\/2025\/10\/poignee-main-dessin-1024x477.png 1024w, https:\/\/www.rcaaq.ca\/wp-content\/uploads\/2025\/10\/poignee-main-dessin-768x358.png 768w, https:\/\/www.rcaaq.ca\/wp-content\/uploads\/2025\/10\/poignee-main-dessin-800x373.png 800w, https:\/\/www.rcaaq.ca\/wp-content\/uploads\/2025\/10\/poignee-main-dessin-224x104.png 224w, https:\/\/www.rcaaq.ca\/wp-content\/uploads\/2025\/10\/poignee-main-dessin-608x283.png 608w, https:\/\/www.rcaaq.ca\/wp-content\/uploads\/2025\/10\/poignee-main-dessin-384x179.png 384w, https:\/\/www.rcaaq.ca\/wp-content\/uploads\/2025\/10\/poignee-main-dessin-1056x492.png 1056w, https:\/\/www.rcaaq.ca\/wp-content\/uploads\/2025\/10\/poignee-main-dessin-242x113.png 242w, https:\/\/www.rcaaq.ca\/wp-content\/uploads\/2025\/10\/poignee-main-dessin-538x251.png 538w, https:\/\/www.rcaaq.ca\/wp-content\/uploads\/2025\/10\/poignee-main-dessin.png 1275w\" sizes=\"auto, (max-width: 1000px) 100vw, 1000px\" \/>\n\t\t\t\t<\/div>\n\t\t\t\t<div class=\"block-reversible-image-text__content\">\n\t\t\t\t\t<div class=\"wysiwyg\">\n\t\t\t\t\t\t<h3>Our partnerships<\/h3>\n<p>With a long tradition of innovative collaborations, the RCAAQ forges <strong>strategic partnerships<\/strong> with government bodies, Indigenous organizations and institutions to meet the needs of First Nations and Inuit citizens living in urban areas. We believe that lasting change comes about by leveraging our collective strength.<\/p>\n<p>The RCAAQ joins forces with committed companies, organizations and individuals, building solid partnerships that can tangibly improve the quality of life of urban Indigenous citizens, while also promoting cultures and fostering closer ties between peoples.<\/p>\n\n\t\t\t\t\t<\/div>\n\t\t\t\t\t<div class=\"button-group\">\n\t\t\t\t\t\t\t\t\t\t\t<\/div>\n\t\t\t\t<\/div>\n\t\t\t<\/div>\n\t\t<\/div>\n\t<\/div>\n","protected":false},"excerpt":{"rendered":"","protected":false},"author":4,"featured_media":0,"parent":0,"menu_order":0,"comment_status":"closed","ping_status":"closed","template":"","meta":{"_acf_changed":false,"footnotes":""},"class_list":["post-4451","page","type-page","status-publish","hentry"],"acf":[],"yoast_head":"<!-- This site is optimized with the Yoast SEO plugin v25.6 - https:\/\/yoast.com\/wordpress\/plugins\/seo\/ -->\n<title>Our approach - rcaaq<\/title>\n<meta name=\"robots\" content=\"index, follow, max-snippet:-1, max-image-preview:large, max-video-preview:-1\" \/>\n<link rel=\"canonical\" href=\"https:\/\/www.rcaaq.ca\/en\/our-approach\/\" \/>\n<meta property=\"og:locale\" content=\"en_US\" \/>\n<meta property=\"og:type\" content=\"article\" \/>\n<meta property=\"og:title\" content=\"Our approach - rcaaq\" \/>\n<meta property=\"og:url\" content=\"https:\/\/www.rcaaq.ca\/en\/our-approach\/\" \/>\n<meta property=\"og:site_name\" content=\"rcaaq\" \/>\n<meta property=\"article:modified_time\" content=\"2025-11-07T14:38:13+00:00\" \/>\n<meta property=\"og:image\" content=\"https:\/\/www.rcaaq.ca\/wp-content\/uploads\/2025\/09\/Image_OG_1200x675.png\" \/>\n\t<meta property=\"og:image:width\" content=\"1200\" \/>\n\t<meta property=\"og:image:height\" content=\"675\" \/>\n\t<meta property=\"og:image:type\" content=\"image\/png\" \/>\n<meta name=\"twitter:card\" content=\"summary_large_image\" \/>\n<script type=\"application\/ld+json\" class=\"yoast-schema-graph\">{\"@context\":\"https:\/\/schema.org\",\"@graph\":[{\"@type\":\"WebPage\",\"@id\":\"https:\/\/www.rcaaq.ca\/en\/our-approach\/\",\"url\":\"https:\/\/www.rcaaq.ca\/en\/our-approach\/\",\"name\":\"Our approach - rcaaq\",\"isPartOf\":{\"@id\":\"https:\/\/www.rcaaq.ca\/en\/#website\"},\"datePublished\":\"2025-10-29T00:32:00+00:00\",\"dateModified\":\"2025-11-07T14:38:13+00:00\",\"inLanguage\":\"en-US\",\"potentialAction\":[{\"@type\":\"ReadAction\",\"target\":[\"https:\/\/www.rcaaq.ca\/en\/our-approach\/\"]}]},{\"@type\":\"WebSite\",\"@id\":\"https:\/\/www.rcaaq.ca\/en\/#website\",\"url\":\"https:\/\/www.rcaaq.ca\/en\/\",\"name\":\"Regroupement des centres d'amiti\u00e9 autochtones du Qu\u00e9bec\",\"description\":\"\",\"alternateName\":\"RCAAQ\",\"potentialAction\":[{\"@type\":\"SearchAction\",\"target\":{\"@type\":\"EntryPoint\",\"urlTemplate\":\"https:\/\/www.rcaaq.ca\/en\/?s={search_term_string}\"},\"query-input\":{\"@type\":\"PropertyValueSpecification\",\"valueRequired\":true,\"valueName\":\"search_term_string\"}}],\"inLanguage\":\"en-US\"}]}<\/script>\n<!-- \/ Yoast SEO plugin. -->","yoast_head_json":{"title":"Our approach - rcaaq","robots":{"index":"index","follow":"follow","max-snippet":"max-snippet:-1","max-image-preview":"max-image-preview:large","max-video-preview":"max-video-preview:-1"},"canonical":"https:\/\/www.rcaaq.ca\/en\/our-approach\/","og_locale":"en_US","og_type":"article","og_title":"Our approach - rcaaq","og_url":"https:\/\/www.rcaaq.ca\/en\/our-approach\/","og_site_name":"rcaaq","article_modified_time":"2025-11-07T14:38:13+00:00","og_image":[{"width":1200,"height":675,"url":"https:\/\/www.rcaaq.ca\/wp-content\/uploads\/2025\/09\/Image_OG_1200x675.png","type":"image\/png"}],"twitter_card":"summary_large_image","schema":{"@context":"https:\/\/schema.org","@graph":[{"@type":"WebPage","@id":"https:\/\/www.rcaaq.ca\/en\/our-approach\/","url":"https:\/\/www.rcaaq.ca\/en\/our-approach\/","name":"Our approach - rcaaq","isPartOf":{"@id":"https:\/\/www.rcaaq.ca\/en\/#website"},"datePublished":"2025-10-29T00:32:00+00:00","dateModified":"2025-11-07T14:38:13+00:00","inLanguage":"en-US","potentialAction":[{"@type":"ReadAction","target":["https:\/\/www.rcaaq.ca\/en\/our-approach\/"]}]},{"@type":"WebSite","@id":"https:\/\/www.rcaaq.ca\/en\/#website","url":"https:\/\/www.rcaaq.ca\/en\/","name":"Regroupement des centres d'amiti\u00e9 autochtones du Qu\u00e9bec","description":"","alternateName":"RCAAQ","potentialAction":[{"@type":"SearchAction","target":{"@type":"EntryPoint","urlTemplate":"https:\/\/www.rcaaq.ca\/en\/?s={search_term_string}"},"query-input":{"@type":"PropertyValueSpecification","valueRequired":true,"valueName":"search_term_string"}}],"inLanguage":"en-US"}]}},"_links":{"self":[{"href":"https:\/\/www.rcaaq.ca\/en\/wp-json\/wp\/v2\/pages\/4451","targetHints":{"allow":["GET"]}}],"collection":[{"href":"https:\/\/www.rcaaq.ca\/en\/wp-json\/wp\/v2\/pages"}],"about":[{"href":"https:\/\/www.rcaaq.ca\/en\/wp-json\/wp\/v2\/types\/page"}],"author":[{"embeddable":true,"href":"https:\/\/www.rcaaq.ca\/en\/wp-json\/wp\/v2\/users\/4"}],"replies":[{"embeddable":true,"href":"https:\/\/www.rcaaq.ca\/en\/wp-json\/wp\/v2\/comments?post=4451"}],"version-history":[{"count":8,"href":"https:\/\/www.rcaaq.ca\/en\/wp-json\/wp\/v2\/pages\/4451\/revisions"}],"predecessor-version":[{"id":4851,"href":"https:\/\/www.rcaaq.ca\/en\/wp-json\/wp\/v2\/pages\/4451\/revisions\/4851"}],"wp:attachment":[{"href":"https:\/\/www.rcaaq.ca\/en\/wp-json\/wp\/v2\/media?parent=4451"}],"curies":[{"name":"wp","href":"https:\/\/api.w.org\/{rel}","templated":true}]}}