{"id":4447,"date":"2025-10-29T01:27:48","date_gmt":"2025-10-29T00:27:48","guid":{"rendered":"https:\/\/www.rcaaq.ca\/notre-societe-immobiliere\/"},"modified":"2025-12-03T16:59:53","modified_gmt":"2025-12-03T15:59:53","slug":"our-societe-immobiliere","status":"publish","type":"page","link":"https:\/\/www.rcaaq.ca\/en\/our-societe-immobiliere\/","title":{"rendered":"Our Soci\u00e9t\u00e9 immobili\u00e8re"},"content":{"rendered":"<div class=\"item wysiwyg component-heading\"  ><div class=\"container-small\">\n<h2 class=\"wp-block-heading\">Inclusive, community-based living environments<\/h2>\n<\/div><\/div>\n\n<div class=\"item wysiwyg component-paragraph\"  ><div class=\"container-small\">\n<p>The SIRCAAQ\u2019s real estate projects are more than just buildings: they are&nbsp;<strong>truly community-based living environments,<\/strong> where Indigenous residents can find basic support, local services and a sense of belonging. Each living environment takes a respectful and long-term approach to meeting the social and cultural realities of First Nations and Inuit in urban areas.<\/p>\n<\/div><\/div>\n\n<div class=\"item wysiwyg component-heading\"  ><div class=\"container-small\">\n<h3 class=\"wp-block-heading\">A vision based on urban Indigenous expertise<\/h3>\n<\/div><\/div>\n\n<div class=\"item wysiwyg component-paragraph\"  ><div class=\"container-small\">\n<p>The SIRCAAQ was created to preserve and leverage \u2019 expertise in urban Indigenous living developed by the RCAAQ and its Native Friendship Centres. This vision leads us to offer concrete, innovative solutions to growing housing needs while fully assuming our pioneering role in community real estate development.<\/p>\n<\/div><\/div>\n\n\t<div class=\"component-block-spacer\" >\n\t\t<div class=\"block-spacer is-reversed\"><\/div>\n\t<\/div>\n\n\n\t<div class=\"item item--medium component-block-content-with-icons\" >\n\t\t<div class=\"container\">\n\t\t\t<div class=\"block-content-with-icons\">\n\t\t\t\t\t\t\t\t\t<div class=\"block-content-with-icons__heading\">\n\t\t\t\t\t\t\t\t\t\t\t\t\t<h2 class=\"h2\">Thinking and building together<\/h2>\n\t\t\t\t\t\t\n\t\t\t\t\t\t\t\t\t\t\t\t\t<div class=\"wysiwyg\">\n\t\t\t\t\t\t\t\t<p>SIRCAAQ\u2019s projects are guided by four main principles:<\/p>\n\n\t\t\t\t\t\t\t<\/div>\n\t\t\t\t\t\t\t\t\t\t\t<\/div>\n\t\t\t\t\n\t\t\t\t<div class=\"block-content-with-icons__content\">\n\t\t\t\t\t\t\t\t\t\t\t<div class=\"block-content-with-icons__card\">\n\t\t\t\t\t\t\t<img loading=\"lazy\" decoding=\"async\" width=\"224\" height=\"224\" src=\"https:\/\/www.rcaaq.ca\/wp-content\/uploads\/2025\/10\/Icone-discussion-groupe-communication-collaboration-1-224x224.png\" class=\"attachment-block_content_icon size-block_content_icon\" alt=\"Ic\u00f4ne montrant trois individus avec des bulles de dialogue, repr\u00e9sentant la communication et la collaboration en \u00e9quipe.\" srcset=\"https:\/\/www.rcaaq.ca\/wp-content\/uploads\/2025\/10\/Icone-discussion-groupe-communication-collaboration-1-224x224.png 224w, https:\/\/www.rcaaq.ca\/wp-content\/uploads\/2025\/10\/Icone-discussion-groupe-communication-collaboration-1-300x300.png 300w, https:\/\/www.rcaaq.ca\/wp-content\/uploads\/2025\/10\/Icone-discussion-groupe-communication-collaboration-1-150x150.png 150w, https:\/\/www.rcaaq.ca\/wp-content\/uploads\/2025\/10\/Icone-discussion-groupe-communication-collaboration-1-288x288.png 288w, https:\/\/www.rcaaq.ca\/wp-content\/uploads\/2025\/10\/Icone-discussion-groupe-communication-collaboration-1-384x384.png 384w, https:\/\/www.rcaaq.ca\/wp-content\/uploads\/2025\/10\/Icone-discussion-groupe-communication-collaboration-1-242x242.png 242w, https:\/\/www.rcaaq.ca\/wp-content\/uploads\/2025\/10\/Icone-discussion-groupe-communication-collaboration-1-310x310.png 310w, https:\/\/www.rcaaq.ca\/wp-content\/uploads\/2025\/10\/Icone-discussion-groupe-communication-collaboration-1.png 600w\" sizes=\"auto, (max-width: 224px) 100vw, 224px\" \/>\n\t\t\t\t\t\t\t<div class=\"block-content-with-icons__card__content\">\n\t\t\t\t\t\t\t\t<p class=\"h4\">Concertation<\/p>\n\t\t\t\t\t\t\t\t\t\t\t\t\t\t\t\t\t<div class=\"wysiwyg\">\n\t\t\t\t\t\t\t\t\t\t<p>with the various actors in the environments where the projects are developed.<\/p>\n\n\t\t\t\t\t\t\t\t\t<\/div>\n\t\t\t\t\t\t\t\t\t\t\t\t\t\t\t<\/div>\n\t\t\t\t\t\t<\/div>\n\t\t\t\t\t\t\t\t\t\t\t<div class=\"block-content-with-icons__card\">\n\t\t\t\t\t\t\t<img loading=\"lazy\" decoding=\"async\" width=\"224\" height=\"224\" src=\"https:\/\/www.rcaaq.ca\/wp-content\/uploads\/2025\/10\/Icone-idee-innovation-creativite-solutions-1-224x224.png\" class=\"attachment-block_content_icon size-block_content_icon\" alt=\"Ic\u00f4ne minimaliste d\u2019une main ouverte portant une ampoule lumineuse, repr\u00e9sentant la g\u00e9n\u00e9ration d\u2019id\u00e9es, l\u2019innovation et la cr\u00e9ativit\u00e9.\" srcset=\"https:\/\/www.rcaaq.ca\/wp-content\/uploads\/2025\/10\/Icone-idee-innovation-creativite-solutions-1-224x224.png 224w, https:\/\/www.rcaaq.ca\/wp-content\/uploads\/2025\/10\/Icone-idee-innovation-creativite-solutions-1-300x300.png 300w, https:\/\/www.rcaaq.ca\/wp-content\/uploads\/2025\/10\/Icone-idee-innovation-creativite-solutions-1-150x150.png 150w, https:\/\/www.rcaaq.ca\/wp-content\/uploads\/2025\/10\/Icone-idee-innovation-creativite-solutions-1-288x288.png 288w, https:\/\/www.rcaaq.ca\/wp-content\/uploads\/2025\/10\/Icone-idee-innovation-creativite-solutions-1-384x384.png 384w, https:\/\/www.rcaaq.ca\/wp-content\/uploads\/2025\/10\/Icone-idee-innovation-creativite-solutions-1-242x242.png 242w, https:\/\/www.rcaaq.ca\/wp-content\/uploads\/2025\/10\/Icone-idee-innovation-creativite-solutions-1-310x310.png 310w, https:\/\/www.rcaaq.ca\/wp-content\/uploads\/2025\/10\/Icone-idee-innovation-creativite-solutions-1.png 600w\" sizes=\"auto, (max-width: 224px) 100vw, 224px\" \/>\n\t\t\t\t\t\t\t<div class=\"block-content-with-icons__card__content\">\n\t\t\t\t\t\t\t\t<p class=\"h4\">Innovation<\/p>\n\t\t\t\t\t\t\t\t\t\t\t\t\t\t\t\t\t<div class=\"wysiwyg\">\n\t\t\t\t\t\t\t\t\t\t<p>by constantly seeking cutting-edge solutions to affirm our pioneering role in the real estate industry.<\/p>\n\n\t\t\t\t\t\t\t\t\t<\/div>\n\t\t\t\t\t\t\t\t\t\t\t\t\t\t\t<\/div>\n\t\t\t\t\t\t<\/div>\n\t\t\t\t\t\t\t\t\t\t\t<div class=\"block-content-with-icons__card\">\n\t\t\t\t\t\t\t<img loading=\"lazy\" decoding=\"async\" width=\"224\" height=\"224\" src=\"https:\/\/www.rcaaq.ca\/wp-content\/uploads\/2025\/10\/Icone-planete-foret-environnement-durabilite-1-224x224.png\" class=\"attachment-block_content_icon size-block_content_icon\" alt=\"Ic\u00f4ne minimaliste montrant la plan\u00e8te Terre avec une for\u00eat, repr\u00e9sentant la durabilit\u00e9, la biodiversit\u00e9 et la protection de l\u2019environnement.\" srcset=\"https:\/\/www.rcaaq.ca\/wp-content\/uploads\/2025\/10\/Icone-planete-foret-environnement-durabilite-1-224x224.png 224w, https:\/\/www.rcaaq.ca\/wp-content\/uploads\/2025\/10\/Icone-planete-foret-environnement-durabilite-1-300x300.png 300w, https:\/\/www.rcaaq.ca\/wp-content\/uploads\/2025\/10\/Icone-planete-foret-environnement-durabilite-1-150x150.png 150w, https:\/\/www.rcaaq.ca\/wp-content\/uploads\/2025\/10\/Icone-planete-foret-environnement-durabilite-1-288x288.png 288w, https:\/\/www.rcaaq.ca\/wp-content\/uploads\/2025\/10\/Icone-planete-foret-environnement-durabilite-1-384x384.png 384w, https:\/\/www.rcaaq.ca\/wp-content\/uploads\/2025\/10\/Icone-planete-foret-environnement-durabilite-1-242x242.png 242w, https:\/\/www.rcaaq.ca\/wp-content\/uploads\/2025\/10\/Icone-planete-foret-environnement-durabilite-1-310x310.png 310w, https:\/\/www.rcaaq.ca\/wp-content\/uploads\/2025\/10\/Icone-planete-foret-environnement-durabilite-1.png 600w\" sizes=\"auto, (max-width: 224px) 100vw, 224px\" \/>\n\t\t\t\t\t\t\t<div class=\"block-content-with-icons__card__content\">\n\t\t\t\t\t\t\t\t<p class=\"h4\">Sustainability <\/p>\n\t\t\t\t\t\t\t\t\t\t\t\t\t\t\t\t\t<div class=\"wysiwyg\">\n\t\t\t\t\t\t\t\t\t\t<p>by working in harmony with\u00a0 the environment and in a spirit of sustainable development.<\/p>\n\n\t\t\t\t\t\t\t\t\t<\/div>\n\t\t\t\t\t\t\t\t\t\t\t\t\t\t\t<\/div>\n\t\t\t\t\t\t<\/div>\n\t\t\t\t\t\t\t\t\t\t\t<div class=\"block-content-with-icons__card\">\n\t\t\t\t\t\t\t<img loading=\"lazy\" decoding=\"async\" width=\"224\" height=\"224\" src=\"https:\/\/www.rcaaq.ca\/wp-content\/uploads\/2025\/10\/Icone-solidarite-cooperation-travail-equipe-entraide-224x224.png\" class=\"attachment-block_content_icon size-block_content_icon\" alt=\"Ic\u00f4ne minimaliste montrant quatre mains entrelac\u00e9es formant un carr\u00e9, repr\u00e9sentant la coop\u00e9ration, la solidarit\u00e9 et le travail d\u2019\u00e9quipe.\" srcset=\"https:\/\/www.rcaaq.ca\/wp-content\/uploads\/2025\/10\/Icone-solidarite-cooperation-travail-equipe-entraide-224x224.png 224w, https:\/\/www.rcaaq.ca\/wp-content\/uploads\/2025\/10\/Icone-solidarite-cooperation-travail-equipe-entraide-300x300.png 300w, https:\/\/www.rcaaq.ca\/wp-content\/uploads\/2025\/10\/Icone-solidarite-cooperation-travail-equipe-entraide-150x150.png 150w, https:\/\/www.rcaaq.ca\/wp-content\/uploads\/2025\/10\/Icone-solidarite-cooperation-travail-equipe-entraide-288x288.png 288w, https:\/\/www.rcaaq.ca\/wp-content\/uploads\/2025\/10\/Icone-solidarite-cooperation-travail-equipe-entraide-384x384.png 384w, https:\/\/www.rcaaq.ca\/wp-content\/uploads\/2025\/10\/Icone-solidarite-cooperation-travail-equipe-entraide-242x242.png 242w, https:\/\/www.rcaaq.ca\/wp-content\/uploads\/2025\/10\/Icone-solidarite-cooperation-travail-equipe-entraide-310x310.png 310w, https:\/\/www.rcaaq.ca\/wp-content\/uploads\/2025\/10\/Icone-solidarite-cooperation-travail-equipe-entraide.png 600w\" sizes=\"auto, (max-width: 224px) 100vw, 224px\" \/>\n\t\t\t\t\t\t\t<div class=\"block-content-with-icons__card__content\">\n\t\t\t\t\t\t\t\t<p class=\"h4\">Strengthening<\/p>\n\t\t\t\t\t\t\t\t\t\t\t\t\t\t\t\t\t<div class=\"wysiwyg\">\n\t\t\t\t\t\t\t\t\t\t<p>the Centres\u2019 management and leadership capacities and Indigenous people\u2019s individual and collective development.<\/p>\n\n\t\t\t\t\t\t\t\t\t<\/div>\n\t\t\t\t\t\t\t\t\t\t\t\t\t\t\t<\/div>\n\t\t\t\t\t\t<\/div>\n\t\t\t\t\t\t\t\t\t<\/div>\n\t\t\t<\/div>\n\t\t<\/div>\n\t<\/div>\n\n\n\t<div class=\"component-block-spacer\" >\n\t\t<div class=\"block-spacer\"><\/div>\n\t<\/div>\n\n\n<div class=\"item wysiwyg component-heading\"  ><div class=\"container-small\">\n<h2 class=\"wp-block-heading\">Living environments<\/h2>\n<\/div><\/div>\n\n<div class=\"item wysiwyg component-paragraph\"  ><div class=\"container-small\">\n<p>Developing community living spaces adapted to Indigenous needs, the SIRCAAQ is active in several Quebec cities:<\/p>\n<\/div><\/div>\n\n<div class=\"item wysiwyg component-list\"  ><div class=\"container-small\">\n<ul class=\"wp-block-list\">\n<li><strong>Nutshimit<\/strong> in Sept-\u00celes<\/li>\n\n\n\n<li><strong>Waska Witcihitowin<\/strong> in Trois-Rivi\u00e8res<\/li>\n\n\n\n<li><strong>Yahndawa\u2019<\/strong>&nbsp;in Qu\u00e9bec City (under development)<\/li>\n\n\n\n<li>Living environment in Chibougamau (under development)<\/li>\n\n\n\n<li>Living environment in Loretteville (under development)<\/li>\n<\/ul>\n<\/div><\/div>\n\n<div class=\"item wysiwyg component-paragraph\"  ><div class=\"container-small\">\n<p><br> <\/p>\n<\/div><\/div>\n\n<div class=\"item wysiwyg component-buttons\"  ><div class=\"container-small\">\n<div class=\"wp-block-buttons is-layout-flex wp-block-buttons-is-layout-flex\">\n<div class=\"wp-block-button is-style-button--primary\"><a class=\"wp-block-button__link wp-element-button\" href=\"https:\/\/sircaaq.ca\/en\/\">Learn more about SIRCAAQ<\/a><\/div>\n<\/div>\n<\/div><\/div>\n\n\t<div class=\"item item--small component-gallery\" >\n\t\t<div class=\"container\">\n\t\t\t<div class=\"block-gallery\">\n\t\t\t\t<img decoding=\"async\" class=\"block-gallery__first-image\" src=\"https:\/\/www.rcaaq.ca\/wp-content\/uploads\/2025\/10\/residente-autochtone-milieu-de-vie.png\" alt=\"Personne ouvrant la porte vitr\u00e9e d\u2019un b\u00e2timent moderne dans un milieu de vie communautaire de la SIRCAAQ.\">\n\t\t\t\t<img decoding=\"async\" class=\"block-gallery__second-image\" src=\"https:\/\/www.rcaaq.ca\/wp-content\/uploads\/2025\/10\/enfant-autochtone-exterieur-milieu-de-vie-e1761851496128.png\" alt=\"Enfant v\u00eatu d\u2019un habit d\u2019hiver color\u00e9 avec tuque et mitaines, jouant dehors dans la neige devant un b\u00e2timent r\u00e9sidentiel d\u2019un milieu de vie de la SIRCAAQ.\">\n\t\t\t\t<img decoding=\"async\" class=\"block-gallery__third-image\" src=\"https:\/\/www.rcaaq.ca\/wp-content\/uploads\/2025\/10\/famille-autochtone-moment-jeu-milieu-vie-scaled.jpg\" alt=\"Famille autochtone jouant \u00e0 un jeu de soci\u00e9t\u00e9 autour d\u2019une table dans un milieu de vie de la SIRCAAQ.\">\n\t\t\t\t<img decoding=\"async\" class=\"block-gallery__fourth-image\" src=\"https:\/\/www.rcaaq.ca\/wp-content\/uploads\/2025\/10\/moment-mere-enfant-autochtones-lecture-milieu-de-vie.png\" alt=\"Personne assise sur un canap\u00e9 lisant un livre illustr\u00e9 \u00e0 un enfant dans un logement chaleureux d\u2019un milieu de vie de la SIRCAAQ.\">\n\t\t\t<\/div>\n\t\t<\/div>\n\t<\/div>\n\n\n<div class=\"item wysiwyg component-paragraph\"  ><div class=\"container-small\">\n<p><\/p>\n<\/div><\/div>","protected":false},"excerpt":{"rendered":"Inclusive, community-based living environments The SIRCAAQ\u2019s real estate projects are more than just buildings: they are&nbsp;truly community-based living environments, where Indigenous residents can find basic support, local services and a sense of belonging. Each living environment takes a respectful and long-term approach to meeting the social and cultural realities of First Nations and Inuit in [&hellip;]","protected":false},"author":4,"featured_media":0,"parent":0,"menu_order":0,"comment_status":"closed","ping_status":"closed","template":"","meta":{"_acf_changed":false,"footnotes":""},"class_list":["post-4447","page","type-page","status-publish","hentry"],"acf":[],"yoast_head":"<!-- This site is optimized with the Yoast SEO plugin v25.6 - https:\/\/yoast.com\/wordpress\/plugins\/seo\/ -->\n<title>Our Soci\u00e9t\u00e9 immobili\u00e8re - rcaaq<\/title>\n<meta name=\"robots\" content=\"index, follow, max-snippet:-1, max-image-preview:large, max-video-preview:-1\" \/>\n<link rel=\"canonical\" href=\"https:\/\/www.rcaaq.ca\/en\/our-societe-immobiliere\/\" \/>\n<meta property=\"og:locale\" content=\"en_US\" \/>\n<meta property=\"og:type\" content=\"article\" \/>\n<meta property=\"og:title\" content=\"Our Soci\u00e9t\u00e9 immobili\u00e8re - rcaaq\" \/>\n<meta property=\"og:description\" content=\"Inclusive, community-based living environments The SIRCAAQ\u2019s real estate projects are more than just buildings: they are&nbsp;truly community-based living environments, where Indigenous residents can find basic support, local services and a sense of belonging. Each living environment takes a respectful and long-term approach to meeting the social and cultural realities of First Nations and Inuit in [&hellip;]\" \/>\n<meta property=\"og:url\" content=\"https:\/\/www.rcaaq.ca\/en\/our-societe-immobiliere\/\" \/>\n<meta property=\"og:site_name\" content=\"rcaaq\" \/>\n<meta property=\"article:modified_time\" content=\"2025-12-03T15:59:53+00:00\" \/>\n<meta property=\"og:image\" content=\"https:\/\/www.rcaaq.ca\/wp-content\/uploads\/2025\/09\/Image_OG_1200x675.png\" \/>\n\t<meta property=\"og:image:width\" content=\"1200\" \/>\n\t<meta property=\"og:image:height\" content=\"675\" \/>\n\t<meta property=\"og:image:type\" content=\"image\/png\" \/>\n<meta name=\"twitter:card\" content=\"summary_large_image\" \/>\n<meta name=\"twitter:label1\" content=\"Est. reading time\" \/>\n\t<meta name=\"twitter:data1\" content=\"1 minute\" \/>\n<script type=\"application\/ld+json\" class=\"yoast-schema-graph\">{\"@context\":\"https:\/\/schema.org\",\"@graph\":[{\"@type\":\"WebPage\",\"@id\":\"https:\/\/www.rcaaq.ca\/en\/our-societe-immobiliere\/\",\"url\":\"https:\/\/www.rcaaq.ca\/en\/our-societe-immobiliere\/\",\"name\":\"Our Soci\u00e9t\u00e9 immobili\u00e8re - rcaaq\",\"isPartOf\":{\"@id\":\"https:\/\/www.rcaaq.ca\/en\/#website\"},\"datePublished\":\"2025-10-29T00:27:48+00:00\",\"dateModified\":\"2025-12-03T15:59:53+00:00\",\"inLanguage\":\"en-US\",\"potentialAction\":[{\"@type\":\"ReadAction\",\"target\":[\"https:\/\/www.rcaaq.ca\/en\/our-societe-immobiliere\/\"]}]},{\"@type\":\"WebSite\",\"@id\":\"https:\/\/www.rcaaq.ca\/en\/#website\",\"url\":\"https:\/\/www.rcaaq.ca\/en\/\",\"name\":\"Regroupement des centres d'amiti\u00e9 autochtones du Qu\u00e9bec\",\"description\":\"\",\"alternateName\":\"RCAAQ\",\"potentialAction\":[{\"@type\":\"SearchAction\",\"target\":{\"@type\":\"EntryPoint\",\"urlTemplate\":\"https:\/\/www.rcaaq.ca\/en\/?s={search_term_string}\"},\"query-input\":{\"@type\":\"PropertyValueSpecification\",\"valueRequired\":true,\"valueName\":\"search_term_string\"}}],\"inLanguage\":\"en-US\"}]}<\/script>\n<!-- \/ Yoast SEO plugin. -->","yoast_head_json":{"title":"Our Soci\u00e9t\u00e9 immobili\u00e8re - rcaaq","robots":{"index":"index","follow":"follow","max-snippet":"max-snippet:-1","max-image-preview":"max-image-preview:large","max-video-preview":"max-video-preview:-1"},"canonical":"https:\/\/www.rcaaq.ca\/en\/our-societe-immobiliere\/","og_locale":"en_US","og_type":"article","og_title":"Our Soci\u00e9t\u00e9 immobili\u00e8re - rcaaq","og_description":"Inclusive, community-based living environments The SIRCAAQ\u2019s real estate projects are more than just buildings: they are&nbsp;truly community-based living environments, where Indigenous residents can find basic support, local services and a sense of belonging. Each living environment takes a respectful and long-term approach to meeting the social and cultural realities of First Nations and Inuit in [&hellip;]","og_url":"https:\/\/www.rcaaq.ca\/en\/our-societe-immobiliere\/","og_site_name":"rcaaq","article_modified_time":"2025-12-03T15:59:53+00:00","og_image":[{"width":1200,"height":675,"url":"https:\/\/www.rcaaq.ca\/wp-content\/uploads\/2025\/09\/Image_OG_1200x675.png","type":"image\/png"}],"twitter_card":"summary_large_image","twitter_misc":{"Est. reading time":"1 minute"},"schema":{"@context":"https:\/\/schema.org","@graph":[{"@type":"WebPage","@id":"https:\/\/www.rcaaq.ca\/en\/our-societe-immobiliere\/","url":"https:\/\/www.rcaaq.ca\/en\/our-societe-immobiliere\/","name":"Our Soci\u00e9t\u00e9 immobili\u00e8re - rcaaq","isPartOf":{"@id":"https:\/\/www.rcaaq.ca\/en\/#website"},"datePublished":"2025-10-29T00:27:48+00:00","dateModified":"2025-12-03T15:59:53+00:00","inLanguage":"en-US","potentialAction":[{"@type":"ReadAction","target":["https:\/\/www.rcaaq.ca\/en\/our-societe-immobiliere\/"]}]},{"@type":"WebSite","@id":"https:\/\/www.rcaaq.ca\/en\/#website","url":"https:\/\/www.rcaaq.ca\/en\/","name":"Regroupement des centres d'amiti\u00e9 autochtones du Qu\u00e9bec","description":"","alternateName":"RCAAQ","potentialAction":[{"@type":"SearchAction","target":{"@type":"EntryPoint","urlTemplate":"https:\/\/www.rcaaq.ca\/en\/?s={search_term_string}"},"query-input":{"@type":"PropertyValueSpecification","valueRequired":true,"valueName":"search_term_string"}}],"inLanguage":"en-US"}]}},"_links":{"self":[{"href":"https:\/\/www.rcaaq.ca\/en\/wp-json\/wp\/v2\/pages\/4447","targetHints":{"allow":["GET"]}}],"collection":[{"href":"https:\/\/www.rcaaq.ca\/en\/wp-json\/wp\/v2\/pages"}],"about":[{"href":"https:\/\/www.rcaaq.ca\/en\/wp-json\/wp\/v2\/types\/page"}],"author":[{"embeddable":true,"href":"https:\/\/www.rcaaq.ca\/en\/wp-json\/wp\/v2\/users\/4"}],"replies":[{"embeddable":true,"href":"https:\/\/www.rcaaq.ca\/en\/wp-json\/wp\/v2\/comments?post=4447"}],"version-history":[{"count":12,"href":"https:\/\/www.rcaaq.ca\/en\/wp-json\/wp\/v2\/pages\/4447\/revisions"}],"predecessor-version":[{"id":5079,"href":"https:\/\/www.rcaaq.ca\/en\/wp-json\/wp\/v2\/pages\/4447\/revisions\/5079"}],"wp:attachment":[{"href":"https:\/\/www.rcaaq.ca\/en\/wp-json\/wp\/v2\/media?parent=4447"}],"curies":[{"name":"wp","href":"https:\/\/api.w.org\/{rel}","templated":true}]}}