{"id":2840,"date":"2025-08-29T19:36:28","date_gmt":"2025-08-29T17:36:28","guid":{"rendered":"https:\/\/www.rcaaq.ca\/?page_id=2840"},"modified":"2025-11-07T16:27:52","modified_gmt":"2025-11-07T15:27:52","slug":"find-an-indigenous-health-clinic","status":"publish","type":"page","link":"https:\/\/www.rcaaq.ca\/en\/find-an-indigenous-health-clinic\/","title":{"rendered":"Find an Indigenous health clinic"},"content":{"rendered":"\t<div class=\"component-block-spacer\" >\n\t\t<div class=\"block-spacer\"><\/div>\n\t<\/div>\n\n\n<div class=\"item wysiwyg component-heading\"  ><div class=\"container-small\">\n<h3 class=\"wp-block-heading\">Find a clinic<\/h3>\n<\/div><\/div>\n\n\t<div class=\"item component-find-health-clinic\" >\n\t\t<div class=\"container container-small\">\n\t\t\t<div class=\"block-find-health-clinic\">\n\t\t\t\t<ul class=\"block-find-health-clinic__list\">\n\t\t\t\t\t\t\t\t\t\t\t<li>\n\t\t\t\t\t\t\t<h2 class=\"block-find-health-clinic__list-title\">Family Health Clinic<br>at Native Montreal<\/h2>\n\t\t\t\t\t\t\t\t\t\t\t\t\t\t\t<a href=\"https:\/\/www.google.com\/maps\/place\/3187+Rue+Saint-Jacques,+Montr%C3%A9al,+QC+H4C+1G7\/@45.4833959,-73.5856452,16z\/data=!3m1!4b1!4m6!3m5!1s0x4cc91a76d4949c77:0x174f35a7c6918924!8m2!3d45.4833922!4d-73.5807743!16s%2Fg%2F11cs920r_t?entry=ttu&#038;g_ep=EgoyMDI1MDkwOS4wIKXMDSoASAFQAw%3D%3D\" class=\"block-find-health-clinic__link button button--tertiary\" target=\"_blank\">\n\t\t\t\t\t\t\t\t\t<svg width=\"24\" height=\"24\">\n\t\t\t\t\t\t\t\t\t\t<use xlink:href=\"#ico-pin-map\"\/>\n\t\t\t\t\t\t\t\t\t<\/svg>\n\t\t\t\t\t\t\t\t\t3187 Saint-Jacques St., Office 101 <br>Montr\u00e9al (Qu\u00e9bec)  H4C 1G7\n\t\t\t\t\t\t\t\t<\/a>\n\t\t\t\t\t\t\t\t\t\t\t\t\t\t<a href=\"tel:+5143316587\" class=\"block-find-health-clinic__link button button--tertiary\">\n\t\t\t\t\t\t\t\t<svg width=\"24\" height=\"24\">\n\t\t\t\t\t\t\t\t\t<use xlink:href=\"#ico-phone\"\/>\n\t\t\t\t\t\t\t\t<\/svg>\n\t\t\t\t\t\t\t\t514 331-6587\n\t\t\t\t\t\t\t<\/a>\n\t\t\t\t\t\t\t\t\t\t\t\t\t<\/li>\n\t\t\t\t\t\t\t\t\t\t\t<li>\n\t\t\t\t\t\t\t<h2 class=\"block-find-health-clinic__list-title\">Indigenous health services <br>at the Val-d\u2019Or Native Friendship Centre<\/h2>\n\t\t\t\t\t\t\t\t\t\t\t\t\t\t\t<a href=\"https:\/\/www.google.com\/maps\/place\/1272+7e+Rue,+Val-d'Or,+QC+J9P+6W6\/data=!4m2!3m1!1s0x4cdf5306f6bc6daf:0x598675c650ff20d1?sa=X&#038;ved=1t:242&#038;ictx=111\" class=\"block-find-health-clinic__link button button--tertiary\" target=\"_blank\">\n\t\t\t\t\t\t\t\t\t<svg width=\"24\" height=\"24\">\n\t\t\t\t\t\t\t\t\t\t<use xlink:href=\"#ico-pin-map\"\/>\n\t\t\t\t\t\t\t\t\t<\/svg>\n\t\t\t\t\t\t\t\t\t1272 7e Rue, <br>Val-d&#8217;Or (Qu\u00e9bec) J9P 6W6\n\t\t\t\t\t\t\t\t<\/a>\n\t\t\t\t\t\t\t\t\t\t\t\t\t\t<a href=\"tel:+8198256857\" class=\"block-find-health-clinic__link button button--tertiary\">\n\t\t\t\t\t\t\t\t<svg width=\"24\" height=\"24\">\n\t\t\t\t\t\t\t\t\t<use xlink:href=\"#ico-phone\"\/>\n\t\t\t\t\t\t\t\t<\/svg>\n\t\t\t\t\t\t\t\t819 825-6857\n\t\t\t\t\t\t\t<\/a>\n\t\t\t\t\t\t\t\t\t\t\t\t\t<\/li>\n\t\t\t\t\t\t\t\t\t\t\t<li>\n\t\t\t\t\t\t\t<h2 class=\"block-find-health-clinic__list-title\">Indigenous health services<br>at the Centre d&#8217;amiti\u00e9 autochtone de Capetciwotakanik &#8211; La Tuque<\/h2>\n\t\t\t\t\t\t\t\t\t\t\t\t\t\t\t<a href=\"https:\/\/www.google.com\/maps\/place\/544+Rue+St+Antoine,+La+Tuque,+QC+G9X+2Y4\/@47.4399209,-72.7885113,17z\/data=!3m1!4b1!4m6!3m5!1s0x4cc15290dffb44dd:0x6934b958e43ae6a6!8m2!3d47.4399174!4d-72.7836404!16s%2Fg%2F11hc_3jkk2?entry=ttu&#038;g_ep=EgoyMDI1MTAxNC4wIKXMDSoASAFQAw%3D%3D\" class=\"block-find-health-clinic__link button button--tertiary\" target=\"_blank\">\n\t\t\t\t\t\t\t\t\t<svg width=\"24\" height=\"24\">\n\t\t\t\t\t\t\t\t\t\t<use xlink:href=\"#ico-pin-map\"\/>\n\t\t\t\t\t\t\t\t\t<\/svg>\n\t\t\t\t\t\t\t\t\t544 Saint-Antoine St., <br> La Tuque (Qu\u00e9bec) G9X 2Y4 \n\t\t\t\t\t\t\t\t<\/a>\n\t\t\t\t\t\t\t\t\t\t\t\t\t\t<a href=\"tel:+8195236121\" class=\"block-find-health-clinic__link button button--tertiary\">\n\t\t\t\t\t\t\t\t<svg width=\"24\" height=\"24\">\n\t\t\t\t\t\t\t\t\t<use xlink:href=\"#ico-phone\"\/>\n\t\t\t\t\t\t\t\t<\/svg>\n\t\t\t\t\t\t\t\t819 523-6121\n\t\t\t\t\t\t\t<\/a>\n\t\t\t\t\t\t\t\t\t\t\t\t\t<\/li>\n\t\t\t\t\t\t\t\t\t\t\t<li>\n\t\t\t\t\t\t\t<h2 class=\"block-find-health-clinic__list-title\">Mirerimowin Clinic <br>at the Centre d&#8217;amiti\u00e9 autochtone de Lanaudi\u00e8re<\/h2>\n\t\t\t\t\t\t\t\t\t\t\t\t\t\t\t<a href=\"https:\/\/www.google.com\/maps\/place\/523+Bd+Sainte-Anne,+Joliette,+QC+J6E+5A3\/@46.0318253,-73.4475625,16z\/data=!3m1!4b1!4m6!3m5!1s0x4cc8bdb18cbdbe93:0xaafd5ced4df00d70!8m2!3d46.0318253!4d-73.4475625!16s%2Fg%2F11c48nhk5y?entry=ttu&#038;g_ep=EgoyMDI1MTAxNC4wIKXMDSoASAFQAw%3D%3D\" class=\"block-find-health-clinic__link button button--tertiary\" target=\"_blank\">\n\t\t\t\t\t\t\t\t\t<svg width=\"24\" height=\"24\">\n\t\t\t\t\t\t\t\t\t\t<use xlink:href=\"#ico-pin-map\"\/>\n\t\t\t\t\t\t\t\t\t<\/svg>\n\t\t\t\t\t\t\t\t\t523 Sainte-Anne Blvd., <br> Joliette (Qu\u00e9bec) J6E 5A3\n\t\t\t\t\t\t\t\t<\/a>\n\t\t\t\t\t\t\t\t\t\t\t\t\t\t<a href=\"tel:+4507603865\" class=\"block-find-health-clinic__link button button--tertiary\">\n\t\t\t\t\t\t\t\t<svg width=\"24\" height=\"24\">\n\t\t\t\t\t\t\t\t\t<use xlink:href=\"#ico-phone\"\/>\n\t\t\t\t\t\t\t\t<\/svg>\n\t\t\t\t\t\t\t\t450-760-3865\n\t\t\t\t\t\t\t<\/a>\n\t\t\t\t\t\t\t\t\t\t\t\t\t\t\t<a href=\"tel:+4504990208\" class=\"block-find-health-clinic__link button button--tertiary\">\n\t\t\t\t\t\t\t\t\t450 499-0208\n\t\t\t\t\t\t\t\t\t<span>(Fax)<\/span>\n\t\t\t\t\t\t\t\t<\/a>\n\t\t\t\t\t\t\t\t\t\t\t\t\t<\/li>\n\t\t\t\t\t\t\t\t\t\t\t<li>\n\t\t\t\t\t\t\t<h2 class=\"block-find-health-clinic__list-title\">Tinaki Wagomig Wellness Centre <br>at the Maniwaki Native Friendship Centre<\/h2>\n\t\t\t\t\t\t\t\t\t\t\t\t\t\t\t<a href=\"https:\/\/www.google.ca\/maps\/place\/Maniwaki+Native+Friendship+Center\/@46.3758661,-75.9789027,16z\/data=!3m1!4b1!4m6!3m5!1s0x4cd06f652282de33:0x698167f9c9b99094!8m2!3d46.3758624!4d-75.9763278!16s%2Fg%2F11g6bw2rj0?hl=fr&#038;entry=ttu&#038;g_ep=EgoyMDI1MTAxNC4wIKXMDSoASAFQAw%3D%3D\" class=\"block-find-health-clinic__link button button--tertiary\" target=\"_blank\">\n\t\t\t\t\t\t\t\t\t<svg width=\"24\" height=\"24\">\n\t\t\t\t\t\t\t\t\t\t<use xlink:href=\"#ico-pin-map\"\/>\n\t\t\t\t\t\t\t\t\t<\/svg>\n\t\t\t\t\t\t\t\t\t153 Laurier St., <br> Maniwaki (Qu\u00e9bec) J9E 2K6\n\t\t\t\t\t\t\t\t<\/a>\n\t\t\t\t\t\t\t\t\t\t\t\t\t\t<a href=\"tel:+8198920892\" class=\"block-find-health-clinic__link button button--tertiary\">\n\t\t\t\t\t\t\t\t<svg width=\"24\" height=\"24\">\n\t\t\t\t\t\t\t\t\t<use xlink:href=\"#ico-phone\"\/>\n\t\t\t\t\t\t\t\t<\/svg>\n\t\t\t\t\t\t\t\t819 892-0892\n\t\t\t\t\t\t\t<\/a>\n\t\t\t\t\t\t\t\t\t\t\t\t\t\t\t<a href=\"tel:+8193061036\" class=\"block-find-health-clinic__link button button--tertiary\">\n\t\t\t\t\t\t\t\t\t819 306-1036\n\t\t\t\t\t\t\t\t\t<span>(Fax)<\/span>\n\t\t\t\t\t\t\t\t<\/a>\n\t\t\t\t\t\t\t\t\t\t\t\t\t<\/li>\n\t\t\t\t\t\t\t\t\t\t\t<li>\n\t\t\t\t\t\t\t<h2 class=\"block-find-health-clinic__list-title\">Uatik&#8217;<sup>u<\/sup> Clinic <br>at the Centre multi-services MAMUK<\/h2>\n\t\t\t\t\t\t\t\t\t\t\t\t\t\t\t<a href=\"https:\/\/www.google.com\/maps\/place\/8155+1re+Av.,+Qu%C3%A9bec,+QC+G1G+4B8\/data=!4m2!3m1!1s0x4cb8bd42246eaaab:0x5ecb8b7116bdc66d?sa=X&#038;ved=1t:242&#038;ictx=111\" class=\"block-find-health-clinic__link button button--tertiary\" target=\"_blank\">\n\t\t\t\t\t\t\t\t\t<svg width=\"24\" height=\"24\">\n\t\t\t\t\t\t\t\t\t\t<use xlink:href=\"#ico-pin-map\"\/>\n\t\t\t\t\t\t\t\t\t<\/svg>\n\t\t\t\t\t\t\t\t\t8155 1re Avenue, <br>Qu\u00e9bec City (Qu\u00e9bec)  G1G 4B8\n\t\t\t\t\t\t\t\t<\/a>\n\t\t\t\t\t\t\t\t\t\t\t\t\t\t<a href=\"tel:+4184768083229\" class=\"block-find-health-clinic__link button button--tertiary\">\n\t\t\t\t\t\t\t\t<svg width=\"24\" height=\"24\">\n\t\t\t\t\t\t\t\t\t<use xlink:href=\"#ico-phone\"\/>\n\t\t\t\t\t\t\t\t<\/svg>\n\t\t\t\t\t\t\t\t418 476-8083 ext. 229\n\t\t\t\t\t\t\t<\/a>\n\t\t\t\t\t\t\t\t\t\t\t\t\t\t\t<a href=\"tel:+5813004445\" class=\"block-find-health-clinic__link button button--tertiary\">\n\t\t\t\t\t\t\t\t\t581 300-4445\n\t\t\t\t\t\t\t\t\t<span>(Fax)<\/span>\n\t\t\t\t\t\t\t\t<\/a>\n\t\t\t\t\t\t\t\t\t\t\t\t\t<\/li>\n\t\t\t\t\t\t\t\t\t\t\t<li>\n\t\t\t\t\t\t\t<h2 class=\"block-find-health-clinic__list-title\">Indigenous health services<br>at the Centre d&#8217;amiti\u00e9 autochtone de <br>Trois-Rivi\u00e8res<\/h2>\n\t\t\t\t\t\t\t\t\t\t\t\t\t\t\t<a href=\"https:\/\/www.google.com\/maps\/place\/3900+Rue+Laurent+L%C3%A9tourneau,+Trois-Rivi%C3%A8res,+QC+G8Y+6G3\/data=!4m2!3m1!1s0x4cc7c8d290db1e35:0x2bf4db162de1b6d2?sa=X&#038;ved=1t:242&#038;ictx=111\" class=\"block-find-health-clinic__link button button--tertiary\" target=\"_blank\">\n\t\t\t\t\t\t\t\t\t<svg width=\"24\" height=\"24\">\n\t\t\t\t\t\t\t\t\t\t<use xlink:href=\"#ico-pin-map\"\/>\n\t\t\t\t\t\t\t\t\t<\/svg>\n\t\t\t\t\t\t\t\t\t3900 Laurent L\u00e9tourneau St.,<br>Trois-Rivi\u00e8res (Qu\u00e9bec) G8Y 6G3\n\t\t\t\t\t\t\t\t<\/a>\n\t\t\t\t\t\t\t\t\t\t\t\t\t\t<a href=\"tel:+8198406155\" class=\"block-find-health-clinic__link button button--tertiary\">\n\t\t\t\t\t\t\t\t<svg width=\"24\" height=\"24\">\n\t\t\t\t\t\t\t\t\t<use xlink:href=\"#ico-phone\"\/>\n\t\t\t\t\t\t\t\t<\/svg>\n\t\t\t\t\t\t\t\t819 840-6155\n\t\t\t\t\t\t\t<\/a>\n\t\t\t\t\t\t\t\t\t\t\t\t\t<\/li>\n\t\t\t\t\t\t\t\t\t\t\t<li>\n\t\t\t\t\t\t\t<h2 class=\"block-find-health-clinic__list-title\">Nitnat Clinic<br>at the Centre d&#8217;amiti\u00e9 autochtone de Qu\u00e9bec<\/h2>\n\t\t\t\t\t\t\t\t\t\t\t\t\t\t\t<a href=\"https:\/\/www.google.com\/maps\/place\/14+Rue+St+Amand,+Qu%C3%A9bec,+QC+G2A+1S6\/@46.8549447,-71.3585999,17z\/data=!4m6!3m5!1s0x4cb8987d99655629:0x514ce054758f9232!8m2!3d46.8546512!4d-71.3590076!16s%2Fg%2F11b8vfgvk9?entry=ttu&#038;g_ep=EgoyMDI1MTAwNC4wIKXMDSoASAFQAw%3D%3D\" class=\"block-find-health-clinic__link button button--tertiary\" target=\"_blank\">\n\t\t\t\t\t\t\t\t\t<svg width=\"24\" height=\"24\">\n\t\t\t\t\t\t\t\t\t\t<use xlink:href=\"#ico-pin-map\"\/>\n\t\t\t\t\t\t\t\t\t<\/svg>\n\t\t\t\t\t\t\t\t\t14 Saint-Amand St., Door 4, 2nd Floor, <br>Qu\u00e9bec City (Qu\u00e9bec)  G2A 2K9\n\t\t\t\t\t\t\t\t<\/a>\n\t\t\t\t\t\t\t\t\t\t\t\t\t\t<a href=\"tel:+4188435818411\" class=\"block-find-health-clinic__link button button--tertiary\">\n\t\t\t\t\t\t\t\t<svg width=\"24\" height=\"24\">\n\t\t\t\t\t\t\t\t\t<use xlink:href=\"#ico-phone\"\/>\n\t\t\t\t\t\t\t\t<\/svg>\n\t\t\t\t\t\t\t\t418 843-5818 ext. 411\n\t\t\t\t\t\t\t<\/a>\n\t\t\t\t\t\t\t\t\t\t\t\t\t<\/li>\n\t\t\t\t\t\t\t\t\t<\/ul>\n\t\t\t<\/div>\n\t\t<\/div>\n\t<\/div>\n\n\n\t<div class=\"item item--small component-gallery\" >\n\t\t<div class=\"container\">\n\t\t\t<div class=\"block-gallery\">\n\t\t\t\t<img decoding=\"async\" class=\"block-gallery__first-image\" src=\"https:\/\/www.rcaaq.ca\/wp-content\/uploads\/2025\/10\/Clinique-sante-autochtone-local-trois-rivieres.jpg\" alt=\"Mat\u00e9riel m\u00e9dical dispos\u00e9 sur une table dans une clinique autochtone, avec tubes de pr\u00e9l\u00e8vement, gants et instruments st\u00e9riles.\">\n\t\t\t\t<img decoding=\"async\" class=\"block-gallery__second-image\" src=\"https:\/\/www.rcaaq.ca\/wp-content\/uploads\/2025\/10\/Clinique-sante-autochtone-infirmiere-trois-rivieres.jpg\" alt=\"Salle de consultation dans une clinique de sant\u00e9 autochtone, avec fauteuil m\u00e9dical et professionnel en discussion.\">\n\t\t\t\t<img decoding=\"async\" class=\"block-gallery__third-image\" src=\"https:\/\/www.rcaaq.ca\/wp-content\/uploads\/2025\/10\/Clinique-sante-autochtone-montreal-autochtone-e1760629333533.jpg\" alt=\"Salle Foin d'odeur dans une clinique de sant\u00e9 autochtone d\u2019un Centre d\u2019amiti\u00e9, illustrant un espace d\u00e9di\u00e9 aux services communautaires pour les Premi\u00e8res Nations et les Inuit en milieu urbain.\">\n\t\t\t\t<img decoding=\"async\" class=\"block-gallery__fourth-image\" src=\"https:\/\/www.rcaaq.ca\/wp-content\/uploads\/2025\/10\/Clinique-sante-autochtone-infirmiere-trois-rivieres-1.jpg\" alt=\"Professionnel de sant\u00e9 assis \u00e0 un bureau, tenant un document lors d\u2019une consultation dans une clinique en sant\u00e9 autochtone d'un Centre d'amiti\u00e9.\">\n\t\t\t<\/div>\n\t\t<\/div>\n\t<\/div>\n","protected":false},"excerpt":{"rendered":"Find a clinic","protected":false},"author":4,"featured_media":0,"parent":0,"menu_order":0,"comment_status":"closed","ping_status":"closed","template":"","meta":{"_acf_changed":false,"footnotes":""},"class_list":["post-2840","page","type-page","status-publish","hentry"],"acf":[],"yoast_head":"<!-- This site is optimized with the Yoast SEO plugin v25.6 - https:\/\/yoast.com\/wordpress\/plugins\/seo\/ -->\n<title>Find an Indigenous health clinic - rcaaq<\/title>\n<meta name=\"robots\" content=\"index, follow, max-snippet:-1, max-image-preview:large, max-video-preview:-1\" \/>\n<link rel=\"canonical\" href=\"https:\/\/www.rcaaq.ca\/en\/find-an-indigenous-health-clinic\/\" \/>\n<meta property=\"og:locale\" content=\"en_US\" \/>\n<meta property=\"og:type\" content=\"article\" \/>\n<meta property=\"og:title\" content=\"Find an Indigenous health clinic - rcaaq\" \/>\n<meta property=\"og:description\" content=\"Find a clinic\" \/>\n<meta property=\"og:url\" content=\"https:\/\/www.rcaaq.ca\/en\/find-an-indigenous-health-clinic\/\" \/>\n<meta property=\"og:site_name\" content=\"rcaaq\" \/>\n<meta property=\"article:modified_time\" content=\"2025-11-07T15:27:52+00:00\" \/>\n<meta property=\"og:image\" content=\"https:\/\/www.rcaaq.ca\/wp-content\/uploads\/2025\/09\/Image_OG_1200x675.png\" \/>\n\t<meta property=\"og:image:width\" content=\"1200\" \/>\n\t<meta property=\"og:image:height\" content=\"675\" \/>\n\t<meta property=\"og:image:type\" content=\"image\/png\" \/>\n<meta name=\"twitter:card\" content=\"summary_large_image\" \/>\n<meta name=\"twitter:label1\" content=\"Est. reading time\" \/>\n\t<meta name=\"twitter:data1\" content=\"1 minute\" \/>\n<script type=\"application\/ld+json\" class=\"yoast-schema-graph\">{\"@context\":\"https:\/\/schema.org\",\"@graph\":[{\"@type\":\"WebPage\",\"@id\":\"https:\/\/www.rcaaq.ca\/en\/find-an-indigenous-health-clinic\/\",\"url\":\"https:\/\/www.rcaaq.ca\/en\/find-an-indigenous-health-clinic\/\",\"name\":\"Find an Indigenous health clinic - rcaaq\",\"isPartOf\":{\"@id\":\"https:\/\/www.rcaaq.ca\/en\/#website\"},\"datePublished\":\"2025-08-29T17:36:28+00:00\",\"dateModified\":\"2025-11-07T15:27:52+00:00\",\"inLanguage\":\"en-US\",\"potentialAction\":[{\"@type\":\"ReadAction\",\"target\":[\"https:\/\/www.rcaaq.ca\/en\/find-an-indigenous-health-clinic\/\"]}]},{\"@type\":\"WebSite\",\"@id\":\"https:\/\/www.rcaaq.ca\/en\/#website\",\"url\":\"https:\/\/www.rcaaq.ca\/en\/\",\"name\":\"Regroupement des centres d'amiti\u00e9 autochtones du Qu\u00e9bec\",\"description\":\"\",\"alternateName\":\"RCAAQ\",\"potentialAction\":[{\"@type\":\"SearchAction\",\"target\":{\"@type\":\"EntryPoint\",\"urlTemplate\":\"https:\/\/www.rcaaq.ca\/en\/?s={search_term_string}\"},\"query-input\":{\"@type\":\"PropertyValueSpecification\",\"valueRequired\":true,\"valueName\":\"search_term_string\"}}],\"inLanguage\":\"en-US\"}]}<\/script>\n<!-- \/ Yoast SEO plugin. -->","yoast_head_json":{"title":"Find an Indigenous health clinic - rcaaq","robots":{"index":"index","follow":"follow","max-snippet":"max-snippet:-1","max-image-preview":"max-image-preview:large","max-video-preview":"max-video-preview:-1"},"canonical":"https:\/\/www.rcaaq.ca\/en\/find-an-indigenous-health-clinic\/","og_locale":"en_US","og_type":"article","og_title":"Find an Indigenous health clinic - rcaaq","og_description":"Find a clinic","og_url":"https:\/\/www.rcaaq.ca\/en\/find-an-indigenous-health-clinic\/","og_site_name":"rcaaq","article_modified_time":"2025-11-07T15:27:52+00:00","og_image":[{"width":1200,"height":675,"url":"https:\/\/www.rcaaq.ca\/wp-content\/uploads\/2025\/09\/Image_OG_1200x675.png","type":"image\/png"}],"twitter_card":"summary_large_image","twitter_misc":{"Est. reading time":"1 minute"},"schema":{"@context":"https:\/\/schema.org","@graph":[{"@type":"WebPage","@id":"https:\/\/www.rcaaq.ca\/en\/find-an-indigenous-health-clinic\/","url":"https:\/\/www.rcaaq.ca\/en\/find-an-indigenous-health-clinic\/","name":"Find an Indigenous health clinic - rcaaq","isPartOf":{"@id":"https:\/\/www.rcaaq.ca\/en\/#website"},"datePublished":"2025-08-29T17:36:28+00:00","dateModified":"2025-11-07T15:27:52+00:00","inLanguage":"en-US","potentialAction":[{"@type":"ReadAction","target":["https:\/\/www.rcaaq.ca\/en\/find-an-indigenous-health-clinic\/"]}]},{"@type":"WebSite","@id":"https:\/\/www.rcaaq.ca\/en\/#website","url":"https:\/\/www.rcaaq.ca\/en\/","name":"Regroupement des centres d'amiti\u00e9 autochtones du Qu\u00e9bec","description":"","alternateName":"RCAAQ","potentialAction":[{"@type":"SearchAction","target":{"@type":"EntryPoint","urlTemplate":"https:\/\/www.rcaaq.ca\/en\/?s={search_term_string}"},"query-input":{"@type":"PropertyValueSpecification","valueRequired":true,"valueName":"search_term_string"}}],"inLanguage":"en-US"}]}},"_links":{"self":[{"href":"https:\/\/www.rcaaq.ca\/en\/wp-json\/wp\/v2\/pages\/2840","targetHints":{"allow":["GET"]}}],"collection":[{"href":"https:\/\/www.rcaaq.ca\/en\/wp-json\/wp\/v2\/pages"}],"about":[{"href":"https:\/\/www.rcaaq.ca\/en\/wp-json\/wp\/v2\/types\/page"}],"author":[{"embeddable":true,"href":"https:\/\/www.rcaaq.ca\/en\/wp-json\/wp\/v2\/users\/4"}],"replies":[{"embeddable":true,"href":"https:\/\/www.rcaaq.ca\/en\/wp-json\/wp\/v2\/comments?post=2840"}],"version-history":[{"count":9,"href":"https:\/\/www.rcaaq.ca\/en\/wp-json\/wp\/v2\/pages\/2840\/revisions"}],"predecessor-version":[{"id":4866,"href":"https:\/\/www.rcaaq.ca\/en\/wp-json\/wp\/v2\/pages\/2840\/revisions\/4866"}],"wp:attachment":[{"href":"https:\/\/www.rcaaq.ca\/en\/wp-json\/wp\/v2\/media?parent=2840"}],"curies":[{"name":"wp","href":"https:\/\/api.w.org\/{rel}","templated":true}]}}