{"id":2398,"date":"2025-08-13T15:26:52","date_gmt":"2025-08-13T13:26:52","guid":{"rendered":"https:\/\/www.rcaaq.ca\/?page_id=2398"},"modified":"2025-11-20T15:06:32","modified_gmt":"2025-11-20T14:06:32","slug":"contact-us","status":"publish","type":"page","link":"https:\/\/www.rcaaq.ca\/en\/contact-us\/","title":{"rendered":"Contact us"},"content":{"rendered":"\t<div class=\"component-block-spacer\" >\n\t\t<div class=\"block-spacer\"><\/div>\n\t<\/div>\n\n\n\t<div class=\"item item--medium component-block-content-with-icons\" >\n\t\t<div class=\"container\">\n\t\t\t<div class=\"block-content-with-icons\">\n\t\t\t\t\t\t\t\t\t<div class=\"block-content-with-icons__heading\">\n\t\t\t\t\t\t\t\t\t\t\t\t\t<h2 class=\"h2\">Contact us<\/h2>\n\t\t\t\t\t\t\n\t\t\t\t\t\t\t\t\t\t\t<\/div>\n\t\t\t\t\n\t\t\t\t<div class=\"block-content-with-icons__content\">\n\t\t\t\t\t\t\t\t\t\t\t<div class=\"block-content-with-icons__card\">\n\t\t\t\t\t\t\t<img loading=\"lazy\" decoding=\"async\" width=\"224\" height=\"224\" src=\"https:\/\/www.rcaaq.ca\/wp-content\/uploads\/2025\/09\/Icone_coordonnees_adresse_RCAAQ-224x224.png\" class=\"attachment-block_content_icon size-block_content_icon\" alt=\"Ic\u00f4ne jaune d\u2019un rep\u00e8re de localisation, repr\u00e9sentant les coordonn\u00e9es d\u2019adresse du RCAAQ.\" srcset=\"https:\/\/www.rcaaq.ca\/wp-content\/uploads\/2025\/09\/Icone_coordonnees_adresse_RCAAQ-224x224.png 224w, https:\/\/www.rcaaq.ca\/wp-content\/uploads\/2025\/09\/Icone_coordonnees_adresse_RCAAQ-300x300.png 300w, https:\/\/www.rcaaq.ca\/wp-content\/uploads\/2025\/09\/Icone_coordonnees_adresse_RCAAQ-150x150.png 150w, https:\/\/www.rcaaq.ca\/wp-content\/uploads\/2025\/09\/Icone_coordonnees_adresse_RCAAQ-288x288.png 288w, https:\/\/www.rcaaq.ca\/wp-content\/uploads\/2025\/09\/Icone_coordonnees_adresse_RCAAQ-384x384.png 384w, https:\/\/www.rcaaq.ca\/wp-content\/uploads\/2025\/09\/Icone_coordonnees_adresse_RCAAQ-242x242.png 242w, https:\/\/www.rcaaq.ca\/wp-content\/uploads\/2025\/09\/Icone_coordonnees_adresse_RCAAQ-310x310.png 310w, https:\/\/www.rcaaq.ca\/wp-content\/uploads\/2025\/09\/Icone_coordonnees_adresse_RCAAQ.png 600w\" sizes=\"auto, (max-width: 224px) 100vw, 224px\" \/>\n\t\t\t\t\t\t\t<div class=\"block-content-with-icons__card__content\">\n\t\t\t\t\t\t\t\t<p class=\"h4\">Address<\/p>\n\t\t\t\t\t\t\t\t\t\t\t\t\t\t\t\t\t<div class=\"wysiwyg\">\n\t\t\t\t\t\t\t\t\t\t<p>85 Bastien Blvd.,<br \/>\nWendake (Qu\u00e9bec)\u00a0 G0A 4V0<br \/>\n<a href=\"https:\/\/www.google.com\/maps\/place\/85+Bd+Bastien,+Wendake,+QC+G0A+4V0\/@46.8562783,-71.3523338,16z\/data=!4m16!1m9!3m8!1s0x4cb8987eb3b3b455:0xba1498ee9a71f10e!2s85+Bd+Bastien,+Wendake,+QC+G0A+4V0!3b1!8m2!3d46.8564418!4d-71.3523289!10e5!16s%2Fg%2F11svxmlzyb!3m5!1s0x4cb8987eb3b3b455:0xba1498ee9a71f10e!8m2!3d46.8564418!4d-71.3523289!16s%2Fg%2F11svxmlzyb?entry=ttu&amp;g_ep=EgoyMDI1MDkyMy4wIKXMDSoASAFQAw%3D%3D\">View map<\/a><\/p>\n\n\t\t\t\t\t\t\t\t\t<\/div>\n\t\t\t\t\t\t\t\t\t\t\t\t\t\t\t<\/div>\n\t\t\t\t\t\t<\/div>\n\t\t\t\t\t\t\t\t\t\t\t<div class=\"block-content-with-icons__card\">\n\t\t\t\t\t\t\t<img loading=\"lazy\" decoding=\"async\" width=\"224\" height=\"224\" src=\"https:\/\/www.rcaaq.ca\/wp-content\/uploads\/2025\/09\/Icone_coordonnees_telephone_RCAAQ-224x224.png\" class=\"attachment-block_content_icon size-block_content_icon\" alt=\"Ic\u00f4ne stylis\u00e9e d\u2019un t\u00e9l\u00e9phone fixe en jaune, repr\u00e9sentant les coordonn\u00e9es de contact\" srcset=\"https:\/\/www.rcaaq.ca\/wp-content\/uploads\/2025\/09\/Icone_coordonnees_telephone_RCAAQ-224x224.png 224w, https:\/\/www.rcaaq.ca\/wp-content\/uploads\/2025\/09\/Icone_coordonnees_telephone_RCAAQ-300x300.png 300w, https:\/\/www.rcaaq.ca\/wp-content\/uploads\/2025\/09\/Icone_coordonnees_telephone_RCAAQ-150x150.png 150w, https:\/\/www.rcaaq.ca\/wp-content\/uploads\/2025\/09\/Icone_coordonnees_telephone_RCAAQ-288x288.png 288w, https:\/\/www.rcaaq.ca\/wp-content\/uploads\/2025\/09\/Icone_coordonnees_telephone_RCAAQ-384x384.png 384w, https:\/\/www.rcaaq.ca\/wp-content\/uploads\/2025\/09\/Icone_coordonnees_telephone_RCAAQ-242x242.png 242w, https:\/\/www.rcaaq.ca\/wp-content\/uploads\/2025\/09\/Icone_coordonnees_telephone_RCAAQ-310x310.png 310w, https:\/\/www.rcaaq.ca\/wp-content\/uploads\/2025\/09\/Icone_coordonnees_telephone_RCAAQ.png 600w\" sizes=\"auto, (max-width: 224px) 100vw, 224px\" \/>\n\t\t\t\t\t\t\t<div class=\"block-content-with-icons__card__content\">\n\t\t\t\t\t\t\t\t<p class=\"h4\">Telephone<\/p>\n\t\t\t\t\t\t\t\t\t\t\t\t\t\t\t\t\t<div class=\"wysiwyg\">\n\t\t\t\t\t\t\t\t\t\t<ul>\n<li>418-842-6354<\/li>\n<li>1-877-842-6354 (toll free)<\/li>\n<\/ul>\n\n\t\t\t\t\t\t\t\t\t<\/div>\n\t\t\t\t\t\t\t\t\t\t\t\t\t\t\t<\/div>\n\t\t\t\t\t\t<\/div>\n\t\t\t\t\t\t\t\t\t\t\t<div class=\"block-content-with-icons__card\">\n\t\t\t\t\t\t\t<img loading=\"lazy\" decoding=\"async\" width=\"224\" height=\"224\" src=\"https:\/\/www.rcaaq.ca\/wp-content\/uploads\/2025\/09\/Icone_coordonnees_courriel_RCAAQ-224x224.png\" class=\"attachment-block_content_icon size-block_content_icon\" alt=\"Ic\u00f4ne jaune d\u2019une enveloppe ouverte avec le symbole @, repr\u00e9sentant les coordonn\u00e9es courriel du RCAAQ.\" srcset=\"https:\/\/www.rcaaq.ca\/wp-content\/uploads\/2025\/09\/Icone_coordonnees_courriel_RCAAQ-224x224.png 224w, https:\/\/www.rcaaq.ca\/wp-content\/uploads\/2025\/09\/Icone_coordonnees_courriel_RCAAQ-300x300.png 300w, https:\/\/www.rcaaq.ca\/wp-content\/uploads\/2025\/09\/Icone_coordonnees_courriel_RCAAQ-150x150.png 150w, https:\/\/www.rcaaq.ca\/wp-content\/uploads\/2025\/09\/Icone_coordonnees_courriel_RCAAQ-288x288.png 288w, https:\/\/www.rcaaq.ca\/wp-content\/uploads\/2025\/09\/Icone_coordonnees_courriel_RCAAQ-384x384.png 384w, https:\/\/www.rcaaq.ca\/wp-content\/uploads\/2025\/09\/Icone_coordonnees_courriel_RCAAQ-242x242.png 242w, https:\/\/www.rcaaq.ca\/wp-content\/uploads\/2025\/09\/Icone_coordonnees_courriel_RCAAQ-310x310.png 310w, https:\/\/www.rcaaq.ca\/wp-content\/uploads\/2025\/09\/Icone_coordonnees_courriel_RCAAQ.png 600w\" sizes=\"auto, (max-width: 224px) 100vw, 224px\" \/>\n\t\t\t\t\t\t\t<div class=\"block-content-with-icons__card__content\">\n\t\t\t\t\t\t\t\t<p class=\"h4\">Email<\/p>\n\t\t\t\t\t\t\t\t\t\t\t\t\t\t\t\t\t<div class=\"wysiwyg\">\n\t\t\t\t\t\t\t\t\t\t<p><a href=\"mailto:info@rcaaq.ca\">info@rcaaq.ca<\/a><\/p>\n\n\t\t\t\t\t\t\t\t\t<\/div>\n\t\t\t\t\t\t\t\t\t\t\t\t\t\t\t<\/div>\n\t\t\t\t\t\t<\/div>\n\t\t\t\t\t\t\t\t\t<\/div>\n\t\t\t<\/div>\n\t\t<\/div>\n\t<\/div>\n\n\n\t<div class=\"component-block-spacer\" >\n\t\t<div class=\"block-spacer is-reversed\"><\/div>\n\t<\/div>\n\n\n<div class=\"item wysiwyg component-heading\"  ><div class=\"container-small\">\n<h3 class=\"wp-block-heading\">Join a Friendship Centre<\/h3>\n<\/div><\/div>\n\n\t<div \n\t\tclass=\"item item--medium component-block-reversible-image-text gradient-background\"\n\t\t\t\tstyle=\"\"\n\t>\n\t\t<div class=\"container-small\">\n\t\t\t<div class=\"block-reversible-image-text is-reversed\">\n\t\t\t\t<div class=\"block-reversible-image-text__image\">\n\t\t\t\t\t<img loading=\"lazy\" decoding=\"async\" width=\"1000\" height=\"1333\" src=\"https:\/\/www.rcaaq.ca\/wp-content\/uploads\/2025\/10\/Interieur-tipi-autochtone-lumiere-1000x1333.jpg\" class=\"attachment-mw_1000 size-mw_1000\" alt=\"Vue int\u00e9rieure d\u2019un tipi traditionnel avec des perches en bois et une toile aux teintes chaudes, illustrant la culture et l\u2019art autochtone.\" srcset=\"https:\/\/www.rcaaq.ca\/wp-content\/uploads\/2025\/10\/Interieur-tipi-autochtone-lumiere-1000x1333.jpg 1000w, https:\/\/www.rcaaq.ca\/wp-content\/uploads\/2025\/10\/Interieur-tipi-autochtone-lumiere-225x300.jpg 225w, https:\/\/www.rcaaq.ca\/wp-content\/uploads\/2025\/10\/Interieur-tipi-autochtone-lumiere-768x1024.jpg 768w, https:\/\/www.rcaaq.ca\/wp-content\/uploads\/2025\/10\/Interieur-tipi-autochtone-lumiere-1152x1536.jpg 1152w, https:\/\/www.rcaaq.ca\/wp-content\/uploads\/2025\/10\/Interieur-tipi-autochtone-lumiere-1536x2048.jpg 1536w, https:\/\/www.rcaaq.ca\/wp-content\/uploads\/2025\/10\/Interieur-tipi-autochtone-lumiere-1400x1867.jpg 1400w, https:\/\/www.rcaaq.ca\/wp-content\/uploads\/2025\/10\/Interieur-tipi-autochtone-lumiere-800x1067.jpg 800w, https:\/\/www.rcaaq.ca\/wp-content\/uploads\/2025\/10\/Interieur-tipi-autochtone-lumiere-168x224.jpg 168w, https:\/\/www.rcaaq.ca\/wp-content\/uploads\/2025\/10\/Interieur-tipi-autochtone-lumiere-216x288.jpg 216w, https:\/\/www.rcaaq.ca\/wp-content\/uploads\/2025\/10\/Interieur-tipi-autochtone-lumiere-516x688.jpg 516w, https:\/\/www.rcaaq.ca\/wp-content\/uploads\/2025\/10\/Interieur-tipi-autochtone-lumiere-288x384.jpg 288w, https:\/\/www.rcaaq.ca\/wp-content\/uploads\/2025\/10\/Interieur-tipi-autochtone-lumiere-608x811.jpg 608w, https:\/\/www.rcaaq.ca\/wp-content\/uploads\/2025\/10\/Interieur-tipi-autochtone-lumiere-458x610.jpg 458w, https:\/\/www.rcaaq.ca\/wp-content\/uploads\/2025\/10\/Interieur-tipi-autochtone-lumiere-242x323.jpg 242w, https:\/\/www.rcaaq.ca\/wp-content\/uploads\/2025\/10\/Interieur-tipi-autochtone-lumiere-233x310.jpg 233w, https:\/\/www.rcaaq.ca\/wp-content\/uploads\/2025\/10\/Interieur-tipi-autochtone-lumiere-scaled.jpg 1920w\" sizes=\"auto, (max-width: 1000px) 100vw, 1000px\" \/>\n\t\t\t\t<\/div>\n\t\t\t\t<div class=\"block-reversible-image-text__content\">\n\t\t\t\t\t<div class=\"wysiwyg\">\n\t\t\t\t\t\t<ul>\n<li><strong>Baie-Comeau<\/strong><br \/>\n<a href=\"https:\/\/www.rcaaq.ca\/en\/friendship-center\/centre-damitie-autochtone-de-manicouagan\/\">Centre d&#8217;amiti\u00e9 autochtone de Manicouagan<\/a><\/li>\n<li><strong>Chibougamau<\/strong><br \/>\n<a href=\"https:\/\/www.rcaaq.ca\/en\/friendship-center\/chibougamau-eenou-friendship-centre\/\">Chibougamau Eenou Friendship Centre<\/a><\/li>\n<li><strong>Joliette<\/strong><br \/>\n<a href=\"https:\/\/www.rcaaq.ca\/en\/friendship-center\/centre-damitie-autochtone-de-lanaudiere\/\">Centre d&#8217;amiti\u00e9 autochtone de Lanaudi\u00e8re<\/a><\/li>\n<li><strong>La Tuque<\/strong><br \/>\n<a href=\"https:\/\/www.rcaaq.ca\/en\/friendship-center\/centre-damitie-autochtone-capetciwotakanik-la-tuque\/\">Centre d&#8217;amiti\u00e9 autochtone Capetciwotakanik &#8211; La Tuque<\/a><\/li>\n<li><strong>Maniwaki<br \/>\n<\/strong><a href=\"https:\/\/www.rcaaq.ca\/en\/friendship-center\/maniwaki-indigenous-friendship-centre\/\">Maniwaki Native Friendship Centre<\/a><\/li>\n<li><strong>Montr\u00e9al<\/strong><br \/>\n<a href=\"https:\/\/www.rcaaq.ca\/en\/friendship-center\/native-montreal\/\">Native Montreal<\/a><\/li>\n<li><strong>Qu\u00e9bec<\/strong><br \/>\n<a href=\"https:\/\/www.rcaaq.ca\/en\/friendship-center\/centre-multi-services-mamuk\/\">Centre multiservices MAMUK<\/a><\/li>\n<li><strong>Senneterre<\/strong><br \/>\n<a href=\"https:\/\/www.rcaaq.ca\/en\/friendship-center\/centre-dentraide-et-damitie-autochtone-de-senneterre\/\">Centre d&#8217;entraide et d&#8217;amiti\u00e9 autochtone de Senneterre<\/a><\/li>\n<li><strong>Sept-\u00celes<\/strong><br \/>\n<a href=\"https:\/\/www.rcaaq.ca\/en\/friendship-center\/centre-damitie-autochtone-de-sept-iles\/\">Centre d&#8217;amiti\u00e9 autochtone de Sept-\u00celes<\/a><\/li>\n<li><strong>Trois-Rivi\u00e8res<\/strong><br \/>\n<a href=\"https:\/\/www.rcaaq.ca\/en\/friendship-center\/centre-damitie-autochtone-de-trois-rivieres\/\">Centre d&#8217;amiti\u00e9 autochtone de Trois-Rivi\u00e8res<\/a><\/li>\n<li><strong>Val-d&#8217;Or<\/strong><br \/>\n<a href=\"https:\/\/www.rcaaq.ca\/centre-amitie\/centre-damitie-autochtone-de-val-dor\/\">Val-d&#8217;Or Native Friendship Centre<\/a><\/li>\n<\/ul>\n\n\t\t\t\t\t<\/div>\n\t\t\t\t\t<div class=\"button-group\">\n\t\t\t\t\t\t\t\t\t\t\t<\/div>\n\t\t\t\t<\/div>\n\t\t\t<\/div>\n\t\t<\/div>\n\t<\/div>\n","protected":false},"excerpt":{"rendered":"Join a Friendship Centre","protected":false},"author":4,"featured_media":0,"parent":0,"menu_order":0,"comment_status":"closed","ping_status":"closed","template":"template-contact-us.php","meta":{"_acf_changed":false,"footnotes":""},"class_list":["post-2398","page","type-page","status-publish","hentry"],"acf":[],"yoast_head":"<!-- This site is optimized with the Yoast SEO plugin v25.6 - https:\/\/yoast.com\/wordpress\/plugins\/seo\/ -->\n<title>Contact us - rcaaq<\/title>\n<meta name=\"robots\" content=\"index, follow, max-snippet:-1, max-image-preview:large, max-video-preview:-1\" \/>\n<link rel=\"canonical\" href=\"https:\/\/www.rcaaq.ca\/en\/contact-us\/\" \/>\n<meta property=\"og:locale\" content=\"en_US\" \/>\n<meta property=\"og:type\" content=\"article\" \/>\n<meta property=\"og:title\" content=\"Contact us - rcaaq\" \/>\n<meta property=\"og:description\" content=\"Join a Friendship Centre\" \/>\n<meta property=\"og:url\" content=\"https:\/\/www.rcaaq.ca\/en\/contact-us\/\" \/>\n<meta property=\"og:site_name\" content=\"rcaaq\" \/>\n<meta property=\"article:modified_time\" content=\"2025-11-20T14:06:32+00:00\" \/>\n<meta property=\"og:image\" content=\"https:\/\/www.rcaaq.ca\/wp-content\/uploads\/2025\/09\/Image_OG_1200x675.png\" \/>\n\t<meta property=\"og:image:width\" content=\"1200\" \/>\n\t<meta property=\"og:image:height\" content=\"675\" \/>\n\t<meta property=\"og:image:type\" content=\"image\/png\" \/>\n<meta name=\"twitter:card\" content=\"summary_large_image\" \/>\n<meta name=\"twitter:label1\" content=\"Est. reading time\" \/>\n\t<meta name=\"twitter:data1\" content=\"1 minute\" \/>\n<script type=\"application\/ld+json\" class=\"yoast-schema-graph\">{\"@context\":\"https:\/\/schema.org\",\"@graph\":[{\"@type\":\"WebPage\",\"@id\":\"https:\/\/www.rcaaq.ca\/en\/contact-us\/\",\"url\":\"https:\/\/www.rcaaq.ca\/en\/contact-us\/\",\"name\":\"Contact us - rcaaq\",\"isPartOf\":{\"@id\":\"https:\/\/www.rcaaq.ca\/en\/#website\"},\"datePublished\":\"2025-08-13T13:26:52+00:00\",\"dateModified\":\"2025-11-20T14:06:32+00:00\",\"inLanguage\":\"en-US\",\"potentialAction\":[{\"@type\":\"ReadAction\",\"target\":[\"https:\/\/www.rcaaq.ca\/en\/contact-us\/\"]}]},{\"@type\":\"WebSite\",\"@id\":\"https:\/\/www.rcaaq.ca\/en\/#website\",\"url\":\"https:\/\/www.rcaaq.ca\/en\/\",\"name\":\"Regroupement des centres d'amiti\u00e9 autochtones du Qu\u00e9bec\",\"description\":\"\",\"alternateName\":\"RCAAQ\",\"potentialAction\":[{\"@type\":\"SearchAction\",\"target\":{\"@type\":\"EntryPoint\",\"urlTemplate\":\"https:\/\/www.rcaaq.ca\/en\/?s={search_term_string}\"},\"query-input\":{\"@type\":\"PropertyValueSpecification\",\"valueRequired\":true,\"valueName\":\"search_term_string\"}}],\"inLanguage\":\"en-US\"}]}<\/script>\n<!-- \/ Yoast SEO plugin. -->","yoast_head_json":{"title":"Contact us - rcaaq","robots":{"index":"index","follow":"follow","max-snippet":"max-snippet:-1","max-image-preview":"max-image-preview:large","max-video-preview":"max-video-preview:-1"},"canonical":"https:\/\/www.rcaaq.ca\/en\/contact-us\/","og_locale":"en_US","og_type":"article","og_title":"Contact us - rcaaq","og_description":"Join a Friendship Centre","og_url":"https:\/\/www.rcaaq.ca\/en\/contact-us\/","og_site_name":"rcaaq","article_modified_time":"2025-11-20T14:06:32+00:00","og_image":[{"width":1200,"height":675,"url":"https:\/\/www.rcaaq.ca\/wp-content\/uploads\/2025\/09\/Image_OG_1200x675.png","type":"image\/png"}],"twitter_card":"summary_large_image","twitter_misc":{"Est. reading time":"1 minute"},"schema":{"@context":"https:\/\/schema.org","@graph":[{"@type":"WebPage","@id":"https:\/\/www.rcaaq.ca\/en\/contact-us\/","url":"https:\/\/www.rcaaq.ca\/en\/contact-us\/","name":"Contact us - rcaaq","isPartOf":{"@id":"https:\/\/www.rcaaq.ca\/en\/#website"},"datePublished":"2025-08-13T13:26:52+00:00","dateModified":"2025-11-20T14:06:32+00:00","inLanguage":"en-US","potentialAction":[{"@type":"ReadAction","target":["https:\/\/www.rcaaq.ca\/en\/contact-us\/"]}]},{"@type":"WebSite","@id":"https:\/\/www.rcaaq.ca\/en\/#website","url":"https:\/\/www.rcaaq.ca\/en\/","name":"Regroupement des centres d'amiti\u00e9 autochtones du Qu\u00e9bec","description":"","alternateName":"RCAAQ","potentialAction":[{"@type":"SearchAction","target":{"@type":"EntryPoint","urlTemplate":"https:\/\/www.rcaaq.ca\/en\/?s={search_term_string}"},"query-input":{"@type":"PropertyValueSpecification","valueRequired":true,"valueName":"search_term_string"}}],"inLanguage":"en-US"}]}},"_links":{"self":[{"href":"https:\/\/www.rcaaq.ca\/en\/wp-json\/wp\/v2\/pages\/2398","targetHints":{"allow":["GET"]}}],"collection":[{"href":"https:\/\/www.rcaaq.ca\/en\/wp-json\/wp\/v2\/pages"}],"about":[{"href":"https:\/\/www.rcaaq.ca\/en\/wp-json\/wp\/v2\/types\/page"}],"author":[{"embeddable":true,"href":"https:\/\/www.rcaaq.ca\/en\/wp-json\/wp\/v2\/users\/4"}],"replies":[{"embeddable":true,"href":"https:\/\/www.rcaaq.ca\/en\/wp-json\/wp\/v2\/comments?post=2398"}],"version-history":[{"count":15,"href":"https:\/\/www.rcaaq.ca\/en\/wp-json\/wp\/v2\/pages\/2398\/revisions"}],"predecessor-version":[{"id":5022,"href":"https:\/\/www.rcaaq.ca\/en\/wp-json\/wp\/v2\/pages\/2398\/revisions\/5022"}],"wp:attachment":[{"href":"https:\/\/www.rcaaq.ca\/en\/wp-json\/wp\/v2\/media?parent=2398"}],"curies":[{"name":"wp","href":"https:\/\/api.w.org\/{rel}","templated":true}]}}