{"id":2394,"date":"2025-08-04T16:47:19","date_gmt":"2025-08-04T14:47:19","guid":{"rendered":"https:\/\/www.rcaaq.ca\/?page_id=2394"},"modified":"2025-11-13T21:17:59","modified_gmt":"2025-11-13T20:17:59","slug":"the-work-of-the-native-friendship-centres","status":"publish","type":"page","link":"https:\/\/www.rcaaq.ca\/en\/the-work-of-the-native-friendship-centres\/","title":{"rendered":"The work of the Native Friendship Centres"},"content":{"rendered":"\t<div class=\"component-block-spacer\" >\n\t\t<div class=\"block-spacer\"><\/div>\n\t<\/div>\n\n\n<div class=\"item wysiwyg component-heading\"  ><div class=\"container-small\">\n<h3 class=\"wp-block-heading has-text-align-left\">Concrete actions, a shared vision&nbsp;<\/h3>\n<\/div><\/div>\n\n<div class=\"item wysiwyg component-heading\"  ><div class=\"container-small\">\n<h5 class=\"wp-block-heading has-text-align-left\">Each Centre is unique, but they all share a vision: to be strong, supportive and deeply rooted Indigenous living environments.<\/h5>\n<\/div><\/div>\n\n<div class=\"item wysiwyg component-paragraph\"  ><div class=\"container-small\">\n<p class=\"has-text-align-left\">Together, they form a committed, forward-looking Movement in which everyone has a place. Through their concrete actions and their deep roots in cities, Native Friendship Centres bring this vision to life by creating dynamic, inclusive living environments.&nbsp;<\/p>\n<\/div><\/div>\n\n\t<div \n\t\tclass=\"item item--medium component-block-reversible-image-text gradient-background\"\n\t\t\t\tstyle=\"--background-image: url(https:\/\/www.rcaaq.ca\/wp-content\/themes\/ixtheme\/assets\/images\/bg-forest.webp); --background-image-observatory: url(https:\/\/www.rcaaq.ca\/wp-content\/themes\/ixtheme\/assets\/images\/observatory\/bg-forest.webp);\"\n\t>\n\t\t<div class=\"container-small\">\n\t\t\t<div class=\"block-reversible-image-text is-reversed\">\n\t\t\t\t<div class=\"block-reversible-image-text__image\">\n\t\t\t\t\t<img loading=\"lazy\" decoding=\"async\" width=\"1000\" height=\"1294\" src=\"https:\/\/www.rcaaq.ca\/wp-content\/uploads\/2025\/11\/Visuel_sante_autochtone_holistique_centre_amitie_EN-1000x1294.png\" class=\"attachment-mw_1000 size-mw_1000\" alt=\"Illustration de l&#039;approche holistique des Centres d&#039;amiti\u00e9 autochtones avec une tresse de foin d\u2019odeur entourant les concepts de sant\u00e9, mieux-\u00eatre, identit\u00e9 et autod\u00e9termination, ainsi que les langues, pratiques culturelles et traditions autochtones.\" srcset=\"https:\/\/www.rcaaq.ca\/wp-content\/uploads\/2025\/11\/Visuel_sante_autochtone_holistique_centre_amitie_EN-1000x1294.png 1000w, https:\/\/www.rcaaq.ca\/wp-content\/uploads\/2025\/11\/Visuel_sante_autochtone_holistique_centre_amitie_EN-232x300.png 232w, https:\/\/www.rcaaq.ca\/wp-content\/uploads\/2025\/11\/Visuel_sante_autochtone_holistique_centre_amitie_EN-791x1024.png 791w, https:\/\/www.rcaaq.ca\/wp-content\/uploads\/2025\/11\/Visuel_sante_autochtone_holistique_centre_amitie_EN-768x994.png 768w, https:\/\/www.rcaaq.ca\/wp-content\/uploads\/2025\/11\/Visuel_sante_autochtone_holistique_centre_amitie_EN-1187x1536.png 1187w, https:\/\/www.rcaaq.ca\/wp-content\/uploads\/2025\/11\/Visuel_sante_autochtone_holistique_centre_amitie_EN-800x1035.png 800w, https:\/\/www.rcaaq.ca\/wp-content\/uploads\/2025\/11\/Visuel_sante_autochtone_holistique_centre_amitie_EN-173x224.png 173w, https:\/\/www.rcaaq.ca\/wp-content\/uploads\/2025\/11\/Visuel_sante_autochtone_holistique_centre_amitie_EN-223x288.png 223w, https:\/\/www.rcaaq.ca\/wp-content\/uploads\/2025\/11\/Visuel_sante_autochtone_holistique_centre_amitie_EN-532x688.png 532w, https:\/\/www.rcaaq.ca\/wp-content\/uploads\/2025\/11\/Visuel_sante_autochtone_holistique_centre_amitie_EN-297x384.png 297w, https:\/\/www.rcaaq.ca\/wp-content\/uploads\/2025\/11\/Visuel_sante_autochtone_holistique_centre_amitie_EN-608x787.png 608w, https:\/\/www.rcaaq.ca\/wp-content\/uploads\/2025\/11\/Visuel_sante_autochtone_holistique_centre_amitie_EN-471x610.png 471w, https:\/\/www.rcaaq.ca\/wp-content\/uploads\/2025\/11\/Visuel_sante_autochtone_holistique_centre_amitie_EN-242x313.png 242w, https:\/\/www.rcaaq.ca\/wp-content\/uploads\/2025\/11\/Visuel_sante_autochtone_holistique_centre_amitie_EN-240x310.png 240w, https:\/\/www.rcaaq.ca\/wp-content\/uploads\/2025\/11\/Visuel_sante_autochtone_holistique_centre_amitie_EN.png 1275w\" sizes=\"auto, (max-width: 1000px) 100vw, 1000px\" \/>\n\t\t\t\t<\/div>\n\t\t\t\t<div class=\"block-reversible-image-text__content\">\n\t\t\t\t\t<div class=\"wysiwyg\">\n\t\t\t\t\t\t<h5><\/h5>\n<h4>Improving the quality of life of Indigenous people in urban areas<\/h4>\n<p>To meet concrete needs and promote wellness, the Centres offer safe and welcoming spaces rooted in Indigenous lived experience. They offer a broad range of health, justice, early childhood, education, employability and other services. Aligned with our value of inclusion, the Centres apply an open-door policy: regardless of nation or place of residence, any First Nations or Inuit individual seeking support, guidance and solidarity is welcome.<\/p>\n<h4>Valuing cultures, moving toward reconciliation<\/h4>\n<p>The Centres are places where knowledge is passed down and Indigenous cultures are celebrated. They actively build bridges between Peoples and promote reconciliation.<\/p>\n<h4>A representative Indigenous governance<\/h4>\n<p>The Centres are representative, multi-nation Indigenous organizations. This governance model reflects the richness and diversity of urban Indigenous realities. The Centres embody a unique model of Indigenous self-determination in an urban setting. They demonstrate that it is indeed possible to develop culturally reflective services and spaces, provided and led by Indigenous people.<\/p>\n<p>&nbsp;<\/p>\n<p>&nbsp;<\/p>\n\n\t\t\t\t\t<\/div>\n\t\t\t\t\t<div class=\"button-group\">\n\t\t\t\t\t\t\t\t\t\t\t\t\t<a href=\"https:\/\/www.rcaaq.ca\/en\/find-a-native-friendship-centre\/\" class=\"button button--secondary\">Find a Friendship Centre<\/a>\n\t\t\t\t\t\t\t\t\t\t\t<\/div>\n\t\t\t\t<\/div>\n\t\t\t<\/div>\n\t\t<\/div>\n\t<\/div>\n\n\n\t<div class=\"component-block-spacer\" >\n\t\t<div class=\"block-spacer is-reversed\"><\/div>\n\t<\/div>\n\n\n\t<div \n\t\tclass=\"item item--medium component-block-reversible-image-text gradient-background\"\n\t\t\t\tstyle=\"\"\n\t>\n\t\t<div class=\"container-xsmall\">\n\t\t\t<div class=\"block-reversible-image-text \">\n\t\t\t\t<div class=\"block-reversible-image-text__image\">\n\t\t\t\t\t<img loading=\"lazy\" decoding=\"async\" width=\"1000\" height=\"667\" src=\"https:\/\/www.rcaaq.ca\/wp-content\/uploads\/2025\/09\/Adobe-Express-file-1000x667.jpg\" class=\"attachment-mw_1000 size-mw_1000\" alt=\"Coquillage contenant de la sauge et une plume, utilis\u00e9 dans une pratique de purification au sein d\u2019un Centre d\u2019amiti\u00e9.\" srcset=\"https:\/\/www.rcaaq.ca\/wp-content\/uploads\/2025\/09\/Adobe-Express-file-1000x667.jpg 1000w, https:\/\/www.rcaaq.ca\/wp-content\/uploads\/2025\/09\/Adobe-Express-file-300x200.jpg 300w, https:\/\/www.rcaaq.ca\/wp-content\/uploads\/2025\/09\/Adobe-Express-file-1024x683.jpg 1024w, https:\/\/www.rcaaq.ca\/wp-content\/uploads\/2025\/09\/Adobe-Express-file-768x512.jpg 768w, https:\/\/www.rcaaq.ca\/wp-content\/uploads\/2025\/09\/Adobe-Express-file-800x534.jpg 800w, https:\/\/www.rcaaq.ca\/wp-content\/uploads\/2025\/09\/Adobe-Express-file-224x149.jpg 224w, https:\/\/www.rcaaq.ca\/wp-content\/uploads\/2025\/09\/Adobe-Express-file-432x288.jpg 432w, https:\/\/www.rcaaq.ca\/wp-content\/uploads\/2025\/09\/Adobe-Express-file-1031x688.jpg 1031w, https:\/\/www.rcaaq.ca\/wp-content\/uploads\/2025\/09\/Adobe-Express-file-384x256.jpg 384w, https:\/\/www.rcaaq.ca\/wp-content\/uploads\/2025\/09\/Adobe-Express-file-608x406.jpg 608w, https:\/\/www.rcaaq.ca\/wp-content\/uploads\/2025\/09\/Adobe-Express-file-914x610.jpg 914w, https:\/\/www.rcaaq.ca\/wp-content\/uploads\/2025\/09\/Adobe-Express-file-242x161.jpg 242w, https:\/\/www.rcaaq.ca\/wp-content\/uploads\/2025\/09\/Adobe-Express-file-465x310.jpg 465w, https:\/\/www.rcaaq.ca\/wp-content\/uploads\/2025\/09\/Adobe-Express-file.jpg 1199w\" sizes=\"auto, (max-width: 1000px) 100vw, 1000px\" \/>\n\t\t\t\t<\/div>\n\t\t\t\t<div class=\"block-reversible-image-text__content\">\n\t\t\t\t\t<div class=\"wysiwyg\">\n\t\t\t\t\t\t<h4>Eight Indigenous health clinics<\/h4>\n<p>Co-developed in partnership with the Quebec network of health and social services, the Friendship Centres\u2019 Indigenous health clinics provide frontline health and social services in a familiar, safe and culturally relevant setting, with a view to rounding out the services available in the public network.<\/p>\n<p>Indigenous health and wellness services have been expanded and enhanced in recent years.<\/p>\n\n\t\t\t\t\t<\/div>\n\t\t\t\t\t<div class=\"button-group\">\n\t\t\t\t\t\t\t\t\t\t\t<\/div>\n\t\t\t\t<\/div>\n\t\t\t<\/div>\n\t\t<\/div>\n\t<\/div>\n\n\n<div class=\"item wysiwyg component-heading\"  ><div class=\"container-small\">\n<h4 class=\"wp-block-heading\">Find an Indigenous health clinic<\/h4>\n<\/div><\/div>\n\n\t<div class=\"item component-find-health-clinic\" >\n\t\t<div class=\"container container-small\">\n\t\t\t<div class=\"block-find-health-clinic\">\n\t\t\t\t<ul class=\"block-find-health-clinic__list\">\n\t\t\t\t\t\t\t\t\t\t\t<li>\n\t\t\t\t\t\t\t<h2 class=\"block-find-health-clinic__list-title\">Family Health Clinic<br>at Native Montreal<\/h2>\n\t\t\t\t\t\t\t\t\t\t\t\t\t\t\t<a href=\"https:\/\/www.google.com\/maps\/place\/3187+Rue+Saint-Jacques,+Montr%C3%A9al,+QC+H4C+1G7\/@45.4833959,-73.5856452,16z\/data=!3m1!4b1!4m6!3m5!1s0x4cc91a76d4949c77:0x174f35a7c6918924!8m2!3d45.4833922!4d-73.5807743!16s%2Fg%2F11cs920r_t?entry=ttu&#038;g_ep=EgoyMDI1MDkwOS4wIKXMDSoASAFQAw%3D%3D\" class=\"block-find-health-clinic__link button button--tertiary\" target=\"_blank\">\n\t\t\t\t\t\t\t\t\t<svg width=\"24\" height=\"24\">\n\t\t\t\t\t\t\t\t\t\t<use xlink:href=\"#ico-pin-map\"\/>\n\t\t\t\t\t\t\t\t\t<\/svg>\n\t\t\t\t\t\t\t\t\t3187 Saint-Jacques St., Office 101 <br>Montr\u00e9al (Qu\u00e9bec)  H4C 1G7\n\t\t\t\t\t\t\t\t<\/a>\n\t\t\t\t\t\t\t\t\t\t\t\t\t\t<a href=\"tel:+5143316587\" class=\"block-find-health-clinic__link button button--tertiary\">\n\t\t\t\t\t\t\t\t<svg width=\"24\" height=\"24\">\n\t\t\t\t\t\t\t\t\t<use xlink:href=\"#ico-phone\"\/>\n\t\t\t\t\t\t\t\t<\/svg>\n\t\t\t\t\t\t\t\t514 331-6587\n\t\t\t\t\t\t\t<\/a>\n\t\t\t\t\t\t\t\t\t\t\t\t\t<\/li>\n\t\t\t\t\t\t\t\t\t\t\t<li>\n\t\t\t\t\t\t\t<h2 class=\"block-find-health-clinic__list-title\">Indigenous health services <br>at the Val-d\u2019Or Native Friendship Centre<\/h2>\n\t\t\t\t\t\t\t\t\t\t\t\t\t\t\t<a href=\"https:\/\/www.google.com\/maps\/place\/1272+7e+Rue,+Val-d'Or,+QC+J9P+6W6\/data=!4m2!3m1!1s0x4cdf5306f6bc6daf:0x598675c650ff20d1?sa=X&#038;ved=1t:242&#038;ictx=111\" class=\"block-find-health-clinic__link button button--tertiary\" target=\"_blank\">\n\t\t\t\t\t\t\t\t\t<svg width=\"24\" height=\"24\">\n\t\t\t\t\t\t\t\t\t\t<use xlink:href=\"#ico-pin-map\"\/>\n\t\t\t\t\t\t\t\t\t<\/svg>\n\t\t\t\t\t\t\t\t\t1272 7e Rue, <br>Val-d&#8217;Or (Qu\u00e9bec) J9P 6W6\n\t\t\t\t\t\t\t\t<\/a>\n\t\t\t\t\t\t\t\t\t\t\t\t\t\t<a href=\"tel:+8198256857\" class=\"block-find-health-clinic__link button button--tertiary\">\n\t\t\t\t\t\t\t\t<svg width=\"24\" height=\"24\">\n\t\t\t\t\t\t\t\t\t<use xlink:href=\"#ico-phone\"\/>\n\t\t\t\t\t\t\t\t<\/svg>\n\t\t\t\t\t\t\t\t819 825-6857\n\t\t\t\t\t\t\t<\/a>\n\t\t\t\t\t\t\t\t\t\t\t\t\t<\/li>\n\t\t\t\t\t\t\t\t\t\t\t<li>\n\t\t\t\t\t\t\t<h2 class=\"block-find-health-clinic__list-title\">Indigenous health services<br>at the Centre d&#8217;amiti\u00e9 autochtone de Capetciwotakanik &#8211; La Tuque<\/h2>\n\t\t\t\t\t\t\t\t\t\t\t\t\t\t\t<a href=\"https:\/\/www.google.com\/maps\/place\/544+Rue+St+Antoine,+La+Tuque,+QC+G9X+2Y4\/@47.4399209,-72.7885113,17z\/data=!3m1!4b1!4m6!3m5!1s0x4cc15290dffb44dd:0x6934b958e43ae6a6!8m2!3d47.4399174!4d-72.7836404!16s%2Fg%2F11hc_3jkk2?entry=ttu&#038;g_ep=EgoyMDI1MTAxNC4wIKXMDSoASAFQAw%3D%3D\" class=\"block-find-health-clinic__link button button--tertiary\" target=\"_blank\">\n\t\t\t\t\t\t\t\t\t<svg width=\"24\" height=\"24\">\n\t\t\t\t\t\t\t\t\t\t<use xlink:href=\"#ico-pin-map\"\/>\n\t\t\t\t\t\t\t\t\t<\/svg>\n\t\t\t\t\t\t\t\t\t544 Saint-Antoine St., <br> La Tuque (Qu\u00e9bec) G9X 2Y4 \n\t\t\t\t\t\t\t\t<\/a>\n\t\t\t\t\t\t\t\t\t\t\t\t\t\t<a href=\"tel:+8195236121\" class=\"block-find-health-clinic__link button button--tertiary\">\n\t\t\t\t\t\t\t\t<svg width=\"24\" height=\"24\">\n\t\t\t\t\t\t\t\t\t<use xlink:href=\"#ico-phone\"\/>\n\t\t\t\t\t\t\t\t<\/svg>\n\t\t\t\t\t\t\t\t819 523-6121\n\t\t\t\t\t\t\t<\/a>\n\t\t\t\t\t\t\t\t\t\t\t\t\t<\/li>\n\t\t\t\t\t\t\t\t\t\t\t<li>\n\t\t\t\t\t\t\t<h2 class=\"block-find-health-clinic__list-title\">Mirerimowin Clinic <br>at the Centre d&#8217;amiti\u00e9 autochtone de Lanaudi\u00e8re<\/h2>\n\t\t\t\t\t\t\t\t\t\t\t\t\t\t\t<a href=\"https:\/\/www.google.com\/maps\/place\/523+Bd+Sainte-Anne,+Joliette,+QC+J6E+5A3\/@46.0318253,-73.4475625,16z\/data=!3m1!4b1!4m6!3m5!1s0x4cc8bdb18cbdbe93:0xaafd5ced4df00d70!8m2!3d46.0318253!4d-73.4475625!16s%2Fg%2F11c48nhk5y?entry=ttu&#038;g_ep=EgoyMDI1MTAxNC4wIKXMDSoASAFQAw%3D%3D\" class=\"block-find-health-clinic__link button button--tertiary\" target=\"_blank\">\n\t\t\t\t\t\t\t\t\t<svg width=\"24\" height=\"24\">\n\t\t\t\t\t\t\t\t\t\t<use xlink:href=\"#ico-pin-map\"\/>\n\t\t\t\t\t\t\t\t\t<\/svg>\n\t\t\t\t\t\t\t\t\t523 Sainte-Anne Blvd., <br> Joliette (Qu\u00e9bec) J6E 5A3\n\t\t\t\t\t\t\t\t<\/a>\n\t\t\t\t\t\t\t\t\t\t\t\t\t\t<a href=\"tel:+4507603865\" class=\"block-find-health-clinic__link button button--tertiary\">\n\t\t\t\t\t\t\t\t<svg width=\"24\" height=\"24\">\n\t\t\t\t\t\t\t\t\t<use xlink:href=\"#ico-phone\"\/>\n\t\t\t\t\t\t\t\t<\/svg>\n\t\t\t\t\t\t\t\t450-760-3865\n\t\t\t\t\t\t\t<\/a>\n\t\t\t\t\t\t\t\t\t\t\t\t\t\t\t<a href=\"tel:+4504990208\" class=\"block-find-health-clinic__link button button--tertiary\">\n\t\t\t\t\t\t\t\t\t450 499-0208\n\t\t\t\t\t\t\t\t\t<span>(Fax)<\/span>\n\t\t\t\t\t\t\t\t<\/a>\n\t\t\t\t\t\t\t\t\t\t\t\t\t<\/li>\n\t\t\t\t\t\t\t\t\t\t\t<li>\n\t\t\t\t\t\t\t<h2 class=\"block-find-health-clinic__list-title\">Tinaki Wagomig Wellness Centre <br>at the Maniwaki Native Friendship Centre<\/h2>\n\t\t\t\t\t\t\t\t\t\t\t\t\t\t\t<a href=\"https:\/\/www.google.ca\/maps\/place\/Maniwaki+Native+Friendship+Center\/@46.3758661,-75.9789027,16z\/data=!3m1!4b1!4m6!3m5!1s0x4cd06f652282de33:0x698167f9c9b99094!8m2!3d46.3758624!4d-75.9763278!16s%2Fg%2F11g6bw2rj0?hl=fr&#038;entry=ttu&#038;g_ep=EgoyMDI1MTAxNC4wIKXMDSoASAFQAw%3D%3D\" class=\"block-find-health-clinic__link button button--tertiary\" target=\"_blank\">\n\t\t\t\t\t\t\t\t\t<svg width=\"24\" height=\"24\">\n\t\t\t\t\t\t\t\t\t\t<use xlink:href=\"#ico-pin-map\"\/>\n\t\t\t\t\t\t\t\t\t<\/svg>\n\t\t\t\t\t\t\t\t\t153 Laurier St., <br> Maniwaki (Qu\u00e9bec) J9E 2K6\n\t\t\t\t\t\t\t\t<\/a>\n\t\t\t\t\t\t\t\t\t\t\t\t\t\t<a href=\"tel:+8198920892\" class=\"block-find-health-clinic__link button button--tertiary\">\n\t\t\t\t\t\t\t\t<svg width=\"24\" height=\"24\">\n\t\t\t\t\t\t\t\t\t<use xlink:href=\"#ico-phone\"\/>\n\t\t\t\t\t\t\t\t<\/svg>\n\t\t\t\t\t\t\t\t819 892-0892\n\t\t\t\t\t\t\t<\/a>\n\t\t\t\t\t\t\t\t\t\t\t\t\t\t\t<a href=\"tel:+8193061036\" class=\"block-find-health-clinic__link button button--tertiary\">\n\t\t\t\t\t\t\t\t\t819 306-1036\n\t\t\t\t\t\t\t\t\t<span>(Fax)<\/span>\n\t\t\t\t\t\t\t\t<\/a>\n\t\t\t\t\t\t\t\t\t\t\t\t\t<\/li>\n\t\t\t\t\t\t\t\t\t\t\t<li>\n\t\t\t\t\t\t\t<h2 class=\"block-find-health-clinic__list-title\">Uatik&#8217;<sup>u<\/sup> Clinic <br>at the Centre multi-services MAMUK<\/h2>\n\t\t\t\t\t\t\t\t\t\t\t\t\t\t\t<a href=\"https:\/\/www.google.com\/maps\/place\/8155+1re+Av.,+Qu%C3%A9bec,+QC+G1G+4B8\/data=!4m2!3m1!1s0x4cb8bd42246eaaab:0x5ecb8b7116bdc66d?sa=X&#038;ved=1t:242&#038;ictx=111\" class=\"block-find-health-clinic__link button button--tertiary\" target=\"_blank\">\n\t\t\t\t\t\t\t\t\t<svg width=\"24\" height=\"24\">\n\t\t\t\t\t\t\t\t\t\t<use xlink:href=\"#ico-pin-map\"\/>\n\t\t\t\t\t\t\t\t\t<\/svg>\n\t\t\t\t\t\t\t\t\t8155 1re Avenue, <br>Qu\u00e9bec City (Qu\u00e9bec)  G1G 4B8\n\t\t\t\t\t\t\t\t<\/a>\n\t\t\t\t\t\t\t\t\t\t\t\t\t\t<a href=\"tel:+4184768083229\" class=\"block-find-health-clinic__link button button--tertiary\">\n\t\t\t\t\t\t\t\t<svg width=\"24\" height=\"24\">\n\t\t\t\t\t\t\t\t\t<use xlink:href=\"#ico-phone\"\/>\n\t\t\t\t\t\t\t\t<\/svg>\n\t\t\t\t\t\t\t\t418 476-8083 ext. 229\n\t\t\t\t\t\t\t<\/a>\n\t\t\t\t\t\t\t\t\t\t\t\t\t\t\t<a href=\"tel:+5813004445\" class=\"block-find-health-clinic__link button button--tertiary\">\n\t\t\t\t\t\t\t\t\t581 300-4445\n\t\t\t\t\t\t\t\t\t<span>(Fax)<\/span>\n\t\t\t\t\t\t\t\t<\/a>\n\t\t\t\t\t\t\t\t\t\t\t\t\t<\/li>\n\t\t\t\t\t\t\t\t\t\t\t<li>\n\t\t\t\t\t\t\t<h2 class=\"block-find-health-clinic__list-title\">Indigenous health services<br>at the Centre d&#8217;amiti\u00e9 autochtone de <br>Trois-Rivi\u00e8res<\/h2>\n\t\t\t\t\t\t\t\t\t\t\t\t\t\t\t<a href=\"https:\/\/www.google.com\/maps\/place\/3900+Rue+Laurent+L%C3%A9tourneau,+Trois-Rivi%C3%A8res,+QC+G8Y+6G3\/data=!4m2!3m1!1s0x4cc7c8d290db1e35:0x2bf4db162de1b6d2?sa=X&#038;ved=1t:242&#038;ictx=111\" class=\"block-find-health-clinic__link button button--tertiary\" target=\"_blank\">\n\t\t\t\t\t\t\t\t\t<svg width=\"24\" height=\"24\">\n\t\t\t\t\t\t\t\t\t\t<use xlink:href=\"#ico-pin-map\"\/>\n\t\t\t\t\t\t\t\t\t<\/svg>\n\t\t\t\t\t\t\t\t\t3900 Laurent L\u00e9tourneau St.,<br>Trois-Rivi\u00e8res (Qu\u00e9bec) G8Y 6G3\n\t\t\t\t\t\t\t\t<\/a>\n\t\t\t\t\t\t\t\t\t\t\t\t\t\t<a href=\"tel:+8198406155\" class=\"block-find-health-clinic__link button button--tertiary\">\n\t\t\t\t\t\t\t\t<svg width=\"24\" height=\"24\">\n\t\t\t\t\t\t\t\t\t<use xlink:href=\"#ico-phone\"\/>\n\t\t\t\t\t\t\t\t<\/svg>\n\t\t\t\t\t\t\t\t819 840-6155\n\t\t\t\t\t\t\t<\/a>\n\t\t\t\t\t\t\t\t\t\t\t\t\t<\/li>\n\t\t\t\t\t\t\t\t\t\t\t<li>\n\t\t\t\t\t\t\t<h2 class=\"block-find-health-clinic__list-title\">Nitnat Clinic<br>at the Centre d&#8217;amiti\u00e9 autochtone de Qu\u00e9bec<\/h2>\n\t\t\t\t\t\t\t\t\t\t\t\t\t\t\t<a href=\"https:\/\/www.google.com\/maps\/place\/14+Rue+St+Amand,+Qu%C3%A9bec,+QC+G2A+1S6\/@46.8549447,-71.3585999,17z\/data=!4m6!3m5!1s0x4cb8987d99655629:0x514ce054758f9232!8m2!3d46.8546512!4d-71.3590076!16s%2Fg%2F11b8vfgvk9?entry=ttu&#038;g_ep=EgoyMDI1MTAwNC4wIKXMDSoASAFQAw%3D%3D\" class=\"block-find-health-clinic__link button button--tertiary\" target=\"_blank\">\n\t\t\t\t\t\t\t\t\t<svg width=\"24\" height=\"24\">\n\t\t\t\t\t\t\t\t\t\t<use xlink:href=\"#ico-pin-map\"\/>\n\t\t\t\t\t\t\t\t\t<\/svg>\n\t\t\t\t\t\t\t\t\t14 Saint-Amand St., Door 4, 2nd Floor, <br>Qu\u00e9bec City (Qu\u00e9bec)  G2A 2K9\n\t\t\t\t\t\t\t\t<\/a>\n\t\t\t\t\t\t\t\t\t\t\t\t\t\t<a href=\"tel:+4188435818411\" class=\"block-find-health-clinic__link button button--tertiary\">\n\t\t\t\t\t\t\t\t<svg width=\"24\" height=\"24\">\n\t\t\t\t\t\t\t\t\t<use xlink:href=\"#ico-phone\"\/>\n\t\t\t\t\t\t\t\t<\/svg>\n\t\t\t\t\t\t\t\t418 843-5818 ext. 411\n\t\t\t\t\t\t\t<\/a>\n\t\t\t\t\t\t\t\t\t\t\t\t\t<\/li>\n\t\t\t\t\t\t\t\t\t<\/ul>\n\t\t\t<\/div>\n\t\t<\/div>\n\t<\/div>\n","protected":false},"excerpt":{"rendered":"Concrete actions, a shared vision&nbsp; Each Centre is unique, but they all share a vision: to be strong, supportive and deeply rooted Indigenous living environments. Together, they form a committed, forward-looking Movement in which everyone has a place. Through their concrete actions and their deep roots in cities, Native Friendship Centres bring this vision to [&hellip;]","protected":false},"author":1,"featured_media":0,"parent":0,"menu_order":0,"comment_status":"closed","ping_status":"closed","template":"","meta":{"_acf_changed":false,"footnotes":""},"class_list":["post-2394","page","type-page","status-publish","hentry"],"acf":[],"yoast_head":"<!-- This site is optimized with the Yoast SEO plugin v25.6 - https:\/\/yoast.com\/wordpress\/plugins\/seo\/ -->\n<title>The work of the Native Friendship Centres - rcaaq<\/title>\n<meta name=\"robots\" content=\"index, follow, max-snippet:-1, max-image-preview:large, max-video-preview:-1\" \/>\n<link rel=\"canonical\" href=\"https:\/\/www.rcaaq.ca\/en\/the-work-of-the-native-friendship-centres\/\" \/>\n<meta property=\"og:locale\" content=\"en_US\" \/>\n<meta property=\"og:type\" content=\"article\" \/>\n<meta property=\"og:title\" content=\"The work of the Native Friendship Centres - rcaaq\" \/>\n<meta property=\"og:description\" content=\"Concrete actions, a shared vision&nbsp; Each Centre is unique, but they all share a vision: to be strong, supportive and deeply rooted Indigenous living environments. Together, they form a committed, forward-looking Movement in which everyone has a place. Through their concrete actions and their deep roots in cities, Native Friendship Centres bring this vision to [&hellip;]\" \/>\n<meta property=\"og:url\" content=\"https:\/\/www.rcaaq.ca\/en\/the-work-of-the-native-friendship-centres\/\" \/>\n<meta property=\"og:site_name\" content=\"rcaaq\" \/>\n<meta property=\"article:modified_time\" content=\"2025-11-13T20:17:59+00:00\" \/>\n<meta property=\"og:image\" content=\"https:\/\/www.rcaaq.ca\/wp-content\/uploads\/2025\/09\/Image_OG_1200x675.png\" \/>\n\t<meta property=\"og:image:width\" content=\"1200\" \/>\n\t<meta property=\"og:image:height\" content=\"675\" \/>\n\t<meta property=\"og:image:type\" content=\"image\/png\" \/>\n<meta name=\"twitter:card\" content=\"summary_large_image\" \/>\n<meta name=\"twitter:label1\" content=\"Est. reading time\" \/>\n\t<meta name=\"twitter:data1\" content=\"1 minute\" \/>\n<script type=\"application\/ld+json\" class=\"yoast-schema-graph\">{\"@context\":\"https:\/\/schema.org\",\"@graph\":[{\"@type\":\"WebPage\",\"@id\":\"https:\/\/www.rcaaq.ca\/en\/the-work-of-the-native-friendship-centres\/\",\"url\":\"https:\/\/www.rcaaq.ca\/en\/the-work-of-the-native-friendship-centres\/\",\"name\":\"The work of the Native Friendship Centres - rcaaq\",\"isPartOf\":{\"@id\":\"https:\/\/www.rcaaq.ca\/en\/#website\"},\"datePublished\":\"2025-08-04T14:47:19+00:00\",\"dateModified\":\"2025-11-13T20:17:59+00:00\",\"inLanguage\":\"en-US\",\"potentialAction\":[{\"@type\":\"ReadAction\",\"target\":[\"https:\/\/www.rcaaq.ca\/en\/the-work-of-the-native-friendship-centres\/\"]}]},{\"@type\":\"WebSite\",\"@id\":\"https:\/\/www.rcaaq.ca\/en\/#website\",\"url\":\"https:\/\/www.rcaaq.ca\/en\/\",\"name\":\"Regroupement des centres d'amiti\u00e9 autochtones du Qu\u00e9bec\",\"description\":\"\",\"alternateName\":\"RCAAQ\",\"potentialAction\":[{\"@type\":\"SearchAction\",\"target\":{\"@type\":\"EntryPoint\",\"urlTemplate\":\"https:\/\/www.rcaaq.ca\/en\/?s={search_term_string}\"},\"query-input\":{\"@type\":\"PropertyValueSpecification\",\"valueRequired\":true,\"valueName\":\"search_term_string\"}}],\"inLanguage\":\"en-US\"}]}<\/script>\n<!-- \/ Yoast SEO plugin. -->","yoast_head_json":{"title":"The work of the Native Friendship Centres - rcaaq","robots":{"index":"index","follow":"follow","max-snippet":"max-snippet:-1","max-image-preview":"max-image-preview:large","max-video-preview":"max-video-preview:-1"},"canonical":"https:\/\/www.rcaaq.ca\/en\/the-work-of-the-native-friendship-centres\/","og_locale":"en_US","og_type":"article","og_title":"The work of the Native Friendship Centres - rcaaq","og_description":"Concrete actions, a shared vision&nbsp; Each Centre is unique, but they all share a vision: to be strong, supportive and deeply rooted Indigenous living environments. Together, they form a committed, forward-looking Movement in which everyone has a place. Through their concrete actions and their deep roots in cities, Native Friendship Centres bring this vision to [&hellip;]","og_url":"https:\/\/www.rcaaq.ca\/en\/the-work-of-the-native-friendship-centres\/","og_site_name":"rcaaq","article_modified_time":"2025-11-13T20:17:59+00:00","og_image":[{"width":1200,"height":675,"url":"https:\/\/www.rcaaq.ca\/wp-content\/uploads\/2025\/09\/Image_OG_1200x675.png","type":"image\/png"}],"twitter_card":"summary_large_image","twitter_misc":{"Est. reading time":"1 minute"},"schema":{"@context":"https:\/\/schema.org","@graph":[{"@type":"WebPage","@id":"https:\/\/www.rcaaq.ca\/en\/the-work-of-the-native-friendship-centres\/","url":"https:\/\/www.rcaaq.ca\/en\/the-work-of-the-native-friendship-centres\/","name":"The work of the Native Friendship Centres - rcaaq","isPartOf":{"@id":"https:\/\/www.rcaaq.ca\/en\/#website"},"datePublished":"2025-08-04T14:47:19+00:00","dateModified":"2025-11-13T20:17:59+00:00","inLanguage":"en-US","potentialAction":[{"@type":"ReadAction","target":["https:\/\/www.rcaaq.ca\/en\/the-work-of-the-native-friendship-centres\/"]}]},{"@type":"WebSite","@id":"https:\/\/www.rcaaq.ca\/en\/#website","url":"https:\/\/www.rcaaq.ca\/en\/","name":"Regroupement des centres d'amiti\u00e9 autochtones du Qu\u00e9bec","description":"","alternateName":"RCAAQ","potentialAction":[{"@type":"SearchAction","target":{"@type":"EntryPoint","urlTemplate":"https:\/\/www.rcaaq.ca\/en\/?s={search_term_string}"},"query-input":{"@type":"PropertyValueSpecification","valueRequired":true,"valueName":"search_term_string"}}],"inLanguage":"en-US"}]}},"_links":{"self":[{"href":"https:\/\/www.rcaaq.ca\/en\/wp-json\/wp\/v2\/pages\/2394","targetHints":{"allow":["GET"]}}],"collection":[{"href":"https:\/\/www.rcaaq.ca\/en\/wp-json\/wp\/v2\/pages"}],"about":[{"href":"https:\/\/www.rcaaq.ca\/en\/wp-json\/wp\/v2\/types\/page"}],"author":[{"embeddable":true,"href":"https:\/\/www.rcaaq.ca\/en\/wp-json\/wp\/v2\/users\/1"}],"replies":[{"embeddable":true,"href":"https:\/\/www.rcaaq.ca\/en\/wp-json\/wp\/v2\/comments?post=2394"}],"version-history":[{"count":25,"href":"https:\/\/www.rcaaq.ca\/en\/wp-json\/wp\/v2\/pages\/2394\/revisions"}],"predecessor-version":[{"id":4976,"href":"https:\/\/www.rcaaq.ca\/en\/wp-json\/wp\/v2\/pages\/2394\/revisions\/4976"}],"wp:attachment":[{"href":"https:\/\/www.rcaaq.ca\/en\/wp-json\/wp\/v2\/media?parent=2394"}],"curies":[{"name":"wp","href":"https:\/\/api.w.org\/{rel}","templated":true}]}}