{"id":2392,"date":"2025-08-04T16:46:52","date_gmt":"2025-08-04T14:46:52","guid":{"rendered":"https:\/\/www.rcaaq.ca\/?page_id=2392"},"modified":"2025-11-19T19:06:08","modified_gmt":"2025-11-19T18:06:08","slug":"find-a-native-friendship-centre","status":"publish","type":"page","link":"https:\/\/www.rcaaq.ca\/en\/find-a-native-friendship-centre\/","title":{"rendered":"Find a Native Friendship Centre"},"content":{"rendered":"<div class=\"item wysiwyg component-paragraph\"  ><div class=\"container-small\">\n<p><strong>The RCAAQ and the Native Friendship Centres also provide community services within the living environments of the Soci\u00e9t\u00e9 immobili\u00e8re du RCAAQ in Sept-\u00celes and Trois-Rivi\u00e8res.<\/strong><\/p>\n<\/div><\/div>\n\n<div class=\"item wysiwyg component-buttons\"  ><div class=\"container-small\">\n<div class=\"wp-block-buttons is-layout-flex wp-block-buttons-is-layout-flex\">\n<div class=\"wp-block-button is-style-button--secondary\"><a class=\"wp-block-button__link wp-element-button\" href=\"https:\/\/www.rcaaq.ca\/en\/our-community-services\/\">Learn more<\/a><\/div>\n<\/div>\n<\/div><\/div>\n\n<div class=\"item wysiwyg component-paragraph\"  ><div class=\"container-small\">\n<p><\/p>\n<\/div><\/div>","protected":false},"excerpt":{"rendered":"The RCAAQ and the Native Friendship Centres also provide community services within the living environments of the Soci\u00e9t\u00e9 immobili\u00e8re du RCAAQ in Sept-\u00celes and Trois-Rivi\u00e8res.","protected":false},"author":4,"featured_media":0,"parent":0,"menu_order":0,"comment_status":"closed","ping_status":"closed","template":"template-friendship_center.php","meta":{"_acf_changed":false,"footnotes":""},"class_list":["post-2392","page","type-page","status-publish","hentry"],"acf":[],"yoast_head":"<!-- This site is optimized with the Yoast SEO plugin v25.6 - https:\/\/yoast.com\/wordpress\/plugins\/seo\/ -->\n<title>Find a Native Friendship Centre - rcaaq<\/title>\n<meta name=\"robots\" content=\"index, follow, max-snippet:-1, max-image-preview:large, max-video-preview:-1\" \/>\n<link rel=\"canonical\" href=\"https:\/\/www.rcaaq.ca\/en\/find-a-native-friendship-centre\/\" \/>\n<meta property=\"og:locale\" content=\"en_US\" \/>\n<meta property=\"og:type\" content=\"article\" \/>\n<meta property=\"og:title\" content=\"Find a Native Friendship Centre - rcaaq\" \/>\n<meta property=\"og:description\" content=\"The RCAAQ and the Native Friendship Centres also provide community services within the living environments of the Soci\u00e9t\u00e9 immobili\u00e8re du RCAAQ in Sept-\u00celes and Trois-Rivi\u00e8res.\" \/>\n<meta property=\"og:url\" content=\"https:\/\/www.rcaaq.ca\/en\/find-a-native-friendship-centre\/\" \/>\n<meta property=\"og:site_name\" content=\"rcaaq\" \/>\n<meta property=\"article:modified_time\" content=\"2025-11-19T18:06:08+00:00\" \/>\n<meta property=\"og:image\" content=\"https:\/\/www.rcaaq.ca\/wp-content\/uploads\/2025\/09\/Image_OG_1200x675.png\" \/>\n\t<meta property=\"og:image:width\" content=\"1200\" \/>\n\t<meta property=\"og:image:height\" content=\"675\" \/>\n\t<meta property=\"og:image:type\" content=\"image\/png\" \/>\n<meta name=\"twitter:card\" content=\"summary_large_image\" \/>\n<meta name=\"twitter:label1\" content=\"Est. reading time\" \/>\n\t<meta name=\"twitter:data1\" content=\"1 minute\" \/>\n<script type=\"application\/ld+json\" class=\"yoast-schema-graph\">{\"@context\":\"https:\/\/schema.org\",\"@graph\":[{\"@type\":\"WebPage\",\"@id\":\"https:\/\/www.rcaaq.ca\/en\/find-a-native-friendship-centre\/\",\"url\":\"https:\/\/www.rcaaq.ca\/en\/find-a-native-friendship-centre\/\",\"name\":\"Find a Native Friendship Centre - rcaaq\",\"isPartOf\":{\"@id\":\"https:\/\/www.rcaaq.ca\/en\/#website\"},\"datePublished\":\"2025-08-04T14:46:52+00:00\",\"dateModified\":\"2025-11-19T18:06:08+00:00\",\"inLanguage\":\"en-US\",\"potentialAction\":[{\"@type\":\"ReadAction\",\"target\":[\"https:\/\/www.rcaaq.ca\/en\/find-a-native-friendship-centre\/\"]}]},{\"@type\":\"WebSite\",\"@id\":\"https:\/\/www.rcaaq.ca\/en\/#website\",\"url\":\"https:\/\/www.rcaaq.ca\/en\/\",\"name\":\"Regroupement des centres d'amiti\u00e9 autochtones du Qu\u00e9bec\",\"description\":\"\",\"alternateName\":\"RCAAQ\",\"potentialAction\":[{\"@type\":\"SearchAction\",\"target\":{\"@type\":\"EntryPoint\",\"urlTemplate\":\"https:\/\/www.rcaaq.ca\/en\/?s={search_term_string}\"},\"query-input\":{\"@type\":\"PropertyValueSpecification\",\"valueRequired\":true,\"valueName\":\"search_term_string\"}}],\"inLanguage\":\"en-US\"}]}<\/script>\n<!-- \/ Yoast SEO plugin. -->","yoast_head_json":{"title":"Find a Native Friendship Centre - rcaaq","robots":{"index":"index","follow":"follow","max-snippet":"max-snippet:-1","max-image-preview":"max-image-preview:large","max-video-preview":"max-video-preview:-1"},"canonical":"https:\/\/www.rcaaq.ca\/en\/find-a-native-friendship-centre\/","og_locale":"en_US","og_type":"article","og_title":"Find a Native Friendship Centre - rcaaq","og_description":"The RCAAQ and the Native Friendship Centres also provide community services within the living environments of the Soci\u00e9t\u00e9 immobili\u00e8re du RCAAQ in Sept-\u00celes and Trois-Rivi\u00e8res.","og_url":"https:\/\/www.rcaaq.ca\/en\/find-a-native-friendship-centre\/","og_site_name":"rcaaq","article_modified_time":"2025-11-19T18:06:08+00:00","og_image":[{"width":1200,"height":675,"url":"https:\/\/www.rcaaq.ca\/wp-content\/uploads\/2025\/09\/Image_OG_1200x675.png","type":"image\/png"}],"twitter_card":"summary_large_image","twitter_misc":{"Est. reading time":"1 minute"},"schema":{"@context":"https:\/\/schema.org","@graph":[{"@type":"WebPage","@id":"https:\/\/www.rcaaq.ca\/en\/find-a-native-friendship-centre\/","url":"https:\/\/www.rcaaq.ca\/en\/find-a-native-friendship-centre\/","name":"Find a Native Friendship Centre - rcaaq","isPartOf":{"@id":"https:\/\/www.rcaaq.ca\/en\/#website"},"datePublished":"2025-08-04T14:46:52+00:00","dateModified":"2025-11-19T18:06:08+00:00","inLanguage":"en-US","potentialAction":[{"@type":"ReadAction","target":["https:\/\/www.rcaaq.ca\/en\/find-a-native-friendship-centre\/"]}]},{"@type":"WebSite","@id":"https:\/\/www.rcaaq.ca\/en\/#website","url":"https:\/\/www.rcaaq.ca\/en\/","name":"Regroupement des centres d'amiti\u00e9 autochtones du Qu\u00e9bec","description":"","alternateName":"RCAAQ","potentialAction":[{"@type":"SearchAction","target":{"@type":"EntryPoint","urlTemplate":"https:\/\/www.rcaaq.ca\/en\/?s={search_term_string}"},"query-input":{"@type":"PropertyValueSpecification","valueRequired":true,"valueName":"search_term_string"}}],"inLanguage":"en-US"}]}},"_links":{"self":[{"href":"https:\/\/www.rcaaq.ca\/en\/wp-json\/wp\/v2\/pages\/2392","targetHints":{"allow":["GET"]}}],"collection":[{"href":"https:\/\/www.rcaaq.ca\/en\/wp-json\/wp\/v2\/pages"}],"about":[{"href":"https:\/\/www.rcaaq.ca\/en\/wp-json\/wp\/v2\/types\/page"}],"author":[{"embeddable":true,"href":"https:\/\/www.rcaaq.ca\/en\/wp-json\/wp\/v2\/users\/4"}],"replies":[{"embeddable":true,"href":"https:\/\/www.rcaaq.ca\/en\/wp-json\/wp\/v2\/comments?post=2392"}],"version-history":[{"count":12,"href":"https:\/\/www.rcaaq.ca\/en\/wp-json\/wp\/v2\/pages\/2392\/revisions"}],"predecessor-version":[{"id":5015,"href":"https:\/\/www.rcaaq.ca\/en\/wp-json\/wp\/v2\/pages\/2392\/revisions\/5015"}],"wp:attachment":[{"href":"https:\/\/www.rcaaq.ca\/en\/wp-json\/wp\/v2\/media?parent=2392"}],"curies":[{"name":"wp","href":"https:\/\/api.w.org\/{rel}","templated":true}]}}