{"id":2364,"date":"2025-08-13T15:27:25","date_gmt":"2025-08-13T13:27:25","guid":{"rendered":"https:\/\/www.rcaaq.ca\/?page_id=2364"},"modified":"2026-02-16T18:04:28","modified_gmt":"2026-02-16T17:04:28","slug":"careers","status":"publish","type":"page","link":"https:\/\/www.rcaaq.ca\/en\/careers\/","title":{"rendered":"Careers"},"content":{"rendered":"<div class=\"item wysiwyg component-heading\"  ><div class=\"container-small\">\n<h2 class=\"wp-block-heading\">Our job offers<\/h2>\n<\/div><\/div>\n\n<div class=\"item wysiwyg component-paragraph\"  ><div class=\"container-small\">\n<p>No job openings are currently available.<\/p>\n<\/div><\/div>\n\n<div class=\"item wysiwyg component-paragraph\"  ><div class=\"container-small\">\n<p><\/p>\n<\/div><\/div>\n\n\t<div class=\"component-block-spacer\" >\n\t\t<div class=\"block-spacer\"><\/div>\n\t<\/div>\n\n\n<div class=\"item wysiwyg component-paragraph\"  ><div class=\"container-small\">\n<p class=\"has-text-align-center\">If you don\u2019t see an offer that matches your profile, but you\u2019d like to contribute to our mission, send us a <strong>spontaneous<\/strong> <strong>application<\/strong>. <br>We\u2019re open to hearing more about committed, talented people who share our values and vision.<\/p>\n<\/div><\/div>\n\n<div class=\"item wysiwyg component-buttons\"  ><div class=\"container-small\">\n<div class=\"wp-block-buttons is-content-justification-center is-layout-flex wp-container-core-buttons-is-layout-16018d1d wp-block-buttons-is-layout-flex\">\n<div class=\"wp-block-button is-style-button--primary\"><a class=\"wp-block-button__link has-text-align-center wp-element-button\" href=\"mailto:rh@rcaaq.ca\"><strong>Apply<\/strong><\/a><\/div>\n<\/div>\n<\/div><\/div>\n\n\t<div class=\"component-block-spacer\" >\n\t\t<div class=\"block-spacer is-reversed\"><\/div>\n\t<\/div>\n\n\n\t<div \n\t\tclass=\"item item--medium component-block-reversible-image-text gradient-background\"\n\t\t\t\tstyle=\"\"\n\t>\n\t\t<div class=\"container-small\">\n\t\t\t<div class=\"block-reversible-image-text \">\n\t\t\t\t<div class=\"block-reversible-image-text__image\">\n\t\t\t\t\t<img loading=\"lazy\" decoding=\"async\" width=\"1000\" height=\"1406\" src=\"https:\/\/www.rcaaq.ca\/wp-content\/uploads\/2025\/10\/RCAAQ_icones-avantages-sociaux-1000x1406.png\" class=\"attachment-mw_1000 size-mw_1000\" alt=\"Ic\u00f4nes illustrant les avantages sociaux offerts par le RCAAQ.\" srcset=\"https:\/\/www.rcaaq.ca\/wp-content\/uploads\/2025\/10\/RCAAQ_icones-avantages-sociaux-1000x1406.png 1000w, https:\/\/www.rcaaq.ca\/wp-content\/uploads\/2025\/10\/RCAAQ_icones-avantages-sociaux-213x300.png 213w, https:\/\/www.rcaaq.ca\/wp-content\/uploads\/2025\/10\/RCAAQ_icones-avantages-sociaux-728x1024.png 728w, https:\/\/www.rcaaq.ca\/wp-content\/uploads\/2025\/10\/RCAAQ_icones-avantages-sociaux-768x1080.png 768w, https:\/\/www.rcaaq.ca\/wp-content\/uploads\/2025\/10\/RCAAQ_icones-avantages-sociaux-1092x1536.png 1092w, https:\/\/www.rcaaq.ca\/wp-content\/uploads\/2025\/10\/RCAAQ_icones-avantages-sociaux-1456x2048.png 1456w, https:\/\/www.rcaaq.ca\/wp-content\/uploads\/2025\/10\/RCAAQ_icones-avantages-sociaux-1400x1969.png 1400w, https:\/\/www.rcaaq.ca\/wp-content\/uploads\/2025\/10\/RCAAQ_icones-avantages-sociaux-800x1125.png 800w, https:\/\/www.rcaaq.ca\/wp-content\/uploads\/2025\/10\/RCAAQ_icones-avantages-sociaux-159x224.png 159w, https:\/\/www.rcaaq.ca\/wp-content\/uploads\/2025\/10\/RCAAQ_icones-avantages-sociaux-205x288.png 205w, https:\/\/www.rcaaq.ca\/wp-content\/uploads\/2025\/10\/RCAAQ_icones-avantages-sociaux-489x688.png 489w, https:\/\/www.rcaaq.ca\/wp-content\/uploads\/2025\/10\/RCAAQ_icones-avantages-sociaux-273x384.png 273w, https:\/\/www.rcaaq.ca\/wp-content\/uploads\/2025\/10\/RCAAQ_icones-avantages-sociaux-582x818.png 582w, https:\/\/www.rcaaq.ca\/wp-content\/uploads\/2025\/10\/RCAAQ_icones-avantages-sociaux-434x610.png 434w, https:\/\/www.rcaaq.ca\/wp-content\/uploads\/2025\/10\/RCAAQ_icones-avantages-sociaux-242x340.png 242w, https:\/\/www.rcaaq.ca\/wp-content\/uploads\/2025\/10\/RCAAQ_icones-avantages-sociaux-220x310.png 220w, https:\/\/www.rcaaq.ca\/wp-content\/uploads\/2025\/10\/RCAAQ_icones-avantages-sociaux-scaled.png 1820w\" sizes=\"auto, (max-width: 1000px) 100vw, 1000px\" \/>\n\t\t\t\t<\/div>\n\t\t\t\t<div class=\"block-reversible-image-text__content\">\n\t\t\t\t\t<div class=\"wysiwyg\">\n\t\t\t\t\t\t<h3>Our advantages<\/h3>\n<p>We at the RCAAQ believe it\u2019s essential to take care of the people who work on our mission. So, we offer a workplace that values work-life balance, and we provide conditions that promote stability and personal and professional fulfillment.<\/p>\n<p>&nbsp;<\/p>\n<ul>\n<li>A stimulating and enriching work environment<\/li>\n<li>Competitive salaries and benefitst<\/li>\n<li>Flexible work hours<\/li>\n<li>Group insurance<\/li>\n<li>Pension plan<\/li>\n<li>Summer schedule<\/li>\n<\/ul>\n\n\t\t\t\t\t<\/div>\n\t\t\t\t\t<div class=\"button-group\">\n\t\t\t\t\t\t\t\t\t\t\t<\/div>\n\t\t\t\t<\/div>\n\t\t\t<\/div>\n\t\t<\/div>\n\t<\/div>\n\n\n\t<div \n\t\tclass=\"item item--medium component-block-reversible-image-text gradient-background\"\n\t\t\t\tstyle=\"--background-image: url(https:\/\/www.rcaaq.ca\/wp-content\/themes\/ixtheme\/assets\/images\/bg-forest.webp); --background-image-observatory: url(https:\/\/www.rcaaq.ca\/wp-content\/themes\/ixtheme\/assets\/images\/observatory\/bg-forest.webp);\"\n\t>\n\t\t<div class=\"container-xsmall\">\n\t\t\t<div class=\"block-reversible-image-text is-reversed\">\n\t\t\t\t<div class=\"block-reversible-image-text__image\">\n\t\t\t\t\t<img loading=\"lazy\" decoding=\"async\" width=\"1000\" height=\"1001\" src=\"https:\/\/www.rcaaq.ca\/wp-content\/uploads\/2025\/10\/Discussion-collegues-centre-amitie-autochtone-trois-rivieres-1000x1001.jpg\" class=\"attachment-mw_1000 size-mw_1000\" alt=\"Deux personnes assises \u00e0 une table en train de discuter autour de tasses de caf\u00e9 dans un Centre d&#039;amiti\u00e9 autochtone\" srcset=\"https:\/\/www.rcaaq.ca\/wp-content\/uploads\/2025\/10\/Discussion-collegues-centre-amitie-autochtone-trois-rivieres-1000x1001.jpg 1000w, https:\/\/www.rcaaq.ca\/wp-content\/uploads\/2025\/10\/Discussion-collegues-centre-amitie-autochtone-trois-rivieres-300x300.jpg 300w, https:\/\/www.rcaaq.ca\/wp-content\/uploads\/2025\/10\/Discussion-collegues-centre-amitie-autochtone-trois-rivieres-1024x1024.jpg 1024w, https:\/\/www.rcaaq.ca\/wp-content\/uploads\/2025\/10\/Discussion-collegues-centre-amitie-autochtone-trois-rivieres-150x150.jpg 150w, https:\/\/www.rcaaq.ca\/wp-content\/uploads\/2025\/10\/Discussion-collegues-centre-amitie-autochtone-trois-rivieres-768x769.jpg 768w, https:\/\/www.rcaaq.ca\/wp-content\/uploads\/2025\/10\/Discussion-collegues-centre-amitie-autochtone-trois-rivieres-1400x1401.jpg 1400w, https:\/\/www.rcaaq.ca\/wp-content\/uploads\/2025\/10\/Discussion-collegues-centre-amitie-autochtone-trois-rivieres-800x801.jpg 800w, https:\/\/www.rcaaq.ca\/wp-content\/uploads\/2025\/10\/Discussion-collegues-centre-amitie-autochtone-trois-rivieres-224x224.jpg 224w, https:\/\/www.rcaaq.ca\/wp-content\/uploads\/2025\/10\/Discussion-collegues-centre-amitie-autochtone-trois-rivieres-288x288.jpg 288w, https:\/\/www.rcaaq.ca\/wp-content\/uploads\/2025\/10\/Discussion-collegues-centre-amitie-autochtone-trois-rivieres-688x688.jpg 688w, https:\/\/www.rcaaq.ca\/wp-content\/uploads\/2025\/10\/Discussion-collegues-centre-amitie-autochtone-trois-rivieres-384x384.jpg 384w, https:\/\/www.rcaaq.ca\/wp-content\/uploads\/2025\/10\/Discussion-collegues-centre-amitie-autochtone-trois-rivieres-608x608.jpg 608w, https:\/\/www.rcaaq.ca\/wp-content\/uploads\/2025\/10\/Discussion-collegues-centre-amitie-autochtone-trois-rivieres-610x610.jpg 610w, https:\/\/www.rcaaq.ca\/wp-content\/uploads\/2025\/10\/Discussion-collegues-centre-amitie-autochtone-trois-rivieres-242x242.jpg 242w, https:\/\/www.rcaaq.ca\/wp-content\/uploads\/2025\/10\/Discussion-collegues-centre-amitie-autochtone-trois-rivieres-310x310.jpg 310w, https:\/\/www.rcaaq.ca\/wp-content\/uploads\/2025\/10\/Discussion-collegues-centre-amitie-autochtone-trois-rivieres.jpg 1439w\" sizes=\"auto, (max-width: 1000px) 100vw, 1000px\" \/>\n\t\t\t\t<\/div>\n\t\t\t\t<div class=\"block-reversible-image-text__content\">\n\t\t\t\t\t<div class=\"wysiwyg\">\n\t\t\t\t\t\t<h4>Joining the RCAAQ means committing to meaningful change<\/h4>\n<p>Would you like to contribute daily to social change through culturally relevant and much-needed solutions, projects and services for all urban Indigenous people? You\u2019ve come to the right place!<\/p>\n<p>Join a united, committed team, driven by the desire to promote and defend the rights of urban Indigenous people, with compassion, respect and conviction.<\/p>\n\n\t\t\t\t\t<\/div>\n\t\t\t\t\t<div class=\"button-group\">\n\t\t\t\t\t\t\t\t\t\t\t<\/div>\n\t\t\t\t<\/div>\n\t\t\t<\/div>\n\t\t<\/div>\n\t<\/div>\n\n\n<div class=\"item wysiwyg component-paragraph\"  ><div class=\"container-small\">\n<p class=\"has-text-align-center\"><\/p>\n<\/div><\/div>\n\n<div class=\"item wysiwyg component-paragraph\"  ><div class=\"container-small\">\n<p><\/p>\n<\/div><\/div>","protected":false},"excerpt":{"rendered":"Our job offers No job openings are currently available. If you don\u2019t see an offer that matches your profile, but you\u2019d like to contribute to our mission, send us a spontaneous application. We\u2019re open to hearing more about committed, talented people who share our values and vision.","protected":false},"author":4,"featured_media":0,"parent":0,"menu_order":0,"comment_status":"closed","ping_status":"closed","template":"","meta":{"_acf_changed":false,"footnotes":""},"class_list":["post-2364","page","type-page","status-publish","hentry"],"acf":[],"yoast_head":"<!-- This site is optimized with the Yoast SEO plugin v25.6 - https:\/\/yoast.com\/wordpress\/plugins\/seo\/ -->\n<title>Careers - rcaaq<\/title>\n<meta name=\"robots\" content=\"index, follow, max-snippet:-1, max-image-preview:large, max-video-preview:-1\" \/>\n<link rel=\"canonical\" href=\"https:\/\/www.rcaaq.ca\/en\/careers\/\" \/>\n<meta property=\"og:locale\" content=\"en_US\" \/>\n<meta property=\"og:type\" content=\"article\" \/>\n<meta property=\"og:title\" content=\"Careers - rcaaq\" \/>\n<meta property=\"og:description\" content=\"Our job offers No job openings are currently available. If you don\u2019t see an offer that matches your profile, but you\u2019d like to contribute to our mission, send us a spontaneous application. We\u2019re open to hearing more about committed, talented people who share our values and vision.\" \/>\n<meta property=\"og:url\" content=\"https:\/\/www.rcaaq.ca\/en\/careers\/\" \/>\n<meta property=\"og:site_name\" content=\"rcaaq\" \/>\n<meta property=\"article:modified_time\" content=\"2026-02-16T17:04:28+00:00\" \/>\n<meta property=\"og:image\" content=\"https:\/\/www.rcaaq.ca\/wp-content\/uploads\/2025\/09\/Image_OG_1200x675.png\" \/>\n\t<meta property=\"og:image:width\" content=\"1200\" \/>\n\t<meta property=\"og:image:height\" content=\"675\" \/>\n\t<meta property=\"og:image:type\" content=\"image\/png\" \/>\n<meta name=\"twitter:card\" content=\"summary_large_image\" \/>\n<meta name=\"twitter:label1\" content=\"Est. reading time\" \/>\n\t<meta name=\"twitter:data1\" content=\"1 minute\" \/>\n<script type=\"application\/ld+json\" class=\"yoast-schema-graph\">{\"@context\":\"https:\/\/schema.org\",\"@graph\":[{\"@type\":\"WebPage\",\"@id\":\"https:\/\/www.rcaaq.ca\/en\/careers\/\",\"url\":\"https:\/\/www.rcaaq.ca\/en\/careers\/\",\"name\":\"Careers - rcaaq\",\"isPartOf\":{\"@id\":\"https:\/\/www.rcaaq.ca\/en\/#website\"},\"datePublished\":\"2025-08-13T13:27:25+00:00\",\"dateModified\":\"2026-02-16T17:04:28+00:00\",\"inLanguage\":\"en-US\",\"potentialAction\":[{\"@type\":\"ReadAction\",\"target\":[\"https:\/\/www.rcaaq.ca\/en\/careers\/\"]}]},{\"@type\":\"WebSite\",\"@id\":\"https:\/\/www.rcaaq.ca\/en\/#website\",\"url\":\"https:\/\/www.rcaaq.ca\/en\/\",\"name\":\"Regroupement des centres d'amiti\u00e9 autochtones du Qu\u00e9bec\",\"description\":\"\",\"alternateName\":\"RCAAQ\",\"potentialAction\":[{\"@type\":\"SearchAction\",\"target\":{\"@type\":\"EntryPoint\",\"urlTemplate\":\"https:\/\/www.rcaaq.ca\/en\/?s={search_term_string}\"},\"query-input\":{\"@type\":\"PropertyValueSpecification\",\"valueRequired\":true,\"valueName\":\"search_term_string\"}}],\"inLanguage\":\"en-US\"}]}<\/script>\n<!-- \/ Yoast SEO plugin. -->","yoast_head_json":{"title":"Careers - rcaaq","robots":{"index":"index","follow":"follow","max-snippet":"max-snippet:-1","max-image-preview":"max-image-preview:large","max-video-preview":"max-video-preview:-1"},"canonical":"https:\/\/www.rcaaq.ca\/en\/careers\/","og_locale":"en_US","og_type":"article","og_title":"Careers - rcaaq","og_description":"Our job offers No job openings are currently available. If you don\u2019t see an offer that matches your profile, but you\u2019d like to contribute to our mission, send us a spontaneous application. We\u2019re open to hearing more about committed, talented people who share our values and vision.","og_url":"https:\/\/www.rcaaq.ca\/en\/careers\/","og_site_name":"rcaaq","article_modified_time":"2026-02-16T17:04:28+00:00","og_image":[{"width":1200,"height":675,"url":"https:\/\/www.rcaaq.ca\/wp-content\/uploads\/2025\/09\/Image_OG_1200x675.png","type":"image\/png"}],"twitter_card":"summary_large_image","twitter_misc":{"Est. reading time":"1 minute"},"schema":{"@context":"https:\/\/schema.org","@graph":[{"@type":"WebPage","@id":"https:\/\/www.rcaaq.ca\/en\/careers\/","url":"https:\/\/www.rcaaq.ca\/en\/careers\/","name":"Careers - rcaaq","isPartOf":{"@id":"https:\/\/www.rcaaq.ca\/en\/#website"},"datePublished":"2025-08-13T13:27:25+00:00","dateModified":"2026-02-16T17:04:28+00:00","inLanguage":"en-US","potentialAction":[{"@type":"ReadAction","target":["https:\/\/www.rcaaq.ca\/en\/careers\/"]}]},{"@type":"WebSite","@id":"https:\/\/www.rcaaq.ca\/en\/#website","url":"https:\/\/www.rcaaq.ca\/en\/","name":"Regroupement des centres d'amiti\u00e9 autochtones du Qu\u00e9bec","description":"","alternateName":"RCAAQ","potentialAction":[{"@type":"SearchAction","target":{"@type":"EntryPoint","urlTemplate":"https:\/\/www.rcaaq.ca\/en\/?s={search_term_string}"},"query-input":{"@type":"PropertyValueSpecification","valueRequired":true,"valueName":"search_term_string"}}],"inLanguage":"en-US"}]}},"_links":{"self":[{"href":"https:\/\/www.rcaaq.ca\/en\/wp-json\/wp\/v2\/pages\/2364","targetHints":{"allow":["GET"]}}],"collection":[{"href":"https:\/\/www.rcaaq.ca\/en\/wp-json\/wp\/v2\/pages"}],"about":[{"href":"https:\/\/www.rcaaq.ca\/en\/wp-json\/wp\/v2\/types\/page"}],"author":[{"embeddable":true,"href":"https:\/\/www.rcaaq.ca\/en\/wp-json\/wp\/v2\/users\/4"}],"replies":[{"embeddable":true,"href":"https:\/\/www.rcaaq.ca\/en\/wp-json\/wp\/v2\/comments?post=2364"}],"version-history":[{"count":53,"href":"https:\/\/www.rcaaq.ca\/en\/wp-json\/wp\/v2\/pages\/2364\/revisions"}],"predecessor-version":[{"id":5445,"href":"https:\/\/www.rcaaq.ca\/en\/wp-json\/wp\/v2\/pages\/2364\/revisions\/5445"}],"wp:attachment":[{"href":"https:\/\/www.rcaaq.ca\/en\/wp-json\/wp\/v2\/media?parent=2364"}],"curies":[{"name":"wp","href":"https:\/\/api.w.org\/{rel}","templated":true}]}}