{"id":1947,"date":"2025-09-16T19:39:10","date_gmt":"2025-09-16T17:39:10","guid":{"rendered":"https:\/\/www.rcaaq.ca\/?page_id=1947"},"modified":"2025-10-30T14:25:41","modified_gmt":"2025-10-30T13:25:41","slug":"indigenous-realities","status":"publish","type":"page","link":"https:\/\/www.rcaaq.ca\/en\/indigenous-realities\/","title":{"rendered":"Indigenous realities"},"content":{"rendered":"\t<div class=\"component-block-spacer\" >\n\t\t<div class=\"block-spacer\"><\/div>\n\t<\/div>\n\n\n\t<div \n\t\tclass=\"item item--medium component-block-reversible-image-text gradient-background\"\n\t\t\t\tstyle=\"--background-image: url(https:\/\/www.rcaaq.ca\/wp-content\/themes\/ixtheme\/assets\/images\/bg-conifer.webp); --background-image-observatory: url(https:\/\/www.rcaaq.ca\/wp-content\/themes\/ixtheme\/assets\/images\/observatory\/bg-conifer.webp);\"\n\t>\n\t\t<div class=\"container-small\">\n\t\t\t<div class=\"block-reversible-image-text \">\n\t\t\t\t<div class=\"block-reversible-image-text__image\">\n\t\t\t\t\t<img loading=\"lazy\" decoding=\"async\" width=\"1000\" height=\"667\" src=\"https:\/\/www.rcaaq.ca\/wp-content\/uploads\/2025\/09\/Chemin-affiche-langue-autochtone-territoire-1000x667.jpg\" class=\"attachment-mw_1000 size-mw_1000\" alt=\"Panneau en bois indiquant le \u00ab Chemin Kitikan \u00bb avec une structure color\u00e9e en arri\u00e8re-plan, dans un environnement naturel.\" srcset=\"https:\/\/www.rcaaq.ca\/wp-content\/uploads\/2025\/09\/Chemin-affiche-langue-autochtone-territoire-1000x667.jpg 1000w, https:\/\/www.rcaaq.ca\/wp-content\/uploads\/2025\/09\/Chemin-affiche-langue-autochtone-territoire-300x200.jpg 300w, https:\/\/www.rcaaq.ca\/wp-content\/uploads\/2025\/09\/Chemin-affiche-langue-autochtone-territoire-1024x683.jpg 1024w, https:\/\/www.rcaaq.ca\/wp-content\/uploads\/2025\/09\/Chemin-affiche-langue-autochtone-territoire-768x512.jpg 768w, https:\/\/www.rcaaq.ca\/wp-content\/uploads\/2025\/09\/Chemin-affiche-langue-autochtone-territoire-1536x1024.jpg 1536w, https:\/\/www.rcaaq.ca\/wp-content\/uploads\/2025\/09\/Chemin-affiche-langue-autochtone-territoire-2048x1366.jpg 2048w, https:\/\/www.rcaaq.ca\/wp-content\/uploads\/2025\/09\/Chemin-affiche-langue-autochtone-territoire-1400x934.jpg 1400w, https:\/\/www.rcaaq.ca\/wp-content\/uploads\/2025\/09\/Chemin-affiche-langue-autochtone-territoire-800x534.jpg 800w, https:\/\/www.rcaaq.ca\/wp-content\/uploads\/2025\/09\/Chemin-affiche-langue-autochtone-territoire-224x149.jpg 224w, https:\/\/www.rcaaq.ca\/wp-content\/uploads\/2025\/09\/Chemin-affiche-langue-autochtone-territoire-432x288.jpg 432w, https:\/\/www.rcaaq.ca\/wp-content\/uploads\/2025\/09\/Chemin-affiche-langue-autochtone-territoire-1032x688.jpg 1032w, https:\/\/www.rcaaq.ca\/wp-content\/uploads\/2025\/09\/Chemin-affiche-langue-autochtone-territoire-384x256.jpg 384w, https:\/\/www.rcaaq.ca\/wp-content\/uploads\/2025\/09\/Chemin-affiche-langue-autochtone-territoire-608x405.jpg 608w, https:\/\/www.rcaaq.ca\/wp-content\/uploads\/2025\/09\/Chemin-affiche-langue-autochtone-territoire-915x610.jpg 915w, https:\/\/www.rcaaq.ca\/wp-content\/uploads\/2025\/09\/Chemin-affiche-langue-autochtone-territoire-242x161.jpg 242w, https:\/\/www.rcaaq.ca\/wp-content\/uploads\/2025\/09\/Chemin-affiche-langue-autochtone-territoire-465x310.jpg 465w\" sizes=\"auto, (max-width: 1000px) 100vw, 1000px\" \/>\n\t\t\t\t<\/div>\n\t\t\t\t<div class=\"block-reversible-image-text__content\">\n\t\t\t\t\t<div class=\"wysiwyg\">\n\t\t\t\t\t\t<h3>Realities and trajectories<\/h3>\n<p>The phenomenon of Indigenous mobility toward urban areas is constantly growing and is a reflection of:<\/p>\n<ul>\n<li>contemporary Indigenous lifestyles,<\/li>\n<li>individual life trajectories, and<\/li>\n<li>family backgrounds.<\/li>\n<\/ul>\n<p>It bears witness to a profound social, cultural and identity-related shift that is redefining the links between Indigenous communities and urban environments.<\/p>\n<p>&nbsp;<\/p>\n\n\t\t\t\t\t<\/div>\n\t\t\t\t\t<div class=\"button-group\">\n\t\t\t\t\t\t\t\t\t\t\t<\/div>\n\t\t\t\t<\/div>\n\t\t\t<\/div>\n\t\t<\/div>\n\t<\/div>\n\n\n\t<div \n\t\tclass=\"item item--medium component-block-reversible-image-text gradient-background\"\n\t\t\t\tstyle=\"--background-image: url(https:\/\/www.rcaaq.ca\/wp-content\/themes\/ixtheme\/assets\/images\/bg-forest.webp); --background-image-observatory: url(https:\/\/www.rcaaq.ca\/wp-content\/themes\/ixtheme\/assets\/images\/observatory\/bg-forest.webp);\"\n\t>\n\t\t<div class=\"container-small\">\n\t\t\t<div class=\"block-reversible-image-text is-reversed\">\n\t\t\t\t<div class=\"block-reversible-image-text__image\">\n\t\t\t\t\t<img loading=\"lazy\" decoding=\"async\" width=\"1000\" height=\"667\" src=\"https:\/\/www.rcaaq.ca\/wp-content\/uploads\/2025\/10\/Jeune-mere-autochtone-enfant-pow-wow-1000x667.jpg\" class=\"attachment-mw_1000 size-mw_1000\" alt=\"M\u00e8re autochtone tenant son enfant lors d\u2019un pow wow en plein air, avec des participants et des c\u00e9r\u00e9monies traditionnelles en arri\u00e8re-plan.\" srcset=\"https:\/\/www.rcaaq.ca\/wp-content\/uploads\/2025\/10\/Jeune-mere-autochtone-enfant-pow-wow-1000x667.jpg 1000w, https:\/\/www.rcaaq.ca\/wp-content\/uploads\/2025\/10\/Jeune-mere-autochtone-enfant-pow-wow-300x200.jpg 300w, https:\/\/www.rcaaq.ca\/wp-content\/uploads\/2025\/10\/Jeune-mere-autochtone-enfant-pow-wow-1024x683.jpg 1024w, https:\/\/www.rcaaq.ca\/wp-content\/uploads\/2025\/10\/Jeune-mere-autochtone-enfant-pow-wow-768x512.jpg 768w, https:\/\/www.rcaaq.ca\/wp-content\/uploads\/2025\/10\/Jeune-mere-autochtone-enfant-pow-wow-1536x1025.jpg 1536w, https:\/\/www.rcaaq.ca\/wp-content\/uploads\/2025\/10\/Jeune-mere-autochtone-enfant-pow-wow-2048x1366.jpg 2048w, https:\/\/www.rcaaq.ca\/wp-content\/uploads\/2025\/10\/Jeune-mere-autochtone-enfant-pow-wow-1400x934.jpg 1400w, https:\/\/www.rcaaq.ca\/wp-content\/uploads\/2025\/10\/Jeune-mere-autochtone-enfant-pow-wow-800x534.jpg 800w, https:\/\/www.rcaaq.ca\/wp-content\/uploads\/2025\/10\/Jeune-mere-autochtone-enfant-pow-wow-224x149.jpg 224w, https:\/\/www.rcaaq.ca\/wp-content\/uploads\/2025\/10\/Jeune-mere-autochtone-enfant-pow-wow-432x288.jpg 432w, https:\/\/www.rcaaq.ca\/wp-content\/uploads\/2025\/10\/Jeune-mere-autochtone-enfant-pow-wow-1031x688.jpg 1031w, https:\/\/www.rcaaq.ca\/wp-content\/uploads\/2025\/10\/Jeune-mere-autochtone-enfant-pow-wow-384x256.jpg 384w, https:\/\/www.rcaaq.ca\/wp-content\/uploads\/2025\/10\/Jeune-mere-autochtone-enfant-pow-wow-608x406.jpg 608w, https:\/\/www.rcaaq.ca\/wp-content\/uploads\/2025\/10\/Jeune-mere-autochtone-enfant-pow-wow-915x610.jpg 915w, https:\/\/www.rcaaq.ca\/wp-content\/uploads\/2025\/10\/Jeune-mere-autochtone-enfant-pow-wow-242x161.jpg 242w, https:\/\/www.rcaaq.ca\/wp-content\/uploads\/2025\/10\/Jeune-mere-autochtone-enfant-pow-wow-465x310.jpg 465w\" sizes=\"auto, (max-width: 1000px) 100vw, 1000px\" \/>\n\t\t\t\t<\/div>\n\t\t\t\t<div class=\"block-reversible-image-text__content\">\n\t\t\t\t\t<div class=\"wysiwyg\">\n\t\t\t\t\t\t<h4>Frequent movement for better living conditions<\/h4>\n<p>First Nations and Inuit are often on the move:<\/p>\n<ul>\n<li>Between their community and the city<\/li>\n<li>From one city to another<\/li>\n<li>Within the same city<\/li>\n<\/ul>\n<p>The main reason for such movement is that people are searching for a better quality of life, including better access to education, employment, housing and public services.<\/p>\n<h4>A growing Indigenous presence<\/h4>\n<p>For many years, the number of Indigenous people living in Quebec\u2019s urban areas has been steadily increasing. This growing presence reflects an evolving reality, with increasingly diverse motivations and life paths leading people to live in urban areas.<\/p>\n\n\t\t\t\t\t<\/div>\n\t\t\t\t\t<div class=\"button-group\">\n\t\t\t\t\t\t\t\t\t\t\t<\/div>\n\t\t\t\t<\/div>\n\t\t\t<\/div>\n\t\t<\/div>\n\t<\/div>\n\n\n\t<div \n\t\tclass=\"item item--medium component-block-reversible-image-text gradient-background\"\n\t\t\t\tstyle=\"--background-image: url(https:\/\/www.rcaaq.ca\/wp-content\/themes\/ixtheme\/assets\/images\/bg-forest.webp); --background-image-observatory: url(https:\/\/www.rcaaq.ca\/wp-content\/themes\/ixtheme\/assets\/images\/observatory\/bg-forest.webp);\"\n\t>\n\t\t<div class=\"container-small\">\n\t\t\t<div class=\"block-reversible-image-text \">\n\t\t\t\t<div class=\"block-reversible-image-text__image\">\n\t\t\t\t\t<img loading=\"lazy\" decoding=\"async\" width=\"534\" height=\"644\" src=\"https:\/\/www.rcaaq.ca\/wp-content\/uploads\/2025\/10\/chemin-pieton-milieu-urbain.jpg\" class=\"attachment-mw_1000 size-mw_1000\" alt=\"\" srcset=\"https:\/\/www.rcaaq.ca\/wp-content\/uploads\/2025\/10\/chemin-pieton-milieu-urbain.jpg 534w, https:\/\/www.rcaaq.ca\/wp-content\/uploads\/2025\/10\/chemin-pieton-milieu-urbain-249x300.jpg 249w, https:\/\/www.rcaaq.ca\/wp-content\/uploads\/2025\/10\/chemin-pieton-milieu-urbain-186x224.jpg 186w, https:\/\/www.rcaaq.ca\/wp-content\/uploads\/2025\/10\/chemin-pieton-milieu-urbain-239x288.jpg 239w, https:\/\/www.rcaaq.ca\/wp-content\/uploads\/2025\/10\/chemin-pieton-milieu-urbain-318x384.jpg 318w, https:\/\/www.rcaaq.ca\/wp-content\/uploads\/2025\/10\/chemin-pieton-milieu-urbain-506x610.jpg 506w, https:\/\/www.rcaaq.ca\/wp-content\/uploads\/2025\/10\/chemin-pieton-milieu-urbain-242x292.jpg 242w, https:\/\/www.rcaaq.ca\/wp-content\/uploads\/2025\/10\/chemin-pieton-milieu-urbain-257x310.jpg 257w\" sizes=\"auto, (max-width: 534px) 100vw, 534px\" \/>\n\t\t\t\t<\/div>\n\t\t\t\t<div class=\"block-reversible-image-text__content\">\n\t\t\t\t\t<div class=\"wysiwyg\">\n\t\t\t\t\t\t<h5 class=\"wp-block-heading\"><!-- wp:heading {\"textAlign\":\"center\",\"level\":4} --><\/h5>\n<h4>A new generation born in the city<\/h4>\n<p>The urban Indigenous population is not only growing because people are leaving their communities. More and more, Indigenous people are born and grow up in the city, a sign that they are putting down lasting roots and building a strong identity in urban areas.<\/p>\n<h4>Omnipresent challenges<\/h4>\n<p>Despite their significant presence in urban areas, Indigenous people still face many obstacles. They face racism and discrimination, they encounter cultural or language barriers in accessing services, and they may experience social isolation or estrangement from their culture.<\/p>\n<p>The movement of First Nations members and Inuit greatly impacts the need for services in cities. Native Friendship Centres transform the dynamics and thinking around mobility for Indigenous individuals and families. These Centres serve as points of convergence for them.<\/p>\n\n\t\t\t\t\t<\/div>\n\t\t\t\t\t<div class=\"button-group\">\n\t\t\t\t\t\t\t\t\t\t\t<\/div>\n\t\t\t\t<\/div>\n\t\t\t<\/div>\n\t\t<\/div>\n\t<\/div>\n","protected":false},"excerpt":{"rendered":"","protected":false},"author":4,"featured_media":0,"parent":0,"menu_order":0,"comment_status":"closed","ping_status":"closed","template":"","meta":{"_acf_changed":false,"footnotes":""},"class_list":["post-1947","page","type-page","status-publish","hentry"],"acf":[],"yoast_head":"<!-- This site is optimized with the Yoast SEO plugin v25.6 - https:\/\/yoast.com\/wordpress\/plugins\/seo\/ -->\n<title>Indigenous realities - rcaaq<\/title>\n<meta name=\"robots\" content=\"index, follow, max-snippet:-1, max-image-preview:large, max-video-preview:-1\" \/>\n<link rel=\"canonical\" href=\"https:\/\/www.rcaaq.ca\/en\/indigenous-realities\/\" \/>\n<meta property=\"og:locale\" content=\"en_US\" \/>\n<meta property=\"og:type\" content=\"article\" \/>\n<meta property=\"og:title\" content=\"Indigenous realities - rcaaq\" \/>\n<meta property=\"og:url\" content=\"https:\/\/www.rcaaq.ca\/en\/indigenous-realities\/\" \/>\n<meta property=\"og:site_name\" content=\"rcaaq\" \/>\n<meta property=\"article:modified_time\" content=\"2025-10-30T13:25:41+00:00\" \/>\n<meta property=\"og:image\" content=\"https:\/\/www.rcaaq.ca\/wp-content\/uploads\/2025\/09\/Image_OG_1200x675.png\" \/>\n\t<meta property=\"og:image:width\" content=\"1200\" \/>\n\t<meta property=\"og:image:height\" content=\"675\" \/>\n\t<meta property=\"og:image:type\" content=\"image\/png\" \/>\n<meta name=\"twitter:card\" content=\"summary_large_image\" \/>\n<script type=\"application\/ld+json\" class=\"yoast-schema-graph\">{\"@context\":\"https:\/\/schema.org\",\"@graph\":[{\"@type\":\"WebPage\",\"@id\":\"https:\/\/www.rcaaq.ca\/en\/indigenous-realities\/\",\"url\":\"https:\/\/www.rcaaq.ca\/en\/indigenous-realities\/\",\"name\":\"Indigenous realities - rcaaq\",\"isPartOf\":{\"@id\":\"https:\/\/www.rcaaq.ca\/en\/#website\"},\"datePublished\":\"2025-09-16T17:39:10+00:00\",\"dateModified\":\"2025-10-30T13:25:41+00:00\",\"inLanguage\":\"en-US\",\"potentialAction\":[{\"@type\":\"ReadAction\",\"target\":[\"https:\/\/www.rcaaq.ca\/en\/indigenous-realities\/\"]}]},{\"@type\":\"WebSite\",\"@id\":\"https:\/\/www.rcaaq.ca\/en\/#website\",\"url\":\"https:\/\/www.rcaaq.ca\/en\/\",\"name\":\"Regroupement des centres d'amiti\u00e9 autochtones du Qu\u00e9bec\",\"description\":\"\",\"alternateName\":\"RCAAQ\",\"potentialAction\":[{\"@type\":\"SearchAction\",\"target\":{\"@type\":\"EntryPoint\",\"urlTemplate\":\"https:\/\/www.rcaaq.ca\/en\/?s={search_term_string}\"},\"query-input\":{\"@type\":\"PropertyValueSpecification\",\"valueRequired\":true,\"valueName\":\"search_term_string\"}}],\"inLanguage\":\"en-US\"}]}<\/script>\n<!-- \/ Yoast SEO plugin. -->","yoast_head_json":{"title":"Indigenous realities - rcaaq","robots":{"index":"index","follow":"follow","max-snippet":"max-snippet:-1","max-image-preview":"max-image-preview:large","max-video-preview":"max-video-preview:-1"},"canonical":"https:\/\/www.rcaaq.ca\/en\/indigenous-realities\/","og_locale":"en_US","og_type":"article","og_title":"Indigenous realities - rcaaq","og_url":"https:\/\/www.rcaaq.ca\/en\/indigenous-realities\/","og_site_name":"rcaaq","article_modified_time":"2025-10-30T13:25:41+00:00","og_image":[{"width":1200,"height":675,"url":"https:\/\/www.rcaaq.ca\/wp-content\/uploads\/2025\/09\/Image_OG_1200x675.png","type":"image\/png"}],"twitter_card":"summary_large_image","schema":{"@context":"https:\/\/schema.org","@graph":[{"@type":"WebPage","@id":"https:\/\/www.rcaaq.ca\/en\/indigenous-realities\/","url":"https:\/\/www.rcaaq.ca\/en\/indigenous-realities\/","name":"Indigenous realities - rcaaq","isPartOf":{"@id":"https:\/\/www.rcaaq.ca\/en\/#website"},"datePublished":"2025-09-16T17:39:10+00:00","dateModified":"2025-10-30T13:25:41+00:00","inLanguage":"en-US","potentialAction":[{"@type":"ReadAction","target":["https:\/\/www.rcaaq.ca\/en\/indigenous-realities\/"]}]},{"@type":"WebSite","@id":"https:\/\/www.rcaaq.ca\/en\/#website","url":"https:\/\/www.rcaaq.ca\/en\/","name":"Regroupement des centres d'amiti\u00e9 autochtones du Qu\u00e9bec","description":"","alternateName":"RCAAQ","potentialAction":[{"@type":"SearchAction","target":{"@type":"EntryPoint","urlTemplate":"https:\/\/www.rcaaq.ca\/en\/?s={search_term_string}"},"query-input":{"@type":"PropertyValueSpecification","valueRequired":true,"valueName":"search_term_string"}}],"inLanguage":"en-US"}]}},"_links":{"self":[{"href":"https:\/\/www.rcaaq.ca\/en\/wp-json\/wp\/v2\/pages\/1947","targetHints":{"allow":["GET"]}}],"collection":[{"href":"https:\/\/www.rcaaq.ca\/en\/wp-json\/wp\/v2\/pages"}],"about":[{"href":"https:\/\/www.rcaaq.ca\/en\/wp-json\/wp\/v2\/types\/page"}],"author":[{"embeddable":true,"href":"https:\/\/www.rcaaq.ca\/en\/wp-json\/wp\/v2\/users\/4"}],"replies":[{"embeddable":true,"href":"https:\/\/www.rcaaq.ca\/en\/wp-json\/wp\/v2\/comments?post=1947"}],"version-history":[{"count":25,"href":"https:\/\/www.rcaaq.ca\/en\/wp-json\/wp\/v2\/pages\/1947\/revisions"}],"predecessor-version":[{"id":4388,"href":"https:\/\/www.rcaaq.ca\/en\/wp-json\/wp\/v2\/pages\/1947\/revisions\/4388"}],"wp:attachment":[{"href":"https:\/\/www.rcaaq.ca\/en\/wp-json\/wp\/v2\/media?parent=1947"}],"curies":[{"name":"wp","href":"https:\/\/api.w.org\/{rel}","templated":true}]}}